{"id":507,"date":"2025-07-17T03:53:27","date_gmt":"2025-07-17T01:53:27","guid":{"rendered":"https:\/\/milanova-milanova.com\/?post_type=product&#038;p=507"},"modified":"2026-03-12T14:23:25","modified_gmt":"2026-03-12T13:23:25","slug":"wool-cotton-skirt-oyster-mushroom","status":"publish","type":"product","link":"https:\/\/milanova-milanova.com\/en\/product\/wool-cotton-skirt-oyster-mushroom\/","title":{"rendered":"Wool &amp; Cotton Skirt 'Aura'"},"content":{"rendered":"<p>Wool &amp; Cotton Skirt 'Aura'<\/p>\n<p>The skirt is crafted in our atelier in Poblenou, Barcelona, from a high-quality fabric composed of wool and cotton, in Oyster Mushroom color. It is ideal for spring and autumn days. Choose your size from the menu below to add it to the cart.<\/p>\n<p>Explore more in our collection with the <a class=\"decorated-link\" href=\"https:\/\/milanova-milanova.com\/en\/product\/pantalones-anchos-charlie-en-beige\/?utm_source=chatgpt.com\" target=\"_new\" rel=\"noopener\" data-start=\"78\" data-end=\"190\">Wide-leg \u201cCharlie\u201d trousers in beige<\/a>.<\/p>","protected":false},"excerpt":{"rendered":"<p>Wool &amp; Cotton Skirt 'Aura'<\/p>\n<p>The skirt is crafted in our atelier in Poblenou, Barcelona, from a high-quality fabric composed of wool and cotton, in Oyster Mushroom color. It is ideal for spring and autumn days. Choose your size from the menu below to add it to the cart.<\/p>\n<p>&nbsp;<\/p>","protected":false},"featured_media":513,"comment_status":"open","ping_status":"closed","template":"","meta":[],"product_brand":[],"product_cat":[34],"product_tag":[],"class_list":{"0":"post-507","1":"product","2":"type-product","3":"status-publish","4":"has-post-thumbnail","6":"product_cat-faldas","8":"first","9":"instock","10":"shipping-taxable","11":"purchasable","12":"product-type-variable"},"yoast_head":"<!-- This site is optimized with the Yoast SEO plugin v27.0 - https:\/\/yoast.com\/product\/yoast-seo-wordpress\/ -->\n<title>Falda de Lana y Algod\u00f3n &#039;Aura&#039; - Mil\u00e1nova &amp; Mil\u00e1nova<\/title>\n<meta name=\"description\" content=\"Falda \u2018Aura\u2019 de lana y algod\u00f3n en color Champi\u00f1\u00f3n Ostra. Confeccionada en Barcelona, ideal para primavera y oto\u00f1o con estilo atemporal.\" \/>\n<meta name=\"robots\" content=\"index, follow, max-snippet:-1, max-image-preview:large, max-video-preview:-1\" \/>\n<link rel=\"canonical\" href=\"https:\/\/milanova-milanova.com\/en\/product\/wool-cotton-skirt-oyster-mushroom\/\" \/>\n<meta property=\"og:locale\" content=\"en_US\" \/>\n<meta property=\"og:type\" content=\"article\" \/>\n<meta property=\"og:title\" content=\"Falda de Lana y Algod\u00f3n &#039;Aura&#039; - Mil\u00e1nova &amp; Mil\u00e1nova\" \/>\n<meta property=\"og:description\" content=\"Falda \u2018Aura\u2019 de lana y algod\u00f3n en color Champi\u00f1\u00f3n Ostra. Confeccionada en Barcelona, ideal para primavera y oto\u00f1o con estilo atemporal.\" \/>\n<meta property=\"og:url\" content=\"https:\/\/milanova-milanova.com\/en\/product\/wool-cotton-skirt-oyster-mushroom\/\" \/>\n<meta property=\"og:site_name\" content=\"Mil\u00e1nova &amp; Mil\u00e1nova\" \/>\n<meta property=\"article:modified_time\" content=\"2026-03-12T13:23:25+00:00\" \/>\n<meta property=\"og:image\" content=\"https:\/\/milanova-milanova.com\/wp-content\/uploads\/2025\/07\/DSC_0174.webp\" \/>\n\t<meta property=\"og:image:width\" content=\"768\" \/>\n\t<meta property=\"og:image:height\" content=\"908\" \/>\n\t<meta property=\"og:image:type\" content=\"image\/webp\" \/>\n<meta name=\"twitter:card\" content=\"summary_large_image\" \/>\n<meta name=\"twitter:label1\" content=\"Est. reading time\" \/>\n\t<meta name=\"twitter:data1\" content=\"1 minute\" \/>\n<script type=\"application\/ld+json\" class=\"yoast-schema-graph\">{\"@context\":\"https:\/\/schema.org\",\"@graph\":[{\"@type\":\"WebPage\",\"@id\":\"https:\/\/milanova-milanova.com\/producto\/wool-cotton-skirt-oyster-mushroom\/\",\"url\":\"https:\/\/milanova-milanova.com\/producto\/wool-cotton-skirt-oyster-mushroom\/\",\"name\":\"Falda de Lana y Algod\u00f3n 'Aura' - Mil\u00e1nova &amp; Mil\u00e1nova\",\"isPartOf\":{\"@id\":\"https:\/\/milanova-milanova.com\/#website\"},\"primaryImageOfPage\":{\"@id\":\"https:\/\/milanova-milanova.com\/producto\/wool-cotton-skirt-oyster-mushroom\/#primaryimage\"},\"image\":{\"@id\":\"https:\/\/milanova-milanova.com\/producto\/wool-cotton-skirt-oyster-mushroom\/#primaryimage\"},\"thumbnailUrl\":\"https:\/\/milanova-milanova.com\/wp-content\/uploads\/2025\/07\/DSC_0174.webp\",\"datePublished\":\"2025-07-17T01:53:27+00:00\",\"dateModified\":\"2026-03-12T13:23:25+00:00\",\"description\":\"Falda \u2018Aura\u2019 de lana y algod\u00f3n en color Champi\u00f1\u00f3n Ostra. Confeccionada en Barcelona, ideal para primavera y oto\u00f1o con estilo atemporal.\",\"breadcrumb\":{\"@id\":\"https:\/\/milanova-milanova.com\/producto\/wool-cotton-skirt-oyster-mushroom\/#breadcrumb\"},\"inLanguage\":\"en-US\",\"potentialAction\":[{\"@type\":\"ReadAction\",\"target\":[\"https:\/\/milanova-milanova.com\/producto\/wool-cotton-skirt-oyster-mushroom\/\"]}]},{\"@type\":\"ImageObject\",\"inLanguage\":\"en-US\",\"@id\":\"https:\/\/milanova-milanova.com\/producto\/wool-cotton-skirt-oyster-mushroom\/#primaryimage\",\"url\":\"https:\/\/milanova-milanova.com\/wp-content\/uploads\/2025\/07\/DSC_0174.webp\",\"contentUrl\":\"https:\/\/milanova-milanova.com\/wp-content\/uploads\/2025\/07\/DSC_0174.webp\",\"width\":768,\"height\":908,\"caption\":\"Skirt Cotton Wool Falda de Lana y Algod\u00f3n 'Aura'\"},{\"@type\":\"BreadcrumbList\",\"@id\":\"https:\/\/milanova-milanova.com\/producto\/wool-cotton-skirt-oyster-mushroom\/#breadcrumb\",\"itemListElement\":[{\"@type\":\"ListItem\",\"position\":1,\"name\":\"Portada\",\"item\":\"https:\/\/milanova-milanova.com\/\"},{\"@type\":\"ListItem\",\"position\":2,\"name\":\"Tienda\",\"item\":\"https:\/\/milanova-milanova.com\/tienda\/\"},{\"@type\":\"ListItem\",\"position\":3,\"name\":\"Falda de Lana y Algod\u00f3n &#8216;Aura&#8217;\"}]},{\"@type\":\"WebSite\",\"@id\":\"https:\/\/milanova-milanova.com\/#website\",\"url\":\"https:\/\/milanova-milanova.com\/\",\"name\":\"Mil\u00e1nova & Mil\u00e1nova\",\"description\":\"Dise\u00f1o con alma. Artesan\u00eda hecha en Barcelona.\",\"potentialAction\":[{\"@type\":\"SearchAction\",\"target\":{\"@type\":\"EntryPoint\",\"urlTemplate\":\"https:\/\/milanova-milanova.com\/?s={search_term_string}\"},\"query-input\":{\"@type\":\"PropertyValueSpecification\",\"valueRequired\":true,\"valueName\":\"search_term_string\"}}],\"inLanguage\":\"en-US\"}]}<\/script>\n<!-- \/ Yoast SEO plugin. -->","yoast_head_json":{"title":"Falda de Lana y Algod\u00f3n 'Aura' - Mil\u00e1nova &amp; Mil\u00e1nova","description":"Falda \u2018Aura\u2019 de lana y algod\u00f3n en color Champi\u00f1\u00f3n Ostra. Confeccionada en Barcelona, ideal para primavera y oto\u00f1o con estilo atemporal.","robots":{"index":"index","follow":"follow","max-snippet":"max-snippet:-1","max-image-preview":"max-image-preview:large","max-video-preview":"max-video-preview:-1"},"canonical":"https:\/\/milanova-milanova.com\/en\/product\/wool-cotton-skirt-oyster-mushroom\/","og_locale":"en_US","og_type":"article","og_title":"Falda de Lana y Algod\u00f3n 'Aura' - Mil\u00e1nova &amp; Mil\u00e1nova","og_description":"Falda \u2018Aura\u2019 de lana y algod\u00f3n en color Champi\u00f1\u00f3n Ostra. Confeccionada en Barcelona, ideal para primavera y oto\u00f1o con estilo atemporal.","og_url":"https:\/\/milanova-milanova.com\/en\/product\/wool-cotton-skirt-oyster-mushroom\/","og_site_name":"Mil\u00e1nova &amp; Mil\u00e1nova","article_modified_time":"2026-03-12T13:23:25+00:00","og_image":[{"width":768,"height":908,"url":"https:\/\/milanova-milanova.com\/wp-content\/uploads\/2025\/07\/DSC_0174.webp","type":"image\/webp"}],"twitter_card":"summary_large_image","twitter_misc":{"Est. reading time":"1 minute"},"schema":{"@context":"https:\/\/schema.org","@graph":[{"@type":"WebPage","@id":"https:\/\/milanova-milanova.com\/producto\/wool-cotton-skirt-oyster-mushroom\/","url":"https:\/\/milanova-milanova.com\/producto\/wool-cotton-skirt-oyster-mushroom\/","name":"Falda de Lana y Algod\u00f3n 'Aura' - Mil\u00e1nova &amp; Mil\u00e1nova","isPartOf":{"@id":"https:\/\/milanova-milanova.com\/#website"},"primaryImageOfPage":{"@id":"https:\/\/milanova-milanova.com\/producto\/wool-cotton-skirt-oyster-mushroom\/#primaryimage"},"image":{"@id":"https:\/\/milanova-milanova.com\/producto\/wool-cotton-skirt-oyster-mushroom\/#primaryimage"},"thumbnailUrl":"https:\/\/milanova-milanova.com\/wp-content\/uploads\/2025\/07\/DSC_0174.webp","datePublished":"2025-07-17T01:53:27+00:00","dateModified":"2026-03-12T13:23:25+00:00","description":"Falda \u2018Aura\u2019 de lana y algod\u00f3n en color Champi\u00f1\u00f3n Ostra. Confeccionada en Barcelona, ideal para primavera y oto\u00f1o con estilo atemporal.","breadcrumb":{"@id":"https:\/\/milanova-milanova.com\/producto\/wool-cotton-skirt-oyster-mushroom\/#breadcrumb"},"inLanguage":"en-US","potentialAction":[{"@type":"ReadAction","target":["https:\/\/milanova-milanova.com\/producto\/wool-cotton-skirt-oyster-mushroom\/"]}]},{"@type":"ImageObject","inLanguage":"en-US","@id":"https:\/\/milanova-milanova.com\/producto\/wool-cotton-skirt-oyster-mushroom\/#primaryimage","url":"https:\/\/milanova-milanova.com\/wp-content\/uploads\/2025\/07\/DSC_0174.webp","contentUrl":"https:\/\/milanova-milanova.com\/wp-content\/uploads\/2025\/07\/DSC_0174.webp","width":768,"height":908,"caption":"Skirt Cotton Wool Falda de Lana y Algod\u00f3n 'Aura'"},{"@type":"BreadcrumbList","@id":"https:\/\/milanova-milanova.com\/producto\/wool-cotton-skirt-oyster-mushroom\/#breadcrumb","itemListElement":[{"@type":"ListItem","position":1,"name":"Portada","item":"https:\/\/milanova-milanova.com\/"},{"@type":"ListItem","position":2,"name":"Tienda","item":"https:\/\/milanova-milanova.com\/tienda\/"},{"@type":"ListItem","position":3,"name":"Falda de Lana y Algod\u00f3n &#8216;Aura&#8217;"}]},{"@type":"WebSite","@id":"https:\/\/milanova-milanova.com\/#website","url":"https:\/\/milanova-milanova.com\/","name":"Mil\u00e1nova & Mil\u00e1nova","description":"Design with soul. Artisan craftsmanship from Barcelona.","potentialAction":[{"@type":"SearchAction","target":{"@type":"EntryPoint","urlTemplate":"https:\/\/milanova-milanova.com\/?s={search_term_string}"},"query-input":{"@type":"PropertyValueSpecification","valueRequired":true,"valueName":"search_term_string"}}],"inLanguage":"en-US"}]}},"_links":{"self":[{"href":"https:\/\/milanova-milanova.com\/en\/wp-json\/wp\/v2\/product\/507","targetHints":{"allow":["GET"]}}],"collection":[{"href":"https:\/\/milanova-milanova.com\/en\/wp-json\/wp\/v2\/product"}],"about":[{"href":"https:\/\/milanova-milanova.com\/en\/wp-json\/wp\/v2\/types\/product"}],"replies":[{"embeddable":true,"href":"https:\/\/milanova-milanova.com\/en\/wp-json\/wp\/v2\/comments?post=507"}],"wp:featuredmedia":[{"embeddable":true,"href":"https:\/\/milanova-milanova.com\/en\/wp-json\/wp\/v2\/media\/513"}],"wp:attachment":[{"href":"https:\/\/milanova-milanova.com\/en\/wp-json\/wp\/v2\/media?parent=507"}],"wp:term":[{"taxonomy":"product_brand","embeddable":true,"href":"https:\/\/milanova-milanova.com\/en\/wp-json\/wp\/v2\/product_brand?post=507"},{"taxonomy":"product_cat","embeddable":true,"href":"https:\/\/milanova-milanova.com\/en\/wp-json\/wp\/v2\/product_cat?post=507"},{"taxonomy":"product_tag","embeddable":true,"href":"https:\/\/milanova-milanova.com\/en\/wp-json\/wp\/v2\/product_tag?post=507"}],"curies":[{"name":"wp","href":"https:\/\/api.w.org\/{rel}","templated":true}]}}