{"id":496,"date":"2025-07-17T03:43:43","date_gmt":"2025-07-17T01:43:43","guid":{"rendered":"https:\/\/milanova-milanova.com\/?post_type=product&#038;p=496"},"modified":"2026-03-12T14:23:15","modified_gmt":"2026-03-12T13:23:15","slug":"wool-cotton-skirt","status":"publish","type":"product","link":"https:\/\/milanova-milanova.com\/en\/product\/wool-cotton-skirt\/","title":{"rendered":"Wool &amp; Cotton Skirt"},"content":{"rendered":"<p>The skirt is sewn in our atelier in Poblenou, Barcelona, from high-quality fabric composed of cashmere, lana virgen, and recycled cotton. Color &#8211; Coca Mocha<\/p>","protected":false},"excerpt":{"rendered":"<p>The skirt is sewn in our workshop in Poblenou, Barcelona, with a high-quality fabric composed of cashmere, virgin wool, and recycled cotton. Color \u2013 Coca Mocha.<\/p>","protected":false},"featured_media":497,"comment_status":"open","ping_status":"closed","template":"","meta":[],"product_brand":[],"product_cat":[34],"product_tag":[],"class_list":{"0":"post-496","1":"product","2":"type-product","3":"status-publish","4":"has-post-thumbnail","6":"product_cat-faldas","8":"first","9":"outofstock","10":"shipping-taxable","11":"purchasable","12":"product-type-variable"},"yoast_head":"<!-- This site is optimized with the Yoast SEO plugin v27.0 - https:\/\/yoast.com\/product\/yoast-seo-wordpress\/ -->\n<title>Falda de Lana y Algod\u00f3n - Mil\u00e1nova &amp; Mil\u00e1nova<\/title>\n<meta name=\"robots\" content=\"index, follow, max-snippet:-1, max-image-preview:large, max-video-preview:-1\" \/>\n<link rel=\"canonical\" href=\"https:\/\/milanova-milanova.com\/en\/product\/wool-cotton-skirt\/\" \/>\n<meta property=\"og:locale\" content=\"en_US\" \/>\n<meta property=\"og:type\" content=\"article\" \/>\n<meta property=\"og:title\" content=\"Falda de Lana y Algod\u00f3n - Mil\u00e1nova &amp; Mil\u00e1nova\" \/>\n<meta property=\"og:description\" content=\"La falda est\u00e1 cosida en nuestro taller en Poblenou, Barcelona, con una tela de alta calidad compuesta por cachemira, lana virgen y algod\u00f3n reciclado. Color - Coca Mocha.\" \/>\n<meta property=\"og:url\" content=\"https:\/\/milanova-milanova.com\/en\/product\/wool-cotton-skirt\/\" \/>\n<meta property=\"og:site_name\" content=\"Mil\u00e1nova &amp; Mil\u00e1nova\" \/>\n<meta property=\"article:modified_time\" content=\"2026-03-12T13:23:15+00:00\" \/>\n<meta property=\"og:image\" content=\"https:\/\/milanova-milanova.com\/wp-content\/uploads\/2025\/07\/DSC_00512.webp\" \/>\n\t<meta property=\"og:image:width\" content=\"768\" \/>\n\t<meta property=\"og:image:height\" content=\"727\" \/>\n\t<meta property=\"og:image:type\" content=\"image\/webp\" \/>\n<meta name=\"twitter:card\" content=\"summary_large_image\" \/>\n<meta name=\"twitter:label1\" content=\"Est. reading time\" \/>\n\t<meta name=\"twitter:data1\" content=\"1 minute\" \/>\n<script type=\"application\/ld+json\" class=\"yoast-schema-graph\">{\"@context\":\"https:\/\/schema.org\",\"@graph\":[{\"@type\":\"WebPage\",\"@id\":\"https:\/\/milanova-milanova.com\/producto\/wool-cotton-skirt\/\",\"url\":\"https:\/\/milanova-milanova.com\/producto\/wool-cotton-skirt\/\",\"name\":\"Falda de Lana y Algod\u00f3n - Mil\u00e1nova &amp; Mil\u00e1nova\",\"isPartOf\":{\"@id\":\"https:\/\/milanova-milanova.com\/#website\"},\"primaryImageOfPage\":{\"@id\":\"https:\/\/milanova-milanova.com\/producto\/wool-cotton-skirt\/#primaryimage\"},\"image\":{\"@id\":\"https:\/\/milanova-milanova.com\/producto\/wool-cotton-skirt\/#primaryimage\"},\"thumbnailUrl\":\"https:\/\/milanova-milanova.com\/wp-content\/uploads\/2025\/07\/DSC_00512.webp\",\"datePublished\":\"2025-07-17T01:43:43+00:00\",\"dateModified\":\"2026-03-12T13:23:15+00:00\",\"breadcrumb\":{\"@id\":\"https:\/\/milanova-milanova.com\/producto\/wool-cotton-skirt\/#breadcrumb\"},\"inLanguage\":\"en-US\",\"potentialAction\":[{\"@type\":\"ReadAction\",\"target\":[\"https:\/\/milanova-milanova.com\/producto\/wool-cotton-skirt\/\"]}]},{\"@type\":\"ImageObject\",\"inLanguage\":\"en-US\",\"@id\":\"https:\/\/milanova-milanova.com\/producto\/wool-cotton-skirt\/#primaryimage\",\"url\":\"https:\/\/milanova-milanova.com\/wp-content\/uploads\/2025\/07\/DSC_00512.webp\",\"contentUrl\":\"https:\/\/milanova-milanova.com\/wp-content\/uploads\/2025\/07\/DSC_00512.webp\",\"width\":768,\"height\":727,\"caption\":\"Falda de Lana y Algod\u00f3n\"},{\"@type\":\"BreadcrumbList\",\"@id\":\"https:\/\/milanova-milanova.com\/producto\/wool-cotton-skirt\/#breadcrumb\",\"itemListElement\":[{\"@type\":\"ListItem\",\"position\":1,\"name\":\"Portada\",\"item\":\"https:\/\/milanova-milanova.com\/\"},{\"@type\":\"ListItem\",\"position\":2,\"name\":\"Tienda\",\"item\":\"https:\/\/milanova-milanova.com\/tienda\/\"},{\"@type\":\"ListItem\",\"position\":3,\"name\":\"Falda de Lana y Algod\u00f3n\"}]},{\"@type\":\"WebSite\",\"@id\":\"https:\/\/milanova-milanova.com\/#website\",\"url\":\"https:\/\/milanova-milanova.com\/\",\"name\":\"Mil\u00e1nova & Mil\u00e1nova\",\"description\":\"Dise\u00f1o con alma. Artesan\u00eda hecha en Barcelona.\",\"potentialAction\":[{\"@type\":\"SearchAction\",\"target\":{\"@type\":\"EntryPoint\",\"urlTemplate\":\"https:\/\/milanova-milanova.com\/?s={search_term_string}\"},\"query-input\":{\"@type\":\"PropertyValueSpecification\",\"valueRequired\":true,\"valueName\":\"search_term_string\"}}],\"inLanguage\":\"en-US\"}]}<\/script>\n<!-- \/ Yoast SEO plugin. -->","yoast_head_json":{"title":"Falda de Lana y Algod\u00f3n - Mil\u00e1nova &amp; Mil\u00e1nova","robots":{"index":"index","follow":"follow","max-snippet":"max-snippet:-1","max-image-preview":"max-image-preview:large","max-video-preview":"max-video-preview:-1"},"canonical":"https:\/\/milanova-milanova.com\/en\/product\/wool-cotton-skirt\/","og_locale":"en_US","og_type":"article","og_title":"Falda de Lana y Algod\u00f3n - Mil\u00e1nova &amp; Mil\u00e1nova","og_description":"La falda est\u00e1 cosida en nuestro taller en Poblenou, Barcelona, con una tela de alta calidad compuesta por cachemira, lana virgen y algod\u00f3n reciclado. Color - Coca Mocha.","og_url":"https:\/\/milanova-milanova.com\/en\/product\/wool-cotton-skirt\/","og_site_name":"Mil\u00e1nova &amp; Mil\u00e1nova","article_modified_time":"2026-03-12T13:23:15+00:00","og_image":[{"width":768,"height":727,"url":"https:\/\/milanova-milanova.com\/wp-content\/uploads\/2025\/07\/DSC_00512.webp","type":"image\/webp"}],"twitter_card":"summary_large_image","twitter_misc":{"Est. reading time":"1 minute"},"schema":{"@context":"https:\/\/schema.org","@graph":[{"@type":"WebPage","@id":"https:\/\/milanova-milanova.com\/producto\/wool-cotton-skirt\/","url":"https:\/\/milanova-milanova.com\/producto\/wool-cotton-skirt\/","name":"Falda de Lana y Algod\u00f3n - Mil\u00e1nova &amp; Mil\u00e1nova","isPartOf":{"@id":"https:\/\/milanova-milanova.com\/#website"},"primaryImageOfPage":{"@id":"https:\/\/milanova-milanova.com\/producto\/wool-cotton-skirt\/#primaryimage"},"image":{"@id":"https:\/\/milanova-milanova.com\/producto\/wool-cotton-skirt\/#primaryimage"},"thumbnailUrl":"https:\/\/milanova-milanova.com\/wp-content\/uploads\/2025\/07\/DSC_00512.webp","datePublished":"2025-07-17T01:43:43+00:00","dateModified":"2026-03-12T13:23:15+00:00","breadcrumb":{"@id":"https:\/\/milanova-milanova.com\/producto\/wool-cotton-skirt\/#breadcrumb"},"inLanguage":"en-US","potentialAction":[{"@type":"ReadAction","target":["https:\/\/milanova-milanova.com\/producto\/wool-cotton-skirt\/"]}]},{"@type":"ImageObject","inLanguage":"en-US","@id":"https:\/\/milanova-milanova.com\/producto\/wool-cotton-skirt\/#primaryimage","url":"https:\/\/milanova-milanova.com\/wp-content\/uploads\/2025\/07\/DSC_00512.webp","contentUrl":"https:\/\/milanova-milanova.com\/wp-content\/uploads\/2025\/07\/DSC_00512.webp","width":768,"height":727,"caption":"Falda de Lana y Algod\u00f3n"},{"@type":"BreadcrumbList","@id":"https:\/\/milanova-milanova.com\/producto\/wool-cotton-skirt\/#breadcrumb","itemListElement":[{"@type":"ListItem","position":1,"name":"Portada","item":"https:\/\/milanova-milanova.com\/"},{"@type":"ListItem","position":2,"name":"Tienda","item":"https:\/\/milanova-milanova.com\/tienda\/"},{"@type":"ListItem","position":3,"name":"Falda de Lana y Algod\u00f3n"}]},{"@type":"WebSite","@id":"https:\/\/milanova-milanova.com\/#website","url":"https:\/\/milanova-milanova.com\/","name":"Mil\u00e1nova & Mil\u00e1nova","description":"Design with soul. Artisan craftsmanship from Barcelona.","potentialAction":[{"@type":"SearchAction","target":{"@type":"EntryPoint","urlTemplate":"https:\/\/milanova-milanova.com\/?s={search_term_string}"},"query-input":{"@type":"PropertyValueSpecification","valueRequired":true,"valueName":"search_term_string"}}],"inLanguage":"en-US"}]}},"_links":{"self":[{"href":"https:\/\/milanova-milanova.com\/en\/wp-json\/wp\/v2\/product\/496","targetHints":{"allow":["GET"]}}],"collection":[{"href":"https:\/\/milanova-milanova.com\/en\/wp-json\/wp\/v2\/product"}],"about":[{"href":"https:\/\/milanova-milanova.com\/en\/wp-json\/wp\/v2\/types\/product"}],"replies":[{"embeddable":true,"href":"https:\/\/milanova-milanova.com\/en\/wp-json\/wp\/v2\/comments?post=496"}],"wp:featuredmedia":[{"embeddable":true,"href":"https:\/\/milanova-milanova.com\/en\/wp-json\/wp\/v2\/media\/497"}],"wp:attachment":[{"href":"https:\/\/milanova-milanova.com\/en\/wp-json\/wp\/v2\/media?parent=496"}],"wp:term":[{"taxonomy":"product_brand","embeddable":true,"href":"https:\/\/milanova-milanova.com\/en\/wp-json\/wp\/v2\/product_brand?post=496"},{"taxonomy":"product_cat","embeddable":true,"href":"https:\/\/milanova-milanova.com\/en\/wp-json\/wp\/v2\/product_cat?post=496"},{"taxonomy":"product_tag","embeddable":true,"href":"https:\/\/milanova-milanova.com\/en\/wp-json\/wp\/v2\/product_tag?post=496"}],"curies":[{"name":"wp","href":"https:\/\/api.w.org\/{rel}","templated":true}]}}