{"id":453,"date":"2025-07-17T03:24:48","date_gmt":"2025-07-17T01:24:48","guid":{"rendered":"https:\/\/milanova-milanova.com\/?post_type=product&#038;p=453"},"modified":"2026-03-12T14:23:03","modified_gmt":"2026-03-12T13:23:03","slug":"limited-edition-christmas-gift-set-luxurious-pocket-squares-in-pure-silk","status":"publish","type":"product","link":"https:\/\/milanova-milanova.com\/en\/product\/limited-edition-christmas-gift-set-luxurious-pocket-squares-in-pure-silk\/","title":{"rendered":"Set de pa\u00f1uelos de bolsillo"},"content":{"rendered":"<p>Set de pa\u00f1uelos de bolsillo:<\/p>\n<p>\u0415xclusive pack\u2014featuring two luxurious pocket squares crafted from 100% Lake Como silk. Each pocket square is a work of art, showcasing original designs and a hand-rolled hem for a touch of elegance that makes every detail exceptional.<\/p>\n<p>This set is the perfect gift, combining timeless style and festive flair. Treat yourself or surprise someone special with a unique piece of craftsmanship this holiday season. The Set brings together two unique pocket square designs, sized at 32 x 32 cm with a refined hand-rolled hem for that perfect look. Gift a touch of luxury and timeless style.<\/p>\n<p data-start=\"28\" data-end=\"186\">Explore more in our collection with the <a class=\"decorated-link\" href=\"https:\/\/milanova-milanova.com\/en\/product\/fishok\/?trp-edit-translation=true\" target=\"_new\" rel=\"noopener\" data-start=\"68\" data-end=\"183\">pa\u00f1uelo de bolsillo de seda pura Fishok<\/a>.<\/p>\n<p data-start=\"188\" data-end=\"372\" data-is-last-node=\"\" data-is-only-node=\"\">Our silk scarves are printed by <a class=\"decorated-link\" href=\"https:\/\/www.lafotoserica.it\/\" target=\"_new\" rel=\"noopener\" data-start=\"233\" data-end=\"279\">La Foto Serica<\/a>an established company in Como, Italy, where the finest silk fabrics are printed.<\/p>\n<p>&nbsp;<\/p>","protected":false},"excerpt":{"rendered":"<p>\u0415xclusive pack\u2014featuring two luxurious pocket squares crafted from 100% Lake Como silk. Each pocket square is a work of art, showcasing original designs and a hand-rolled hem for a touch of elegance that makes every detail exceptional.<\/p>\n<p>This set is the perfect gift, combining timeless style and festive flair. Treat yourself or surprise someone special with a unique piece of craftsmanship this holiday season. The Set brings together two unique pocket square designs, sized at 32 x 32 cm with a refined hand-rolled hem for that perfect look. Gift a touch of luxury and timeless style.<\/p>\n<p>Regala un toque de lujo y estilo atemporal.<\/p>","protected":false},"featured_media":493,"comment_status":"open","ping_status":"closed","template":"","meta":[],"product_brand":[],"product_cat":[33],"product_tag":[],"class_list":{"0":"post-453","1":"product","2":"type-product","3":"status-publish","4":"has-post-thumbnail","6":"product_cat-conjuntos-de-regalo","8":"first","9":"instock","10":"shipping-taxable","11":"purchasable","12":"product-type-variable"},"yoast_head":"<!-- This site is optimized with the Yoast SEO plugin v27.0 - https:\/\/yoast.com\/product\/yoast-seo-wordpress\/ -->\n<title>Set de pa\u00f1uelos de bolsillo - Mil\u00e1nova &amp; Mil\u00e1nova<\/title>\n<meta name=\"description\" content=\"Set exclusivo de pa\u00f1uelos de bolsillo en seda de Como. Dos dise\u00f1os \u00fanicos con bordes a mano, el regalo perfecto de lujo y estilo atemporal.\" \/>\n<meta name=\"robots\" content=\"index, follow, max-snippet:-1, max-image-preview:large, max-video-preview:-1\" \/>\n<link rel=\"canonical\" href=\"https:\/\/milanova-milanova.com\/en\/product\/limited-edition-christmas-gift-set-luxurious-pocket-squares-in-pure-silk\/\" \/>\n<meta property=\"og:locale\" content=\"en_US\" \/>\n<meta property=\"og:type\" content=\"article\" \/>\n<meta property=\"og:title\" content=\"Set de pa\u00f1uelos de bolsillo - Mil\u00e1nova &amp; Mil\u00e1nova\" \/>\n<meta property=\"og:description\" content=\"Set exclusivo de pa\u00f1uelos de bolsillo en seda de Como. Dos dise\u00f1os \u00fanicos con bordes a mano, el regalo perfecto de lujo y estilo atemporal.\" \/>\n<meta property=\"og:url\" content=\"https:\/\/milanova-milanova.com\/en\/product\/limited-edition-christmas-gift-set-luxurious-pocket-squares-in-pure-silk\/\" \/>\n<meta property=\"og:site_name\" content=\"Mil\u00e1nova &amp; Mil\u00e1nova\" \/>\n<meta property=\"article:modified_time\" content=\"2026-03-12T13:23:03+00:00\" \/>\n<meta property=\"og:image\" content=\"https:\/\/milanova-milanova.com\/wp-content\/uploads\/2025\/07\/DSC_0276.webp\" \/>\n\t<meta property=\"og:image:width\" content=\"768\" \/>\n\t<meta property=\"og:image:height\" content=\"430\" \/>\n\t<meta property=\"og:image:type\" content=\"image\/webp\" \/>\n<meta name=\"twitter:card\" content=\"summary_large_image\" \/>\n<meta name=\"twitter:label1\" content=\"Est. reading time\" \/>\n\t<meta name=\"twitter:data1\" content=\"1 minute\" \/>\n<script type=\"application\/ld+json\" class=\"yoast-schema-graph\">{\"@context\":\"https:\/\/schema.org\",\"@graph\":[{\"@type\":\"WebPage\",\"@id\":\"https:\/\/milanova-milanova.com\/producto\/limited-edition-christmas-gift-set-luxurious-pocket-squares-in-pure-silk\/\",\"url\":\"https:\/\/milanova-milanova.com\/producto\/limited-edition-christmas-gift-set-luxurious-pocket-squares-in-pure-silk\/\",\"name\":\"Set de pa\u00f1uelos de bolsillo - Mil\u00e1nova &amp; Mil\u00e1nova\",\"isPartOf\":{\"@id\":\"https:\/\/milanova-milanova.com\/#website\"},\"primaryImageOfPage\":{\"@id\":\"https:\/\/milanova-milanova.com\/producto\/limited-edition-christmas-gift-set-luxurious-pocket-squares-in-pure-silk\/#primaryimage\"},\"image\":{\"@id\":\"https:\/\/milanova-milanova.com\/producto\/limited-edition-christmas-gift-set-luxurious-pocket-squares-in-pure-silk\/#primaryimage\"},\"thumbnailUrl\":\"https:\/\/milanova-milanova.com\/wp-content\/uploads\/2025\/07\/DSC_0276.webp\",\"datePublished\":\"2025-07-17T01:24:48+00:00\",\"dateModified\":\"2026-03-12T13:23:03+00:00\",\"description\":\"Set exclusivo de pa\u00f1uelos de bolsillo en seda de Como. Dos dise\u00f1os \u00fanicos con bordes a mano, el regalo perfecto de lujo y estilo atemporal.\",\"breadcrumb\":{\"@id\":\"https:\/\/milanova-milanova.com\/producto\/limited-edition-christmas-gift-set-luxurious-pocket-squares-in-pure-silk\/#breadcrumb\"},\"inLanguage\":\"en-US\",\"potentialAction\":[{\"@type\":\"ReadAction\",\"target\":[\"https:\/\/milanova-milanova.com\/producto\/limited-edition-christmas-gift-set-luxurious-pocket-squares-in-pure-silk\/\"]}]},{\"@type\":\"ImageObject\",\"inLanguage\":\"en-US\",\"@id\":\"https:\/\/milanova-milanova.com\/producto\/limited-edition-christmas-gift-set-luxurious-pocket-squares-in-pure-silk\/#primaryimage\",\"url\":\"https:\/\/milanova-milanova.com\/wp-content\/uploads\/2025\/07\/DSC_0276.webp\",\"contentUrl\":\"https:\/\/milanova-milanova.com\/wp-content\/uploads\/2025\/07\/DSC_0276.webp\",\"width\":768,\"height\":430,\"caption\":\"Set de pa\u00f1uelos de bolsillo\"},{\"@type\":\"BreadcrumbList\",\"@id\":\"https:\/\/milanova-milanova.com\/producto\/limited-edition-christmas-gift-set-luxurious-pocket-squares-in-pure-silk\/#breadcrumb\",\"itemListElement\":[{\"@type\":\"ListItem\",\"position\":1,\"name\":\"Portada\",\"item\":\"https:\/\/milanova-milanova.com\/\"},{\"@type\":\"ListItem\",\"position\":2,\"name\":\"Tienda\",\"item\":\"https:\/\/milanova-milanova.com\/tienda\/\"},{\"@type\":\"ListItem\",\"position\":3,\"name\":\"Set de pa\u00f1uelos de bolsillo\"}]},{\"@type\":\"WebSite\",\"@id\":\"https:\/\/milanova-milanova.com\/#website\",\"url\":\"https:\/\/milanova-milanova.com\/\",\"name\":\"Mil\u00e1nova & Mil\u00e1nova\",\"description\":\"Dise\u00f1o con alma. Artesan\u00eda hecha en Barcelona.\",\"potentialAction\":[{\"@type\":\"SearchAction\",\"target\":{\"@type\":\"EntryPoint\",\"urlTemplate\":\"https:\/\/milanova-milanova.com\/?s={search_term_string}\"},\"query-input\":{\"@type\":\"PropertyValueSpecification\",\"valueRequired\":true,\"valueName\":\"search_term_string\"}}],\"inLanguage\":\"en-US\"}]}<\/script>\n<!-- \/ Yoast SEO plugin. -->","yoast_head_json":{"title":"Set de pa\u00f1uelos de bolsillo - Mil\u00e1nova &amp; Mil\u00e1nova","description":"Set exclusivo de pa\u00f1uelos de bolsillo en seda de Como. Dos dise\u00f1os \u00fanicos con bordes a mano, el regalo perfecto de lujo y estilo atemporal.","robots":{"index":"index","follow":"follow","max-snippet":"max-snippet:-1","max-image-preview":"max-image-preview:large","max-video-preview":"max-video-preview:-1"},"canonical":"https:\/\/milanova-milanova.com\/en\/product\/limited-edition-christmas-gift-set-luxurious-pocket-squares-in-pure-silk\/","og_locale":"en_US","og_type":"article","og_title":"Set de pa\u00f1uelos de bolsillo - Mil\u00e1nova &amp; Mil\u00e1nova","og_description":"Set exclusivo de pa\u00f1uelos de bolsillo en seda de Como. Dos dise\u00f1os \u00fanicos con bordes a mano, el regalo perfecto de lujo y estilo atemporal.","og_url":"https:\/\/milanova-milanova.com\/en\/product\/limited-edition-christmas-gift-set-luxurious-pocket-squares-in-pure-silk\/","og_site_name":"Mil\u00e1nova &amp; Mil\u00e1nova","article_modified_time":"2026-03-12T13:23:03+00:00","og_image":[{"width":768,"height":430,"url":"https:\/\/milanova-milanova.com\/wp-content\/uploads\/2025\/07\/DSC_0276.webp","type":"image\/webp"}],"twitter_card":"summary_large_image","twitter_misc":{"Est. reading time":"1 minute"},"schema":{"@context":"https:\/\/schema.org","@graph":[{"@type":"WebPage","@id":"https:\/\/milanova-milanova.com\/producto\/limited-edition-christmas-gift-set-luxurious-pocket-squares-in-pure-silk\/","url":"https:\/\/milanova-milanova.com\/producto\/limited-edition-christmas-gift-set-luxurious-pocket-squares-in-pure-silk\/","name":"Set de pa\u00f1uelos de bolsillo - Mil\u00e1nova &amp; Mil\u00e1nova","isPartOf":{"@id":"https:\/\/milanova-milanova.com\/#website"},"primaryImageOfPage":{"@id":"https:\/\/milanova-milanova.com\/producto\/limited-edition-christmas-gift-set-luxurious-pocket-squares-in-pure-silk\/#primaryimage"},"image":{"@id":"https:\/\/milanova-milanova.com\/producto\/limited-edition-christmas-gift-set-luxurious-pocket-squares-in-pure-silk\/#primaryimage"},"thumbnailUrl":"https:\/\/milanova-milanova.com\/wp-content\/uploads\/2025\/07\/DSC_0276.webp","datePublished":"2025-07-17T01:24:48+00:00","dateModified":"2026-03-12T13:23:03+00:00","description":"Set exclusivo de pa\u00f1uelos de bolsillo en seda de Como. Dos dise\u00f1os \u00fanicos con bordes a mano, el regalo perfecto de lujo y estilo atemporal.","breadcrumb":{"@id":"https:\/\/milanova-milanova.com\/producto\/limited-edition-christmas-gift-set-luxurious-pocket-squares-in-pure-silk\/#breadcrumb"},"inLanguage":"en-US","potentialAction":[{"@type":"ReadAction","target":["https:\/\/milanova-milanova.com\/producto\/limited-edition-christmas-gift-set-luxurious-pocket-squares-in-pure-silk\/"]}]},{"@type":"ImageObject","inLanguage":"en-US","@id":"https:\/\/milanova-milanova.com\/producto\/limited-edition-christmas-gift-set-luxurious-pocket-squares-in-pure-silk\/#primaryimage","url":"https:\/\/milanova-milanova.com\/wp-content\/uploads\/2025\/07\/DSC_0276.webp","contentUrl":"https:\/\/milanova-milanova.com\/wp-content\/uploads\/2025\/07\/DSC_0276.webp","width":768,"height":430,"caption":"Set de pa\u00f1uelos de bolsillo"},{"@type":"BreadcrumbList","@id":"https:\/\/milanova-milanova.com\/producto\/limited-edition-christmas-gift-set-luxurious-pocket-squares-in-pure-silk\/#breadcrumb","itemListElement":[{"@type":"ListItem","position":1,"name":"Portada","item":"https:\/\/milanova-milanova.com\/"},{"@type":"ListItem","position":2,"name":"Tienda","item":"https:\/\/milanova-milanova.com\/tienda\/"},{"@type":"ListItem","position":3,"name":"Set de pa\u00f1uelos de bolsillo"}]},{"@type":"WebSite","@id":"https:\/\/milanova-milanova.com\/#website","url":"https:\/\/milanova-milanova.com\/","name":"Mil\u00e1nova & Mil\u00e1nova","description":"Design with soul. Artisan craftsmanship from Barcelona.","potentialAction":[{"@type":"SearchAction","target":{"@type":"EntryPoint","urlTemplate":"https:\/\/milanova-milanova.com\/?s={search_term_string}"},"query-input":{"@type":"PropertyValueSpecification","valueRequired":true,"valueName":"search_term_string"}}],"inLanguage":"en-US"}]}},"_links":{"self":[{"href":"https:\/\/milanova-milanova.com\/en\/wp-json\/wp\/v2\/product\/453","targetHints":{"allow":["GET"]}}],"collection":[{"href":"https:\/\/milanova-milanova.com\/en\/wp-json\/wp\/v2\/product"}],"about":[{"href":"https:\/\/milanova-milanova.com\/en\/wp-json\/wp\/v2\/types\/product"}],"replies":[{"embeddable":true,"href":"https:\/\/milanova-milanova.com\/en\/wp-json\/wp\/v2\/comments?post=453"}],"wp:featuredmedia":[{"embeddable":true,"href":"https:\/\/milanova-milanova.com\/en\/wp-json\/wp\/v2\/media\/493"}],"wp:attachment":[{"href":"https:\/\/milanova-milanova.com\/en\/wp-json\/wp\/v2\/media?parent=453"}],"wp:term":[{"taxonomy":"product_brand","embeddable":true,"href":"https:\/\/milanova-milanova.com\/en\/wp-json\/wp\/v2\/product_brand?post=453"},{"taxonomy":"product_cat","embeddable":true,"href":"https:\/\/milanova-milanova.com\/en\/wp-json\/wp\/v2\/product_cat?post=453"},{"taxonomy":"product_tag","embeddable":true,"href":"https:\/\/milanova-milanova.com\/en\/wp-json\/wp\/v2\/product_tag?post=453"}],"curies":[{"name":"wp","href":"https:\/\/api.w.org\/{rel}","templated":true}]}}