{"id":422,"date":"2025-07-16T20:54:08","date_gmt":"2025-07-16T18:54:08","guid":{"rendered":"https:\/\/milanova-milanova.com\/?post_type=product&#038;p=422"},"modified":"2025-09-08T14:03:17","modified_gmt":"2025-09-08T12:03:17","slug":"inlove-set","status":"publish","type":"product","link":"https:\/\/milanova-milanova.com\/en\/product\/inlove-set\/","title":{"rendered":"InLove Set"},"content":{"rendered":"<p data-start=\"684\" data-end=\"834\">Incluye: Un pa\u00f1uelo de seda y un pa\u00f1uelo para el bolsillo de seda<br data-start=\"753\" data-end=\"756\" \/>Material: 100% Seda Twill<br data-start=\"785\" data-end=\"788\" \/>Dobladillo enrollado a mano<br data-start=\"815\" data-end=\"818\" \/>Edici\u00f3n limitada<\/p>\n<p data-start=\"44\" data-end=\"408\">El <em data-start=\"47\" data-end=\"59\">InLove Set<\/em> es un lujoso d\u00fao dise\u00f1ado para aquellos que aprecian la artesan\u00eda y el estilo atemporal. Una elegante combinaci\u00f3n de dos accesorios de lujo, confeccionados con la mejor seda pura del Lago de Como. Este set exclusivo incluye un pa\u00f1uelo de seda y un pa\u00f1uelo para el bolsillo, ambos dise\u00f1ados para a\u00f1adir un toque de refinamiento a cualquier conjunto.<\/p>\n<p data-start=\"410\" data-end=\"682\">Perfecto para regalar o como un capricho especial para ti mismo, el <em data-start=\"478\" data-end=\"490\">InLove Set<\/em> ofrece lujo atemporal y versatilidad. La suave textura del pa\u00f1uelo y el elegante dise\u00f1o del pa\u00f1uelo para el bolsillo se combinan para crear una combinaci\u00f3n perfecta de estilo y sofisticaci\u00f3n.<\/p>\n<p data-start=\"836\" data-end=\"931\">Explora los dise\u00f1os en nuestra secci\u00f3n de pa\u00f1uelos para el bolsillo y regala el lujo atemporal.<\/p>\n<article class=\"text-token-text-primary w-full focus:outline-none scroll-mt-[calc(var(--header-height)+min(200px,max(70px,20svh)))]\" dir=\"auto\" tabindex=\"-1\" data-turn-id=\"bc5a2b63-c78b-4cc0-a675-f5b85c6ed4cc\" data-testid=\"conversation-turn-208\" data-scroll-anchor=\"false\" data-turn=\"assistant\">\n<div class=\"text-base my-auto mx-auto [--thread-content-margin:--spacing(4)] thread-sm:[--thread-content-margin:--spacing(6)] thread-lg:[--thread-content-margin:--spacing(16)] px-(--thread-content-margin)\">\n<div class=\"[--thread-content-max-width:40rem] thread-sm:[--thread-content-max-width:40rem] thread-lg:[--thread-content-max-width:48rem] mx-auto max-w-(--thread-content-max-width) flex-1 group\/turn-messages focus-visible:outline-hidden relative flex w-full min-w-0 flex-col agent-turn\" tabindex=\"-1\">\n<div class=\"flex max-w-full flex-col grow\">\n<div class=\"min-h-8 text-message relative flex w-full flex-col items-end gap-2 text-start break-words whitespace-normal [.text-message+&amp;]:mt-5\" dir=\"auto\" data-message-author-role=\"assistant\" data-message-id=\"aeed83fe-9769-462a-8e5a-6661ada322ad\" data-message-model-slug=\"gpt-5\">\n<div class=\"flex w-full flex-col gap-1 empty:hidden first:pt-[3px]\">\n<div class=\"markdown prose dark:prose-invert w-full break-words light markdown-new-styling\">\n<p data-start=\"37\" data-end=\"158\">Explora m\u00e1s en nuestra colecci\u00f3n con el <a class=\"decorated-link\" href=\"https:\/\/milanova-milanova.com\/producto\/yellow-goblin\/\" target=\"_new\" rel=\"noopener\" data-start=\"77\" data-end=\"155\">pa\u00f1uelo Yellow Goblin<\/a>.<\/p>\n<p data-start=\"160\" data-end=\"344\" data-is-last-node=\"\" data-is-only-node=\"\">Nuestros pa\u00f1uelos de seda son estampados por <a class=\"decorated-link\" href=\"https:\/\/www.lafotoserica.it\/\" target=\"_new\" rel=\"noopener\" data-start=\"205\" data-end=\"251\">La Foto Serica<\/a>, una empresa consolidada en Como, Italia, donde se imprimen los tejidos de seda m\u00e1s finos.<\/p>\n<\/div>\n<\/div>\n<\/div>\n<\/div>\n<div class=\"flex min-h-[46px] justify-start\"><\/div>\n<\/div>\n<\/div>\n<\/article>\n<article class=\"text-token-text-primary w-full focus:outline-none scroll-mt-(--header-height)\" dir=\"auto\" tabindex=\"-1\" data-turn-id=\"dd2c60e5-7f5e-464a-9660-d7589144a6f4\" data-testid=\"conversation-turn-209\" data-scroll-anchor=\"false\" data-turn=\"user\">\n<h5 class=\"sr-only\"><\/h5>\n<\/article>\n","protected":false},"excerpt":{"rendered":"<p data-start=\"44\" data-end=\"408\">El <em data-start=\"47\" data-end=\"59\">InLove Set<\/em> The In Love Set is a luxurious duo created for those who value true craftsmanship and timeless elegance. Featuring two refined accessories, handcrafted from the finest pure silk of Lake Como, this exclusive set includes a silk scarf and a pocket square\u2014designed to bring sophistication to any ensemble.<\/p>\n<p data-start=\"410\" data-end=\"682\">Perfect as a gift or as a special treat for yourself, the <em data-start=\"478\" data-end=\"490\">InLove Set<\/em> offers timeless luxury and versatility. The soft texture of the scarf and the elegant design of the pocket square come together to create a perfect blend of style and sophistication.<\/p>\n<p data-start=\"684\" data-end=\"834\"><strong data-start=\"684\" data-end=\"696\">Incluye:<\/strong> Un pa\u00f1uelo de seda y un pa\u00f1uelo para el bolsillo de seda<br data-start=\"753\" data-end=\"756\" \/><strong data-start=\"756\" data-end=\"769\">Material:<\/strong> 100% Seda Twill<br data-start=\"785\" data-end=\"788\" \/>Hand-rolled hem<br data-start=\"815\" data-end=\"818\" \/>Limited edition<\/p>\n<p data-start=\"836\" data-end=\"931\">Explore the designs in our pocket square section and gift timeless luxury.<\/p>","protected":false},"featured_media":450,"comment_status":"open","ping_status":"closed","template":"","meta":[],"product_brand":[],"product_cat":[33],"product_tag":[],"class_list":{"0":"post-422","1":"product","2":"type-product","3":"status-publish","4":"has-post-thumbnail","6":"product_cat-conjuntos-de-regalo","8":"first","9":"instock","10":"shipping-taxable","11":"purchasable","12":"product-type-variable"},"yoast_head":"<!-- This site is optimized with the Yoast SEO plugin v27.0 - https:\/\/yoast.com\/product\/yoast-seo-wordpress\/ -->\n<title>InLove Set - Mil\u00e1nova &amp; Mil\u00e1nova<\/title>\n<meta name=\"description\" content=\"Set InLove: pa\u00f1uelo de seda y pa\u00f1uelo de bolsillo en seda de Como. Artesan\u00eda, lujo atemporal y el regalo perfecto de sofisticaci\u00f3n.\" \/>\n<meta name=\"robots\" content=\"index, follow, max-snippet:-1, max-image-preview:large, max-video-preview:-1\" \/>\n<link rel=\"canonical\" href=\"https:\/\/milanova-milanova.com\/en\/product\/inlove-set\/\" \/>\n<meta property=\"og:locale\" content=\"en_US\" \/>\n<meta property=\"og:type\" content=\"article\" \/>\n<meta property=\"og:title\" content=\"InLove Set - Mil\u00e1nova &amp; Mil\u00e1nova\" \/>\n<meta property=\"og:description\" content=\"Set InLove: pa\u00f1uelo de seda y pa\u00f1uelo de bolsillo en seda de Como. Artesan\u00eda, lujo atemporal y el regalo perfecto de sofisticaci\u00f3n.\" \/>\n<meta property=\"og:url\" content=\"https:\/\/milanova-milanova.com\/en\/product\/inlove-set\/\" \/>\n<meta property=\"og:site_name\" content=\"Mil\u00e1nova &amp; Mil\u00e1nova\" \/>\n<meta property=\"article:modified_time\" content=\"2025-09-08T12:03:17+00:00\" \/>\n<meta property=\"og:image\" content=\"https:\/\/milanova-milanova.com\/wp-content\/uploads\/2025\/07\/DSC_2586.webp\" \/>\n\t<meta property=\"og:image:width\" content=\"768\" \/>\n\t<meta property=\"og:image:height\" content=\"564\" \/>\n\t<meta property=\"og:image:type\" content=\"image\/webp\" \/>\n<meta name=\"twitter:card\" content=\"summary_large_image\" \/>\n<meta name=\"twitter:label1\" content=\"Est. reading time\" \/>\n\t<meta name=\"twitter:data1\" content=\"1 minute\" \/>\n<script type=\"application\/ld+json\" class=\"yoast-schema-graph\">{\"@context\":\"https:\/\/schema.org\",\"@graph\":[{\"@type\":\"WebPage\",\"@id\":\"https:\/\/milanova-milanova.com\/producto\/inlove-set\/\",\"url\":\"https:\/\/milanova-milanova.com\/producto\/inlove-set\/\",\"name\":\"InLove Set - Mil\u00e1nova &amp; Mil\u00e1nova\",\"isPartOf\":{\"@id\":\"https:\/\/milanova-milanova.com\/#website\"},\"primaryImageOfPage\":{\"@id\":\"https:\/\/milanova-milanova.com\/producto\/inlove-set\/#primaryimage\"},\"image\":{\"@id\":\"https:\/\/milanova-milanova.com\/producto\/inlove-set\/#primaryimage\"},\"thumbnailUrl\":\"https:\/\/milanova-milanova.com\/wp-content\/uploads\/2025\/07\/DSC_2586.webp\",\"datePublished\":\"2025-07-16T18:54:08+00:00\",\"dateModified\":\"2025-09-08T12:03:17+00:00\",\"description\":\"Set InLove: pa\u00f1uelo de seda y pa\u00f1uelo de bolsillo en seda de Como. Artesan\u00eda, lujo atemporal y el regalo perfecto de sofisticaci\u00f3n.\",\"breadcrumb\":{\"@id\":\"https:\/\/milanova-milanova.com\/producto\/inlove-set\/#breadcrumb\"},\"inLanguage\":\"en-US\",\"potentialAction\":[{\"@type\":\"ReadAction\",\"target\":[\"https:\/\/milanova-milanova.com\/producto\/inlove-set\/\"]}]},{\"@type\":\"ImageObject\",\"inLanguage\":\"en-US\",\"@id\":\"https:\/\/milanova-milanova.com\/producto\/inlove-set\/#primaryimage\",\"url\":\"https:\/\/milanova-milanova.com\/wp-content\/uploads\/2025\/07\/DSC_2586.webp\",\"contentUrl\":\"https:\/\/milanova-milanova.com\/wp-content\/uploads\/2025\/07\/DSC_2586.webp\",\"width\":768,\"height\":564,\"caption\":\"Set de pa\u00f1uelos de bolsillo\"},{\"@type\":\"BreadcrumbList\",\"@id\":\"https:\/\/milanova-milanova.com\/producto\/inlove-set\/#breadcrumb\",\"itemListElement\":[{\"@type\":\"ListItem\",\"position\":1,\"name\":\"Portada\",\"item\":\"https:\/\/milanova-milanova.com\/\"},{\"@type\":\"ListItem\",\"position\":2,\"name\":\"Tienda\",\"item\":\"https:\/\/milanova-milanova.com\/tienda\/\"},{\"@type\":\"ListItem\",\"position\":3,\"name\":\"InLove Set\"}]},{\"@type\":\"WebSite\",\"@id\":\"https:\/\/milanova-milanova.com\/#website\",\"url\":\"https:\/\/milanova-milanova.com\/\",\"name\":\"Mil\u00e1nova & Mil\u00e1nova\",\"description\":\"Dise\u00f1o con alma. Artesan\u00eda hecha en Barcelona.\",\"potentialAction\":[{\"@type\":\"SearchAction\",\"target\":{\"@type\":\"EntryPoint\",\"urlTemplate\":\"https:\/\/milanova-milanova.com\/?s={search_term_string}\"},\"query-input\":{\"@type\":\"PropertyValueSpecification\",\"valueRequired\":true,\"valueName\":\"search_term_string\"}}],\"inLanguage\":\"en-US\"}]}<\/script>\n<!-- \/ Yoast SEO plugin. -->","yoast_head_json":{"title":"InLove Set - Mil\u00e1nova &amp; Mil\u00e1nova","description":"Set InLove: pa\u00f1uelo de seda y pa\u00f1uelo de bolsillo en seda de Como. Artesan\u00eda, lujo atemporal y el regalo perfecto de sofisticaci\u00f3n.","robots":{"index":"index","follow":"follow","max-snippet":"max-snippet:-1","max-image-preview":"max-image-preview:large","max-video-preview":"max-video-preview:-1"},"canonical":"https:\/\/milanova-milanova.com\/en\/product\/inlove-set\/","og_locale":"en_US","og_type":"article","og_title":"InLove Set - Mil\u00e1nova &amp; Mil\u00e1nova","og_description":"Set InLove: pa\u00f1uelo de seda y pa\u00f1uelo de bolsillo en seda de Como. Artesan\u00eda, lujo atemporal y el regalo perfecto de sofisticaci\u00f3n.","og_url":"https:\/\/milanova-milanova.com\/en\/product\/inlove-set\/","og_site_name":"Mil\u00e1nova &amp; Mil\u00e1nova","article_modified_time":"2025-09-08T12:03:17+00:00","og_image":[{"width":768,"height":564,"url":"https:\/\/milanova-milanova.com\/wp-content\/uploads\/2025\/07\/DSC_2586.webp","type":"image\/webp"}],"twitter_card":"summary_large_image","twitter_misc":{"Est. reading time":"1 minute"},"schema":{"@context":"https:\/\/schema.org","@graph":[{"@type":"WebPage","@id":"https:\/\/milanova-milanova.com\/producto\/inlove-set\/","url":"https:\/\/milanova-milanova.com\/producto\/inlove-set\/","name":"InLove Set - Mil\u00e1nova &amp; Mil\u00e1nova","isPartOf":{"@id":"https:\/\/milanova-milanova.com\/#website"},"primaryImageOfPage":{"@id":"https:\/\/milanova-milanova.com\/producto\/inlove-set\/#primaryimage"},"image":{"@id":"https:\/\/milanova-milanova.com\/producto\/inlove-set\/#primaryimage"},"thumbnailUrl":"https:\/\/milanova-milanova.com\/wp-content\/uploads\/2025\/07\/DSC_2586.webp","datePublished":"2025-07-16T18:54:08+00:00","dateModified":"2025-09-08T12:03:17+00:00","description":"Set InLove: pa\u00f1uelo de seda y pa\u00f1uelo de bolsillo en seda de Como. Artesan\u00eda, lujo atemporal y el regalo perfecto de sofisticaci\u00f3n.","breadcrumb":{"@id":"https:\/\/milanova-milanova.com\/producto\/inlove-set\/#breadcrumb"},"inLanguage":"en-US","potentialAction":[{"@type":"ReadAction","target":["https:\/\/milanova-milanova.com\/producto\/inlove-set\/"]}]},{"@type":"ImageObject","inLanguage":"en-US","@id":"https:\/\/milanova-milanova.com\/producto\/inlove-set\/#primaryimage","url":"https:\/\/milanova-milanova.com\/wp-content\/uploads\/2025\/07\/DSC_2586.webp","contentUrl":"https:\/\/milanova-milanova.com\/wp-content\/uploads\/2025\/07\/DSC_2586.webp","width":768,"height":564,"caption":"Set de pa\u00f1uelos de bolsillo"},{"@type":"BreadcrumbList","@id":"https:\/\/milanova-milanova.com\/producto\/inlove-set\/#breadcrumb","itemListElement":[{"@type":"ListItem","position":1,"name":"Portada","item":"https:\/\/milanova-milanova.com\/"},{"@type":"ListItem","position":2,"name":"Tienda","item":"https:\/\/milanova-milanova.com\/tienda\/"},{"@type":"ListItem","position":3,"name":"InLove Set"}]},{"@type":"WebSite","@id":"https:\/\/milanova-milanova.com\/#website","url":"https:\/\/milanova-milanova.com\/","name":"Mil\u00e1nova & Mil\u00e1nova","description":"Design with soul. Artisan craftsmanship from Barcelona.","potentialAction":[{"@type":"SearchAction","target":{"@type":"EntryPoint","urlTemplate":"https:\/\/milanova-milanova.com\/?s={search_term_string}"},"query-input":{"@type":"PropertyValueSpecification","valueRequired":true,"valueName":"search_term_string"}}],"inLanguage":"en-US"}]}},"_links":{"self":[{"href":"https:\/\/milanova-milanova.com\/en\/wp-json\/wp\/v2\/product\/422","targetHints":{"allow":["GET"]}}],"collection":[{"href":"https:\/\/milanova-milanova.com\/en\/wp-json\/wp\/v2\/product"}],"about":[{"href":"https:\/\/milanova-milanova.com\/en\/wp-json\/wp\/v2\/types\/product"}],"replies":[{"embeddable":true,"href":"https:\/\/milanova-milanova.com\/en\/wp-json\/wp\/v2\/comments?post=422"}],"wp:featuredmedia":[{"embeddable":true,"href":"https:\/\/milanova-milanova.com\/en\/wp-json\/wp\/v2\/media\/450"}],"wp:attachment":[{"href":"https:\/\/milanova-milanova.com\/en\/wp-json\/wp\/v2\/media?parent=422"}],"wp:term":[{"taxonomy":"product_brand","embeddable":true,"href":"https:\/\/milanova-milanova.com\/en\/wp-json\/wp\/v2\/product_brand?post=422"},{"taxonomy":"product_cat","embeddable":true,"href":"https:\/\/milanova-milanova.com\/en\/wp-json\/wp\/v2\/product_cat?post=422"},{"taxonomy":"product_tag","embeddable":true,"href":"https:\/\/milanova-milanova.com\/en\/wp-json\/wp\/v2\/product_tag?post=422"}],"curies":[{"name":"wp","href":"https:\/\/api.w.org\/{rel}","templated":true}]}}