{"id":395,"date":"2025-07-16T20:40:36","date_gmt":"2025-07-16T18:40:36","guid":{"rendered":"https:\/\/milanova-milanova.com\/?post_type=product&#038;p=395"},"modified":"2025-09-03T13:56:58","modified_gmt":"2025-09-03T11:56:58","slug":"cotton-love-gift-set","status":"publish","type":"product","link":"https:\/\/milanova-milanova.com\/en\/product\/cotton-love-gift-set\/","title":{"rendered":"Cotton Gift Set"},"content":{"rendered":"<p>Includes: two pocket squares<br \/>\nMaterial: 70% cotton and 30% silk<br \/>\nPocket Square Dimensions: 32 x 32 cm<br \/>\nHand-rolled hem<br \/>\nLimited edition<\/p>","protected":false},"excerpt":{"rendered":"<p>The Cotton Gift Set is a luxurious duo designed for those who appreciate craftsmanship and timeless style. An elegant pairing of two luxurious pocket squares each showcasing original designs and a hand-rolled hem for sophisticated finish.<\/p>\n<p>Made from a premium blend of 70% cotton and 30% silk, these pocket squares combine softness, durability, and a touch of luxury.<\/p>\n<p>Includes: two pocket squares<br \/>\nMaterial: 70% cotton and 30% silk<br \/>\nPocket Square Dimensions: 32 x 32 cm<br \/>\nHand-rolled hem<br \/>\nLimited edition<\/p>","protected":false},"featured_media":414,"comment_status":"open","ping_status":"closed","template":"","meta":[],"product_brand":[],"product_cat":[33],"product_tag":[],"class_list":{"0":"post-395","1":"product","2":"type-product","3":"status-publish","4":"has-post-thumbnail","6":"product_cat-conjuntos-de-regalo","8":"first","9":"instock","10":"shipping-taxable","11":"purchasable","12":"product-type-variable"},"yoast_head":"<!-- This site is optimized with the Yoast SEO plugin v27.0 - https:\/\/yoast.com\/product\/yoast-seo-wordpress\/ -->\n<title>Set de Regalo de Algod\u00f3n - Mil\u00e1nova &amp; Mil\u00e1nova<\/title>\n<meta name=\"description\" content=\"Set de regalo con dos pa\u00f1uelos de bolsillo en mezcla de algod\u00f3n y seda. Dise\u00f1os originales, dobladillo hecho a mano y edici\u00f3n limitada.\" \/>\n<meta name=\"robots\" content=\"index, follow, max-snippet:-1, max-image-preview:large, max-video-preview:-1\" \/>\n<link rel=\"canonical\" href=\"https:\/\/milanova-milanova.com\/en\/product\/cotton-love-gift-set\/\" \/>\n<meta property=\"og:locale\" content=\"en_US\" \/>\n<meta property=\"og:type\" content=\"article\" \/>\n<meta property=\"og:title\" content=\"Set de Regalo de Algod\u00f3n - Mil\u00e1nova &amp; Mil\u00e1nova\" \/>\n<meta property=\"og:description\" content=\"Set de regalo con dos pa\u00f1uelos de bolsillo en mezcla de algod\u00f3n y seda. Dise\u00f1os originales, dobladillo hecho a mano y edici\u00f3n limitada.\" \/>\n<meta property=\"og:url\" content=\"https:\/\/milanova-milanova.com\/en\/product\/cotton-love-gift-set\/\" \/>\n<meta property=\"og:site_name\" content=\"Mil\u00e1nova &amp; Mil\u00e1nova\" \/>\n<meta property=\"article:modified_time\" content=\"2025-09-03T11:56:58+00:00\" \/>\n<meta property=\"og:image\" content=\"https:\/\/milanova-milanova.com\/wp-content\/uploads\/2025\/07\/Screenshot2024-11-10at20.49.23-1.webp\" \/>\n\t<meta property=\"og:image:width\" content=\"768\" \/>\n\t<meta property=\"og:image:height\" content=\"449\" \/>\n\t<meta property=\"og:image:type\" content=\"image\/webp\" \/>\n<meta name=\"twitter:card\" content=\"summary_large_image\" \/>\n<meta name=\"twitter:label1\" content=\"Est. reading time\" \/>\n\t<meta name=\"twitter:data1\" content=\"1 minute\" \/>\n<script type=\"application\/ld+json\" class=\"yoast-schema-graph\">{\"@context\":\"https:\/\/schema.org\",\"@graph\":[{\"@type\":\"WebPage\",\"@id\":\"https:\/\/milanova-milanova.com\/producto\/cotton-love-gift-set\/\",\"url\":\"https:\/\/milanova-milanova.com\/producto\/cotton-love-gift-set\/\",\"name\":\"Set de Regalo de Algod\u00f3n - Mil\u00e1nova &amp; Mil\u00e1nova\",\"isPartOf\":{\"@id\":\"https:\/\/milanova-milanova.com\/#website\"},\"primaryImageOfPage\":{\"@id\":\"https:\/\/milanova-milanova.com\/producto\/cotton-love-gift-set\/#primaryimage\"},\"image\":{\"@id\":\"https:\/\/milanova-milanova.com\/producto\/cotton-love-gift-set\/#primaryimage\"},\"thumbnailUrl\":\"https:\/\/milanova-milanova.com\/wp-content\/uploads\/2025\/07\/Screenshot2024-11-10at20.49.23-1.webp\",\"datePublished\":\"2025-07-16T18:40:36+00:00\",\"dateModified\":\"2025-09-03T11:56:58+00:00\",\"description\":\"Set de regalo con dos pa\u00f1uelos de bolsillo en mezcla de algod\u00f3n y seda. Dise\u00f1os originales, dobladillo hecho a mano y edici\u00f3n limitada.\",\"breadcrumb\":{\"@id\":\"https:\/\/milanova-milanova.com\/producto\/cotton-love-gift-set\/#breadcrumb\"},\"inLanguage\":\"en-US\",\"potentialAction\":[{\"@type\":\"ReadAction\",\"target\":[\"https:\/\/milanova-milanova.com\/producto\/cotton-love-gift-set\/\"]}]},{\"@type\":\"ImageObject\",\"inLanguage\":\"en-US\",\"@id\":\"https:\/\/milanova-milanova.com\/producto\/cotton-love-gift-set\/#primaryimage\",\"url\":\"https:\/\/milanova-milanova.com\/wp-content\/uploads\/2025\/07\/Screenshot2024-11-10at20.49.23-1.webp\",\"contentUrl\":\"https:\/\/milanova-milanova.com\/wp-content\/uploads\/2025\/07\/Screenshot2024-11-10at20.49.23-1.webp\",\"width\":768,\"height\":449},{\"@type\":\"BreadcrumbList\",\"@id\":\"https:\/\/milanova-milanova.com\/producto\/cotton-love-gift-set\/#breadcrumb\",\"itemListElement\":[{\"@type\":\"ListItem\",\"position\":1,\"name\":\"Portada\",\"item\":\"https:\/\/milanova-milanova.com\/\"},{\"@type\":\"ListItem\",\"position\":2,\"name\":\"Tienda\",\"item\":\"https:\/\/milanova-milanova.com\/tienda\/\"},{\"@type\":\"ListItem\",\"position\":3,\"name\":\"Set de Regalo de Algod\u00f3n\"}]},{\"@type\":\"WebSite\",\"@id\":\"https:\/\/milanova-milanova.com\/#website\",\"url\":\"https:\/\/milanova-milanova.com\/\",\"name\":\"Mil\u00e1nova & Mil\u00e1nova\",\"description\":\"Dise\u00f1o con alma. Artesan\u00eda hecha en Barcelona.\",\"potentialAction\":[{\"@type\":\"SearchAction\",\"target\":{\"@type\":\"EntryPoint\",\"urlTemplate\":\"https:\/\/milanova-milanova.com\/?s={search_term_string}\"},\"query-input\":{\"@type\":\"PropertyValueSpecification\",\"valueRequired\":true,\"valueName\":\"search_term_string\"}}],\"inLanguage\":\"en-US\"}]}<\/script>\n<!-- \/ Yoast SEO plugin. -->","yoast_head_json":{"title":"Set de Regalo de Algod\u00f3n - Mil\u00e1nova &amp; Mil\u00e1nova","description":"Set de regalo con dos pa\u00f1uelos de bolsillo en mezcla de algod\u00f3n y seda. Dise\u00f1os originales, dobladillo hecho a mano y edici\u00f3n limitada.","robots":{"index":"index","follow":"follow","max-snippet":"max-snippet:-1","max-image-preview":"max-image-preview:large","max-video-preview":"max-video-preview:-1"},"canonical":"https:\/\/milanova-milanova.com\/en\/product\/cotton-love-gift-set\/","og_locale":"en_US","og_type":"article","og_title":"Set de Regalo de Algod\u00f3n - Mil\u00e1nova &amp; Mil\u00e1nova","og_description":"Set de regalo con dos pa\u00f1uelos de bolsillo en mezcla de algod\u00f3n y seda. Dise\u00f1os originales, dobladillo hecho a mano y edici\u00f3n limitada.","og_url":"https:\/\/milanova-milanova.com\/en\/product\/cotton-love-gift-set\/","og_site_name":"Mil\u00e1nova &amp; Mil\u00e1nova","article_modified_time":"2025-09-03T11:56:58+00:00","og_image":[{"width":768,"height":449,"url":"https:\/\/milanova-milanova.com\/wp-content\/uploads\/2025\/07\/Screenshot2024-11-10at20.49.23-1.webp","type":"image\/webp"}],"twitter_card":"summary_large_image","twitter_misc":{"Est. reading time":"1 minute"},"schema":{"@context":"https:\/\/schema.org","@graph":[{"@type":"WebPage","@id":"https:\/\/milanova-milanova.com\/producto\/cotton-love-gift-set\/","url":"https:\/\/milanova-milanova.com\/producto\/cotton-love-gift-set\/","name":"Set de Regalo de Algod\u00f3n - Mil\u00e1nova &amp; Mil\u00e1nova","isPartOf":{"@id":"https:\/\/milanova-milanova.com\/#website"},"primaryImageOfPage":{"@id":"https:\/\/milanova-milanova.com\/producto\/cotton-love-gift-set\/#primaryimage"},"image":{"@id":"https:\/\/milanova-milanova.com\/producto\/cotton-love-gift-set\/#primaryimage"},"thumbnailUrl":"https:\/\/milanova-milanova.com\/wp-content\/uploads\/2025\/07\/Screenshot2024-11-10at20.49.23-1.webp","datePublished":"2025-07-16T18:40:36+00:00","dateModified":"2025-09-03T11:56:58+00:00","description":"Set de regalo con dos pa\u00f1uelos de bolsillo en mezcla de algod\u00f3n y seda. Dise\u00f1os originales, dobladillo hecho a mano y edici\u00f3n limitada.","breadcrumb":{"@id":"https:\/\/milanova-milanova.com\/producto\/cotton-love-gift-set\/#breadcrumb"},"inLanguage":"en-US","potentialAction":[{"@type":"ReadAction","target":["https:\/\/milanova-milanova.com\/producto\/cotton-love-gift-set\/"]}]},{"@type":"ImageObject","inLanguage":"en-US","@id":"https:\/\/milanova-milanova.com\/producto\/cotton-love-gift-set\/#primaryimage","url":"https:\/\/milanova-milanova.com\/wp-content\/uploads\/2025\/07\/Screenshot2024-11-10at20.49.23-1.webp","contentUrl":"https:\/\/milanova-milanova.com\/wp-content\/uploads\/2025\/07\/Screenshot2024-11-10at20.49.23-1.webp","width":768,"height":449},{"@type":"BreadcrumbList","@id":"https:\/\/milanova-milanova.com\/producto\/cotton-love-gift-set\/#breadcrumb","itemListElement":[{"@type":"ListItem","position":1,"name":"Portada","item":"https:\/\/milanova-milanova.com\/"},{"@type":"ListItem","position":2,"name":"Tienda","item":"https:\/\/milanova-milanova.com\/tienda\/"},{"@type":"ListItem","position":3,"name":"Set de Regalo de Algod\u00f3n"}]},{"@type":"WebSite","@id":"https:\/\/milanova-milanova.com\/#website","url":"https:\/\/milanova-milanova.com\/","name":"Mil\u00e1nova & Mil\u00e1nova","description":"Design with soul. Artisan craftsmanship from Barcelona.","potentialAction":[{"@type":"SearchAction","target":{"@type":"EntryPoint","urlTemplate":"https:\/\/milanova-milanova.com\/?s={search_term_string}"},"query-input":{"@type":"PropertyValueSpecification","valueRequired":true,"valueName":"search_term_string"}}],"inLanguage":"en-US"}]}},"_links":{"self":[{"href":"https:\/\/milanova-milanova.com\/en\/wp-json\/wp\/v2\/product\/395","targetHints":{"allow":["GET"]}}],"collection":[{"href":"https:\/\/milanova-milanova.com\/en\/wp-json\/wp\/v2\/product"}],"about":[{"href":"https:\/\/milanova-milanova.com\/en\/wp-json\/wp\/v2\/types\/product"}],"replies":[{"embeddable":true,"href":"https:\/\/milanova-milanova.com\/en\/wp-json\/wp\/v2\/comments?post=395"}],"wp:featuredmedia":[{"embeddable":true,"href":"https:\/\/milanova-milanova.com\/en\/wp-json\/wp\/v2\/media\/414"}],"wp:attachment":[{"href":"https:\/\/milanova-milanova.com\/en\/wp-json\/wp\/v2\/media?parent=395"}],"wp:term":[{"taxonomy":"product_brand","embeddable":true,"href":"https:\/\/milanova-milanova.com\/en\/wp-json\/wp\/v2\/product_brand?post=395"},{"taxonomy":"product_cat","embeddable":true,"href":"https:\/\/milanova-milanova.com\/en\/wp-json\/wp\/v2\/product_cat?post=395"},{"taxonomy":"product_tag","embeddable":true,"href":"https:\/\/milanova-milanova.com\/en\/wp-json\/wp\/v2\/product_tag?post=395"}],"curies":[{"name":"wp","href":"https:\/\/api.w.org\/{rel}","templated":true}]}}