{"id":366,"date":"2025-07-16T20:22:49","date_gmt":"2025-07-16T18:22:49","guid":{"rendered":"https:\/\/milanova-milanova.com\/?post_type=product&#038;p=366"},"modified":"2025-09-21T01:58:18","modified_gmt":"2025-09-20T23:58:18","slug":"sunrise-tango","status":"publish","type":"product","link":"https:\/\/milanova-milanova.com\/en\/product\/sunrise-tango\/","title":{"rendered":"Pa\u00f1uelo de bolsillo &#8216;Sunrise Tango&#8217;"},"content":{"rendered":"<p data-start=\"579\" data-end=\"696\">Pa\u00f1uelo de bolsillo &#8216;Sunrise Tango&#8217;:<\/p>\n<p data-start=\"44\" data-end=\"66\">70% cotton and 30% silk<\/p>\n<p data-start=\"68\" data-end=\"104\">32 x 32 cm, hand-rolled hem<\/p>\n<p data-start=\"106\" data-end=\"577\">Explore our geometric pocket square in a warm mustard shade, where modernity meets sophistication. Its rich hue exudes confidence, while the pattern lends depth and character to any outfit. Made from a refined cotton-silk blend, it offers a lighter, more casual, and earthy feel than pure silk. With a delicate touch of transparency, this piece embodies a relaxed elegance with distinctive character.<\/p>\n<p data-start=\"28\" data-end=\"186\">Explore more in our collection with the <a class=\"decorated-link\" href=\"https:\/\/milanova-milanova.com\/en\/product\/fishok\/?trp-edit-translation=true\" target=\"_new\" rel=\"noopener\" data-start=\"68\" data-end=\"183\">pa\u00f1uelo de bolsillo de seda pura Fishok<\/a>.<\/p>\n<p data-start=\"188\" data-end=\"372\" data-is-last-node=\"\" data-is-only-node=\"\">Our silk scarves are printed by <a class=\"decorated-link\" href=\"https:\/\/www.lafotoserica.it\/\" target=\"_new\" rel=\"noopener\" data-start=\"233\" data-end=\"279\">La Foto Serica<\/a>an established company in Como, Italy, where the finest silk fabrics are printed.<\/p>","protected":false},"excerpt":{"rendered":"<p data-start=\"44\" data-end=\"66\">Pa\u00f1uelo de bolsillo &#8216;Sunrise Tango&#8217;:<\/p>\n<p data-start=\"44\" data-end=\"66\">70% cotton and 30% silk<\/p>\n<p data-start=\"68\" data-end=\"104\">32 x 32 cm, hand-rolled hem<\/p>\n<p data-start=\"106\" data-end=\"577\">Explore our geometric pocket square in a warm mustard shade, where modernity meets sophistication. Its rich hue exudes confidence, while the pattern lends depth and character to any outfit. Made from a refined cotton-silk blend, it offers a lighter, more casual, and earthy feel than pure silk. With a delicate touch of transparency, this piece embodies a relaxed elegance with distinctive character.<\/p>","protected":false},"featured_media":367,"comment_status":"open","ping_status":"closed","template":"","meta":[],"product_brand":[],"product_cat":[32],"product_tag":[],"class_list":{"0":"post-366","1":"product","2":"type-product","3":"status-publish","4":"has-post-thumbnail","6":"product_cat-panuelos-de-bolsillo-de-algodon-y-seda","8":"first","9":"instock","10":"shipping-taxable","11":"purchasable","12":"product-type-simple"},"yoast_head":"<!-- This site is optimized with the Yoast SEO plugin v27.0 - https:\/\/yoast.com\/product\/yoast-seo-wordpress\/ -->\n<title>Pa\u00f1uelo de bolsillo &#039;Sunrise Tango&#039; - Mil\u00e1nova &amp; Mil\u00e1nova<\/title>\n<meta name=\"description\" content=\"Pa\u00f1uelo de bolsillo \u2018Sunrise Tango\u2019 en mezcla de algod\u00f3n y seda. Dise\u00f1o geom\u00e9trico mostaza, ligero, sofisticado y acabado a mano.\" \/>\n<meta name=\"robots\" content=\"index, follow, max-snippet:-1, max-image-preview:large, max-video-preview:-1\" \/>\n<link rel=\"canonical\" href=\"https:\/\/milanova-milanova.com\/en\/product\/sunrise-tango\/\" \/>\n<meta property=\"og:locale\" content=\"en_US\" \/>\n<meta property=\"og:type\" content=\"article\" \/>\n<meta property=\"og:title\" content=\"Pa\u00f1uelo de bolsillo &#039;Sunrise Tango&#039; - Mil\u00e1nova &amp; Mil\u00e1nova\" \/>\n<meta property=\"og:description\" content=\"Pa\u00f1uelo de bolsillo \u2018Sunrise Tango\u2019 en mezcla de algod\u00f3n y seda. Dise\u00f1o geom\u00e9trico mostaza, ligero, sofisticado y acabado a mano.\" \/>\n<meta property=\"og:url\" content=\"https:\/\/milanova-milanova.com\/en\/product\/sunrise-tango\/\" \/>\n<meta property=\"og:site_name\" content=\"Mil\u00e1nova &amp; Mil\u00e1nova\" \/>\n<meta property=\"article:modified_time\" content=\"2025-09-20T23:58:18+00:00\" \/>\n<meta property=\"og:image\" content=\"https:\/\/milanova-milanova.com\/wp-content\/uploads\/2025\/07\/DSC_2181.webp\" \/>\n\t<meta property=\"og:image:width\" content=\"768\" \/>\n\t<meta property=\"og:image:height\" content=\"510\" \/>\n\t<meta property=\"og:image:type\" content=\"image\/webp\" \/>\n<meta name=\"twitter:card\" content=\"summary_large_image\" \/>\n<meta name=\"twitter:label1\" content=\"Est. reading time\" \/>\n\t<meta name=\"twitter:data1\" content=\"1 minute\" \/>\n<script type=\"application\/ld+json\" class=\"yoast-schema-graph\">{\"@context\":\"https:\/\/schema.org\",\"@graph\":[{\"@type\":\"WebPage\",\"@id\":\"https:\/\/milanova-milanova.com\/producto\/sunrise-tango\/\",\"url\":\"https:\/\/milanova-milanova.com\/producto\/sunrise-tango\/\",\"name\":\"Pa\u00f1uelo de bolsillo 'Sunrise Tango' - Mil\u00e1nova &amp; Mil\u00e1nova\",\"isPartOf\":{\"@id\":\"https:\/\/milanova-milanova.com\/#website\"},\"primaryImageOfPage\":{\"@id\":\"https:\/\/milanova-milanova.com\/producto\/sunrise-tango\/#primaryimage\"},\"image\":{\"@id\":\"https:\/\/milanova-milanova.com\/producto\/sunrise-tango\/#primaryimage\"},\"thumbnailUrl\":\"https:\/\/milanova-milanova.com\/wp-content\/uploads\/2025\/07\/DSC_2181.webp\",\"datePublished\":\"2025-07-16T18:22:49+00:00\",\"dateModified\":\"2025-09-20T23:58:18+00:00\",\"description\":\"Pa\u00f1uelo de bolsillo \u2018Sunrise Tango\u2019 en mezcla de algod\u00f3n y seda. Dise\u00f1o geom\u00e9trico mostaza, ligero, sofisticado y acabado a mano.\",\"breadcrumb\":{\"@id\":\"https:\/\/milanova-milanova.com\/producto\/sunrise-tango\/#breadcrumb\"},\"inLanguage\":\"en-US\",\"potentialAction\":[{\"@type\":\"ReadAction\",\"target\":[\"https:\/\/milanova-milanova.com\/producto\/sunrise-tango\/\"]}]},{\"@type\":\"ImageObject\",\"inLanguage\":\"en-US\",\"@id\":\"https:\/\/milanova-milanova.com\/producto\/sunrise-tango\/#primaryimage\",\"url\":\"https:\/\/milanova-milanova.com\/wp-content\/uploads\/2025\/07\/DSC_2181.webp\",\"contentUrl\":\"https:\/\/milanova-milanova.com\/wp-content\/uploads\/2025\/07\/DSC_2181.webp\",\"width\":768,\"height\":510},{\"@type\":\"BreadcrumbList\",\"@id\":\"https:\/\/milanova-milanova.com\/producto\/sunrise-tango\/#breadcrumb\",\"itemListElement\":[{\"@type\":\"ListItem\",\"position\":1,\"name\":\"Portada\",\"item\":\"https:\/\/milanova-milanova.com\/\"},{\"@type\":\"ListItem\",\"position\":2,\"name\":\"Tienda\",\"item\":\"https:\/\/milanova-milanova.com\/tienda\/\"},{\"@type\":\"ListItem\",\"position\":3,\"name\":\"Pa\u00f1uelo de bolsillo &#8216;Sunrise Tango&#8217;\"}]},{\"@type\":\"WebSite\",\"@id\":\"https:\/\/milanova-milanova.com\/#website\",\"url\":\"https:\/\/milanova-milanova.com\/\",\"name\":\"Mil\u00e1nova & Mil\u00e1nova\",\"description\":\"Dise\u00f1o con alma. Artesan\u00eda hecha en Barcelona.\",\"potentialAction\":[{\"@type\":\"SearchAction\",\"target\":{\"@type\":\"EntryPoint\",\"urlTemplate\":\"https:\/\/milanova-milanova.com\/?s={search_term_string}\"},\"query-input\":{\"@type\":\"PropertyValueSpecification\",\"valueRequired\":true,\"valueName\":\"search_term_string\"}}],\"inLanguage\":\"en-US\"}]}<\/script>\n<!-- \/ Yoast SEO plugin. -->","yoast_head_json":{"title":"Pa\u00f1uelo de bolsillo 'Sunrise Tango' - Mil\u00e1nova &amp; Mil\u00e1nova","description":"Pa\u00f1uelo de bolsillo \u2018Sunrise Tango\u2019 en mezcla de algod\u00f3n y seda. Dise\u00f1o geom\u00e9trico mostaza, ligero, sofisticado y acabado a mano.","robots":{"index":"index","follow":"follow","max-snippet":"max-snippet:-1","max-image-preview":"max-image-preview:large","max-video-preview":"max-video-preview:-1"},"canonical":"https:\/\/milanova-milanova.com\/en\/product\/sunrise-tango\/","og_locale":"en_US","og_type":"article","og_title":"Pa\u00f1uelo de bolsillo 'Sunrise Tango' - Mil\u00e1nova &amp; Mil\u00e1nova","og_description":"Pa\u00f1uelo de bolsillo \u2018Sunrise Tango\u2019 en mezcla de algod\u00f3n y seda. Dise\u00f1o geom\u00e9trico mostaza, ligero, sofisticado y acabado a mano.","og_url":"https:\/\/milanova-milanova.com\/en\/product\/sunrise-tango\/","og_site_name":"Mil\u00e1nova &amp; Mil\u00e1nova","article_modified_time":"2025-09-20T23:58:18+00:00","og_image":[{"width":768,"height":510,"url":"https:\/\/milanova-milanova.com\/wp-content\/uploads\/2025\/07\/DSC_2181.webp","type":"image\/webp"}],"twitter_card":"summary_large_image","twitter_misc":{"Est. reading time":"1 minute"},"schema":{"@context":"https:\/\/schema.org","@graph":[{"@type":"WebPage","@id":"https:\/\/milanova-milanova.com\/producto\/sunrise-tango\/","url":"https:\/\/milanova-milanova.com\/producto\/sunrise-tango\/","name":"Pa\u00f1uelo de bolsillo 'Sunrise Tango' - Mil\u00e1nova &amp; Mil\u00e1nova","isPartOf":{"@id":"https:\/\/milanova-milanova.com\/#website"},"primaryImageOfPage":{"@id":"https:\/\/milanova-milanova.com\/producto\/sunrise-tango\/#primaryimage"},"image":{"@id":"https:\/\/milanova-milanova.com\/producto\/sunrise-tango\/#primaryimage"},"thumbnailUrl":"https:\/\/milanova-milanova.com\/wp-content\/uploads\/2025\/07\/DSC_2181.webp","datePublished":"2025-07-16T18:22:49+00:00","dateModified":"2025-09-20T23:58:18+00:00","description":"Pa\u00f1uelo de bolsillo \u2018Sunrise Tango\u2019 en mezcla de algod\u00f3n y seda. Dise\u00f1o geom\u00e9trico mostaza, ligero, sofisticado y acabado a mano.","breadcrumb":{"@id":"https:\/\/milanova-milanova.com\/producto\/sunrise-tango\/#breadcrumb"},"inLanguage":"en-US","potentialAction":[{"@type":"ReadAction","target":["https:\/\/milanova-milanova.com\/producto\/sunrise-tango\/"]}]},{"@type":"ImageObject","inLanguage":"en-US","@id":"https:\/\/milanova-milanova.com\/producto\/sunrise-tango\/#primaryimage","url":"https:\/\/milanova-milanova.com\/wp-content\/uploads\/2025\/07\/DSC_2181.webp","contentUrl":"https:\/\/milanova-milanova.com\/wp-content\/uploads\/2025\/07\/DSC_2181.webp","width":768,"height":510},{"@type":"BreadcrumbList","@id":"https:\/\/milanova-milanova.com\/producto\/sunrise-tango\/#breadcrumb","itemListElement":[{"@type":"ListItem","position":1,"name":"Portada","item":"https:\/\/milanova-milanova.com\/"},{"@type":"ListItem","position":2,"name":"Tienda","item":"https:\/\/milanova-milanova.com\/tienda\/"},{"@type":"ListItem","position":3,"name":"Pa\u00f1uelo de bolsillo &#8216;Sunrise Tango&#8217;"}]},{"@type":"WebSite","@id":"https:\/\/milanova-milanova.com\/#website","url":"https:\/\/milanova-milanova.com\/","name":"Mil\u00e1nova & Mil\u00e1nova","description":"Design with soul. Artisan craftsmanship from Barcelona.","potentialAction":[{"@type":"SearchAction","target":{"@type":"EntryPoint","urlTemplate":"https:\/\/milanova-milanova.com\/?s={search_term_string}"},"query-input":{"@type":"PropertyValueSpecification","valueRequired":true,"valueName":"search_term_string"}}],"inLanguage":"en-US"}]}},"_links":{"self":[{"href":"https:\/\/milanova-milanova.com\/en\/wp-json\/wp\/v2\/product\/366","targetHints":{"allow":["GET"]}}],"collection":[{"href":"https:\/\/milanova-milanova.com\/en\/wp-json\/wp\/v2\/product"}],"about":[{"href":"https:\/\/milanova-milanova.com\/en\/wp-json\/wp\/v2\/types\/product"}],"replies":[{"embeddable":true,"href":"https:\/\/milanova-milanova.com\/en\/wp-json\/wp\/v2\/comments?post=366"}],"wp:featuredmedia":[{"embeddable":true,"href":"https:\/\/milanova-milanova.com\/en\/wp-json\/wp\/v2\/media\/367"}],"wp:attachment":[{"href":"https:\/\/milanova-milanova.com\/en\/wp-json\/wp\/v2\/media?parent=366"}],"wp:term":[{"taxonomy":"product_brand","embeddable":true,"href":"https:\/\/milanova-milanova.com\/en\/wp-json\/wp\/v2\/product_brand?post=366"},{"taxonomy":"product_cat","embeddable":true,"href":"https:\/\/milanova-milanova.com\/en\/wp-json\/wp\/v2\/product_cat?post=366"},{"taxonomy":"product_tag","embeddable":true,"href":"https:\/\/milanova-milanova.com\/en\/wp-json\/wp\/v2\/product_tag?post=366"}],"curies":[{"name":"wp","href":"https:\/\/api.w.org\/{rel}","templated":true}]}}