{"id":337,"date":"2025-07-16T20:09:50","date_gmt":"2025-07-16T18:09:50","guid":{"rendered":"https:\/\/milanova-milanova.com\/?post_type=product&#038;p=337"},"modified":"2026-03-12T13:34:24","modified_gmt":"2026-03-12T12:34:24","slug":"elise","status":"publish","type":"product","link":"https:\/\/milanova-milanova.com\/en\/product\/elise\/","title":{"rendered":"Silk scarf Elise"},"content":{"rendered":"<p>Pa\u00f1uelo de seda Elise:<\/p>\n<p data-start=\"44\" data-end=\"101\">100% silk twill<br data-start=\"59\" data-end=\"62\" \/>67 x 67 cm<br data-start=\"72\" data-end=\"75\" \/>hand-rolled hem<\/p>\n<p data-start=\"103\" data-end=\"497\">Crafted from luxurious silk twill sourced from the shores of Lake Como, this scarf embodies timeless elegance. The silk scarf features elements in <em data-start=\"270\" data-end=\"288\">Trapped Darkness<\/em>a dark, deep blue, elegantly layered over a background in <em data-start=\"361\" data-end=\"373\">Pearl Dust<\/em>a soft and lustrous off-white tone. The combination creates a striking contrast that is both refined and captivating.<\/p>\n<p data-start=\"499\" data-end=\"665\">Designed in our atelier and fully hand-finished, each piece features a meticulous hand-rolled hem. A true testament to craftsmanship.<\/p>\n<p data-start=\"37\" data-end=\"152\">Explore more in our collection with the <a class=\"decorated-link\" href=\"https:\/\/milanova-milanova.com\/en\/product\/clementine\/?utm_source=chatgpt.com\" target=\"_new\" rel=\"noopener\" data-start=\"77\" data-end=\"149\">pa\u00f1uelo Clementine<\/a>.<\/p>\n<p data-start=\"154\" data-end=\"338\" data-is-last-node=\"\" data-is-only-node=\"\">Our silk scarves are printed by <a class=\"decorated-link\" href=\"https:\/\/www.lafotoserica.it\/?utm_source=chatgpt.com\" target=\"_new\" rel=\"noopener\" data-start=\"199\" data-end=\"245\">La Foto Serica<\/a>an established company in Como, Italy, where the finest silk fabrics are printed.<\/p>\n<p>&nbsp;<\/p>","protected":false},"excerpt":{"rendered":"<p data-start=\"44\" data-end=\"101\">100% silk twill<br data-start=\"59\" data-end=\"62\" \/>67 x 67 cm<br data-start=\"72\" data-end=\"75\" \/>hand-rolled hem<\/p>\n<p data-start=\"103\" data-end=\"497\">Crafted from luxurious silk twill sourced from the shores of Lake Como, this scarf embodies timeless elegance. The silk scarf features elements in <em data-start=\"270\" data-end=\"288\">Trapped Darkness<\/em>a dark, deep blue, elegantly layered over a background in <em data-start=\"361\" data-end=\"373\">Pearl Dust<\/em>a soft and lustrous off-white tone. The combination creates a striking contrast that is both refined and captivating.<\/p>\n<p data-start=\"499\" data-end=\"665\">Designed in our atelier and fully hand-finished, each piece features a meticulous hand-rolled hem. A true testament to craftsmanship.<\/p>","protected":false},"featured_media":338,"comment_status":"open","ping_status":"closed","template":"","meta":[],"product_brand":[],"product_cat":[31],"product_tag":[],"class_list":{"0":"post-337","1":"product","2":"type-product","3":"status-publish","4":"has-post-thumbnail","6":"product_cat-panuelos-de-seda","8":"first","9":"instock","10":"shipping-taxable","11":"purchasable","12":"product-type-simple"},"yoast_head":"<!-- This site is optimized with the Yoast SEO plugin v27.0 - https:\/\/yoast.com\/product\/yoast-seo-wordpress\/ -->\n<title>Pa\u00f1uelo de seda Elise - Mil\u00e1nova &amp; Mil\u00e1nova<\/title>\n<meta name=\"description\" content=\"Pa\u00f1uelo de seda twill en azul Trapped Darkness y blanco Pearl Dust. Seda de Como, dise\u00f1o de atelier y acabado artesanal con bordes a mano.\" \/>\n<meta name=\"robots\" content=\"index, follow, max-snippet:-1, max-image-preview:large, max-video-preview:-1\" \/>\n<link rel=\"canonical\" href=\"https:\/\/milanova-milanova.com\/en\/product\/elise\/\" \/>\n<meta property=\"og:locale\" content=\"en_US\" \/>\n<meta property=\"og:type\" content=\"article\" \/>\n<meta property=\"og:title\" content=\"Pa\u00f1uelo de seda Elise - Mil\u00e1nova &amp; Mil\u00e1nova\" \/>\n<meta property=\"og:description\" content=\"Pa\u00f1uelo de seda twill en azul Trapped Darkness y blanco Pearl Dust. Seda de Como, dise\u00f1o de atelier y acabado artesanal con bordes a mano.\" \/>\n<meta property=\"og:url\" content=\"https:\/\/milanova-milanova.com\/en\/product\/elise\/\" \/>\n<meta property=\"og:site_name\" content=\"Mil\u00e1nova &amp; Mil\u00e1nova\" \/>\n<meta property=\"article:modified_time\" content=\"2026-03-12T12:34:24+00:00\" \/>\n<meta property=\"og:image\" content=\"https:\/\/milanova-milanova.com\/wp-content\/uploads\/2025\/07\/DSC_2385.webp\" \/>\n\t<meta property=\"og:image:width\" content=\"768\" \/>\n\t<meta property=\"og:image:height\" content=\"510\" \/>\n\t<meta property=\"og:image:type\" content=\"image\/webp\" \/>\n<meta name=\"twitter:card\" content=\"summary_large_image\" \/>\n<meta name=\"twitter:label1\" content=\"Est. reading time\" \/>\n\t<meta name=\"twitter:data1\" content=\"1 minute\" \/>\n<script type=\"application\/ld+json\" class=\"yoast-schema-graph\">{\"@context\":\"https:\/\/schema.org\",\"@graph\":[{\"@type\":\"WebPage\",\"@id\":\"https:\/\/milanova-milanova.com\/producto\/elise\/\",\"url\":\"https:\/\/milanova-milanova.com\/producto\/elise\/\",\"name\":\"Pa\u00f1uelo de seda Elise - Mil\u00e1nova &amp; Mil\u00e1nova\",\"isPartOf\":{\"@id\":\"https:\/\/milanova-milanova.com\/#website\"},\"primaryImageOfPage\":{\"@id\":\"https:\/\/milanova-milanova.com\/producto\/elise\/#primaryimage\"},\"image\":{\"@id\":\"https:\/\/milanova-milanova.com\/producto\/elise\/#primaryimage\"},\"thumbnailUrl\":\"https:\/\/milanova-milanova.com\/wp-content\/uploads\/2025\/07\/DSC_2385.webp\",\"datePublished\":\"2025-07-16T18:09:50+00:00\",\"dateModified\":\"2026-03-12T12:34:24+00:00\",\"description\":\"Pa\u00f1uelo de seda twill en azul Trapped Darkness y blanco Pearl Dust. Seda de Como, dise\u00f1o de atelier y acabado artesanal con bordes a mano.\",\"breadcrumb\":{\"@id\":\"https:\/\/milanova-milanova.com\/producto\/elise\/#breadcrumb\"},\"inLanguage\":\"en-US\",\"potentialAction\":[{\"@type\":\"ReadAction\",\"target\":[\"https:\/\/milanova-milanova.com\/producto\/elise\/\"]}]},{\"@type\":\"ImageObject\",\"inLanguage\":\"en-US\",\"@id\":\"https:\/\/milanova-milanova.com\/producto\/elise\/#primaryimage\",\"url\":\"https:\/\/milanova-milanova.com\/wp-content\/uploads\/2025\/07\/DSC_2385.webp\",\"contentUrl\":\"https:\/\/milanova-milanova.com\/wp-content\/uploads\/2025\/07\/DSC_2385.webp\",\"width\":768,\"height\":510,\"caption\":\"Pa\u00f1uelo de seda Elise\"},{\"@type\":\"BreadcrumbList\",\"@id\":\"https:\/\/milanova-milanova.com\/producto\/elise\/#breadcrumb\",\"itemListElement\":[{\"@type\":\"ListItem\",\"position\":1,\"name\":\"Portada\",\"item\":\"https:\/\/milanova-milanova.com\/\"},{\"@type\":\"ListItem\",\"position\":2,\"name\":\"Tienda\",\"item\":\"https:\/\/milanova-milanova.com\/tienda\/\"},{\"@type\":\"ListItem\",\"position\":3,\"name\":\"Pa\u00f1uelo de seda Elise\"}]},{\"@type\":\"WebSite\",\"@id\":\"https:\/\/milanova-milanova.com\/#website\",\"url\":\"https:\/\/milanova-milanova.com\/\",\"name\":\"Mil\u00e1nova & Mil\u00e1nova\",\"description\":\"Dise\u00f1o con alma. Artesan\u00eda hecha en Barcelona.\",\"potentialAction\":[{\"@type\":\"SearchAction\",\"target\":{\"@type\":\"EntryPoint\",\"urlTemplate\":\"https:\/\/milanova-milanova.com\/?s={search_term_string}\"},\"query-input\":{\"@type\":\"PropertyValueSpecification\",\"valueRequired\":true,\"valueName\":\"search_term_string\"}}],\"inLanguage\":\"en-US\"}]}<\/script>\n<!-- \/ Yoast SEO plugin. -->","yoast_head_json":{"title":"Pa\u00f1uelo de seda Elise - Mil\u00e1nova &amp; Mil\u00e1nova","description":"Pa\u00f1uelo de seda twill en azul Trapped Darkness y blanco Pearl Dust. Seda de Como, dise\u00f1o de atelier y acabado artesanal con bordes a mano.","robots":{"index":"index","follow":"follow","max-snippet":"max-snippet:-1","max-image-preview":"max-image-preview:large","max-video-preview":"max-video-preview:-1"},"canonical":"https:\/\/milanova-milanova.com\/en\/product\/elise\/","og_locale":"en_US","og_type":"article","og_title":"Pa\u00f1uelo de seda Elise - Mil\u00e1nova &amp; Mil\u00e1nova","og_description":"Pa\u00f1uelo de seda twill en azul Trapped Darkness y blanco Pearl Dust. Seda de Como, dise\u00f1o de atelier y acabado artesanal con bordes a mano.","og_url":"https:\/\/milanova-milanova.com\/en\/product\/elise\/","og_site_name":"Mil\u00e1nova &amp; Mil\u00e1nova","article_modified_time":"2026-03-12T12:34:24+00:00","og_image":[{"width":768,"height":510,"url":"https:\/\/milanova-milanova.com\/wp-content\/uploads\/2025\/07\/DSC_2385.webp","type":"image\/webp"}],"twitter_card":"summary_large_image","twitter_misc":{"Est. reading time":"1 minute"},"schema":{"@context":"https:\/\/schema.org","@graph":[{"@type":"WebPage","@id":"https:\/\/milanova-milanova.com\/producto\/elise\/","url":"https:\/\/milanova-milanova.com\/producto\/elise\/","name":"Pa\u00f1uelo de seda Elise - Mil\u00e1nova &amp; Mil\u00e1nova","isPartOf":{"@id":"https:\/\/milanova-milanova.com\/#website"},"primaryImageOfPage":{"@id":"https:\/\/milanova-milanova.com\/producto\/elise\/#primaryimage"},"image":{"@id":"https:\/\/milanova-milanova.com\/producto\/elise\/#primaryimage"},"thumbnailUrl":"https:\/\/milanova-milanova.com\/wp-content\/uploads\/2025\/07\/DSC_2385.webp","datePublished":"2025-07-16T18:09:50+00:00","dateModified":"2026-03-12T12:34:24+00:00","description":"Pa\u00f1uelo de seda twill en azul Trapped Darkness y blanco Pearl Dust. Seda de Como, dise\u00f1o de atelier y acabado artesanal con bordes a mano.","breadcrumb":{"@id":"https:\/\/milanova-milanova.com\/producto\/elise\/#breadcrumb"},"inLanguage":"en-US","potentialAction":[{"@type":"ReadAction","target":["https:\/\/milanova-milanova.com\/producto\/elise\/"]}]},{"@type":"ImageObject","inLanguage":"en-US","@id":"https:\/\/milanova-milanova.com\/producto\/elise\/#primaryimage","url":"https:\/\/milanova-milanova.com\/wp-content\/uploads\/2025\/07\/DSC_2385.webp","contentUrl":"https:\/\/milanova-milanova.com\/wp-content\/uploads\/2025\/07\/DSC_2385.webp","width":768,"height":510,"caption":"Pa\u00f1uelo de seda Elise"},{"@type":"BreadcrumbList","@id":"https:\/\/milanova-milanova.com\/producto\/elise\/#breadcrumb","itemListElement":[{"@type":"ListItem","position":1,"name":"Portada","item":"https:\/\/milanova-milanova.com\/"},{"@type":"ListItem","position":2,"name":"Tienda","item":"https:\/\/milanova-milanova.com\/tienda\/"},{"@type":"ListItem","position":3,"name":"Pa\u00f1uelo de seda Elise"}]},{"@type":"WebSite","@id":"https:\/\/milanova-milanova.com\/#website","url":"https:\/\/milanova-milanova.com\/","name":"Mil\u00e1nova & Mil\u00e1nova","description":"Design with soul. Artisan craftsmanship from Barcelona.","potentialAction":[{"@type":"SearchAction","target":{"@type":"EntryPoint","urlTemplate":"https:\/\/milanova-milanova.com\/?s={search_term_string}"},"query-input":{"@type":"PropertyValueSpecification","valueRequired":true,"valueName":"search_term_string"}}],"inLanguage":"en-US"}]}},"_links":{"self":[{"href":"https:\/\/milanova-milanova.com\/en\/wp-json\/wp\/v2\/product\/337","targetHints":{"allow":["GET"]}}],"collection":[{"href":"https:\/\/milanova-milanova.com\/en\/wp-json\/wp\/v2\/product"}],"about":[{"href":"https:\/\/milanova-milanova.com\/en\/wp-json\/wp\/v2\/types\/product"}],"replies":[{"embeddable":true,"href":"https:\/\/milanova-milanova.com\/en\/wp-json\/wp\/v2\/comments?post=337"}],"wp:featuredmedia":[{"embeddable":true,"href":"https:\/\/milanova-milanova.com\/en\/wp-json\/wp\/v2\/media\/338"}],"wp:attachment":[{"href":"https:\/\/milanova-milanova.com\/en\/wp-json\/wp\/v2\/media?parent=337"}],"wp:term":[{"taxonomy":"product_brand","embeddable":true,"href":"https:\/\/milanova-milanova.com\/en\/wp-json\/wp\/v2\/product_brand?post=337"},{"taxonomy":"product_cat","embeddable":true,"href":"https:\/\/milanova-milanova.com\/en\/wp-json\/wp\/v2\/product_cat?post=337"},{"taxonomy":"product_tag","embeddable":true,"href":"https:\/\/milanova-milanova.com\/en\/wp-json\/wp\/v2\/product_tag?post=337"}],"curies":[{"name":"wp","href":"https:\/\/api.w.org\/{rel}","templated":true}]}}