{"id":332,"date":"2025-07-16T20:07:35","date_gmt":"2025-07-16T18:07:35","guid":{"rendered":"https:\/\/milanova-milanova.com\/?post_type=product&#038;p=332"},"modified":"2025-11-27T22:11:49","modified_gmt":"2025-11-27T21:11:49","slug":"ciela","status":"publish","type":"product","link":"https:\/\/milanova-milanova.com\/en\/product\/ciela\/","title":{"rendered":"Silk scarf Ciela"},"content":{"rendered":"<p>Pa\u00f1uelo de seda <em data-start=\"63\" data-end=\"70\">Ciela:<\/em><\/p>\n<p>100% twill silk<br \/>\n67 x 67 cm<br \/>\nhand-rolled edges<\/p>\n<p data-start=\"44\" data-end=\"377\">The silk scarf <em data-start=\"63\" data-end=\"70\">Ciela<\/em>in a delicate Winter Sky blue tone, it is crafted from the finest silk twill sourced from the shores of Lake Como. Designed in our atelier, its serene hue evokes the tranquil beauty of a clear winter\u2019s day. The scarf has been designed in our atelier and hand-finished.<\/p>\n<p>Explore more in our collection with the\u00a0<a class=\"decorated-link\" href=\"https:\/\/milanova-milanova.com\/en\/product\/jade\/?utm_source=chatgpt.com\" target=\"_new\" rel=\"noopener\" data-start=\"152\" data-end=\"212\">Jade silk scarf.<\/a>.<\/p>\n<p>Our silk scarves are printed by\u00a0<a class=\"decorated-link\" href=\"https:\/\/www.lafotoserica.it\/?utm_source=chatgpt.com\" target=\"_new\" rel=\"noopener\" data-start=\"92\" data-end=\"138\">La Foto Serica<\/a>an established company in Como, Italy, where the finest silk fabrics are printed.<\/p>\n<p>&nbsp;<\/p>\n<p>&nbsp;<\/p>","protected":false},"excerpt":{"rendered":"<p>100% silk twill<br data-start=\"64\" data-end=\"67\" \/>67 x 67 cm<br data-start=\"77\" data-end=\"80\" \/>hand-rolled hem<\/p>\n<p data-start=\"44\" data-end=\"377\">The silk scarf <em data-start=\"63\" data-end=\"70\">Ciela<\/em>in a delicate Winter Sky blue tone, it is crafted from the finest silk twill sourced from the shores of Lake Como. Designed in our atelier, its serene hue evokes the tranquil beauty of a clear winter\u2019s day. The scarf has been designed in our atelier and hand-finished.<\/p>\n<p>&nbsp;<\/p>\n<p>&nbsp;<\/p>","protected":false},"featured_media":333,"comment_status":"open","ping_status":"closed","template":"","meta":[],"product_brand":[],"product_cat":[31],"product_tag":[],"class_list":{"0":"post-332","1":"product","2":"type-product","3":"status-publish","4":"has-post-thumbnail","6":"product_cat-panuelos-de-seda","8":"first","9":"instock","10":"sale","11":"shipping-taxable","12":"purchasable","13":"product-type-simple"},"yoast_head":"<!-- This site is optimized with the Yoast SEO plugin v27.0 - https:\/\/yoast.com\/product\/yoast-seo-wordpress\/ -->\n<title>Pa\u00f1uelo de seda Ciela - Mil\u00e1nova &amp; Mil\u00e1nova<\/title>\n<meta name=\"description\" content=\"Pa\u00f1uelo de seda twill \u2018Ciela\u2019 en azul Cielo de Invierno. Seda de Como, dise\u00f1o de atelier y acabado a mano con bordes enrollados.\" \/>\n<meta name=\"robots\" content=\"index, follow, max-snippet:-1, max-image-preview:large, max-video-preview:-1\" \/>\n<link rel=\"canonical\" href=\"https:\/\/milanova-milanova.com\/en\/product\/ciela\/\" \/>\n<meta property=\"og:locale\" content=\"en_US\" \/>\n<meta property=\"og:type\" content=\"article\" \/>\n<meta property=\"og:title\" content=\"Pa\u00f1uelo de seda Ciela - Mil\u00e1nova &amp; Mil\u00e1nova\" \/>\n<meta property=\"og:description\" content=\"Pa\u00f1uelo de seda twill \u2018Ciela\u2019 en azul Cielo de Invierno. Seda de Como, dise\u00f1o de atelier y acabado a mano con bordes enrollados.\" \/>\n<meta property=\"og:url\" content=\"https:\/\/milanova-milanova.com\/en\/product\/ciela\/\" \/>\n<meta property=\"og:site_name\" content=\"Mil\u00e1nova &amp; Mil\u00e1nova\" \/>\n<meta property=\"article:modified_time\" content=\"2025-11-27T21:11:49+00:00\" \/>\n<meta property=\"og:image\" content=\"https:\/\/milanova-milanova.com\/wp-content\/uploads\/2025\/07\/Da_feull_SC_0010.webp\" \/>\n\t<meta property=\"og:image:width\" content=\"768\" \/>\n\t<meta property=\"og:image:height\" content=\"714\" \/>\n\t<meta property=\"og:image:type\" content=\"image\/webp\" \/>\n<meta name=\"twitter:card\" content=\"summary_large_image\" \/>\n<meta name=\"twitter:label1\" content=\"Est. reading time\" \/>\n\t<meta name=\"twitter:data1\" content=\"1 minute\" \/>\n<script type=\"application\/ld+json\" class=\"yoast-schema-graph\">{\"@context\":\"https:\/\/schema.org\",\"@graph\":[{\"@type\":\"WebPage\",\"@id\":\"https:\/\/milanova-milanova.com\/producto\/ciela\/\",\"url\":\"https:\/\/milanova-milanova.com\/producto\/ciela\/\",\"name\":\"Pa\u00f1uelo de seda Ciela - Mil\u00e1nova &amp; Mil\u00e1nova\",\"isPartOf\":{\"@id\":\"https:\/\/milanova-milanova.com\/#website\"},\"primaryImageOfPage\":{\"@id\":\"https:\/\/milanova-milanova.com\/producto\/ciela\/#primaryimage\"},\"image\":{\"@id\":\"https:\/\/milanova-milanova.com\/producto\/ciela\/#primaryimage\"},\"thumbnailUrl\":\"https:\/\/milanova-milanova.com\/wp-content\/uploads\/2025\/07\/Da_feull_SC_0010.webp\",\"datePublished\":\"2025-07-16T18:07:35+00:00\",\"dateModified\":\"2025-11-27T21:11:49+00:00\",\"description\":\"Pa\u00f1uelo de seda twill \u2018Ciela\u2019 en azul Cielo de Invierno. Seda de Como, dise\u00f1o de atelier y acabado a mano con bordes enrollados.\",\"breadcrumb\":{\"@id\":\"https:\/\/milanova-milanova.com\/producto\/ciela\/#breadcrumb\"},\"inLanguage\":\"en-US\",\"potentialAction\":[{\"@type\":\"ReadAction\",\"target\":[\"https:\/\/milanova-milanova.com\/producto\/ciela\/\"]}]},{\"@type\":\"ImageObject\",\"inLanguage\":\"en-US\",\"@id\":\"https:\/\/milanova-milanova.com\/producto\/ciela\/#primaryimage\",\"url\":\"https:\/\/milanova-milanova.com\/wp-content\/uploads\/2025\/07\/Da_feull_SC_0010.webp\",\"contentUrl\":\"https:\/\/milanova-milanova.com\/wp-content\/uploads\/2025\/07\/Da_feull_SC_0010.webp\",\"width\":768,\"height\":714},{\"@type\":\"BreadcrumbList\",\"@id\":\"https:\/\/milanova-milanova.com\/producto\/ciela\/#breadcrumb\",\"itemListElement\":[{\"@type\":\"ListItem\",\"position\":1,\"name\":\"Portada\",\"item\":\"https:\/\/milanova-milanova.com\/\"},{\"@type\":\"ListItem\",\"position\":2,\"name\":\"Tienda\",\"item\":\"https:\/\/milanova-milanova.com\/tienda\/\"},{\"@type\":\"ListItem\",\"position\":3,\"name\":\"Pa\u00f1uelo de seda Ciela\"}]},{\"@type\":\"WebSite\",\"@id\":\"https:\/\/milanova-milanova.com\/#website\",\"url\":\"https:\/\/milanova-milanova.com\/\",\"name\":\"Mil\u00e1nova & Mil\u00e1nova\",\"description\":\"Dise\u00f1o con alma. Artesan\u00eda hecha en Barcelona.\",\"potentialAction\":[{\"@type\":\"SearchAction\",\"target\":{\"@type\":\"EntryPoint\",\"urlTemplate\":\"https:\/\/milanova-milanova.com\/?s={search_term_string}\"},\"query-input\":{\"@type\":\"PropertyValueSpecification\",\"valueRequired\":true,\"valueName\":\"search_term_string\"}}],\"inLanguage\":\"en-US\"}]}<\/script>\n<!-- \/ Yoast SEO plugin. -->","yoast_head_json":{"title":"Pa\u00f1uelo de seda Ciela - Mil\u00e1nova &amp; Mil\u00e1nova","description":"Pa\u00f1uelo de seda twill \u2018Ciela\u2019 en azul Cielo de Invierno. Seda de Como, dise\u00f1o de atelier y acabado a mano con bordes enrollados.","robots":{"index":"index","follow":"follow","max-snippet":"max-snippet:-1","max-image-preview":"max-image-preview:large","max-video-preview":"max-video-preview:-1"},"canonical":"https:\/\/milanova-milanova.com\/en\/product\/ciela\/","og_locale":"en_US","og_type":"article","og_title":"Pa\u00f1uelo de seda Ciela - Mil\u00e1nova &amp; Mil\u00e1nova","og_description":"Pa\u00f1uelo de seda twill \u2018Ciela\u2019 en azul Cielo de Invierno. Seda de Como, dise\u00f1o de atelier y acabado a mano con bordes enrollados.","og_url":"https:\/\/milanova-milanova.com\/en\/product\/ciela\/","og_site_name":"Mil\u00e1nova &amp; Mil\u00e1nova","article_modified_time":"2025-11-27T21:11:49+00:00","og_image":[{"width":768,"height":714,"url":"https:\/\/milanova-milanova.com\/wp-content\/uploads\/2025\/07\/Da_feull_SC_0010.webp","type":"image\/webp"}],"twitter_card":"summary_large_image","twitter_misc":{"Est. reading time":"1 minute"},"schema":{"@context":"https:\/\/schema.org","@graph":[{"@type":"WebPage","@id":"https:\/\/milanova-milanova.com\/producto\/ciela\/","url":"https:\/\/milanova-milanova.com\/producto\/ciela\/","name":"Pa\u00f1uelo de seda Ciela - Mil\u00e1nova &amp; Mil\u00e1nova","isPartOf":{"@id":"https:\/\/milanova-milanova.com\/#website"},"primaryImageOfPage":{"@id":"https:\/\/milanova-milanova.com\/producto\/ciela\/#primaryimage"},"image":{"@id":"https:\/\/milanova-milanova.com\/producto\/ciela\/#primaryimage"},"thumbnailUrl":"https:\/\/milanova-milanova.com\/wp-content\/uploads\/2025\/07\/Da_feull_SC_0010.webp","datePublished":"2025-07-16T18:07:35+00:00","dateModified":"2025-11-27T21:11:49+00:00","description":"Pa\u00f1uelo de seda twill \u2018Ciela\u2019 en azul Cielo de Invierno. Seda de Como, dise\u00f1o de atelier y acabado a mano con bordes enrollados.","breadcrumb":{"@id":"https:\/\/milanova-milanova.com\/producto\/ciela\/#breadcrumb"},"inLanguage":"en-US","potentialAction":[{"@type":"ReadAction","target":["https:\/\/milanova-milanova.com\/producto\/ciela\/"]}]},{"@type":"ImageObject","inLanguage":"en-US","@id":"https:\/\/milanova-milanova.com\/producto\/ciela\/#primaryimage","url":"https:\/\/milanova-milanova.com\/wp-content\/uploads\/2025\/07\/Da_feull_SC_0010.webp","contentUrl":"https:\/\/milanova-milanova.com\/wp-content\/uploads\/2025\/07\/Da_feull_SC_0010.webp","width":768,"height":714},{"@type":"BreadcrumbList","@id":"https:\/\/milanova-milanova.com\/producto\/ciela\/#breadcrumb","itemListElement":[{"@type":"ListItem","position":1,"name":"Portada","item":"https:\/\/milanova-milanova.com\/"},{"@type":"ListItem","position":2,"name":"Tienda","item":"https:\/\/milanova-milanova.com\/tienda\/"},{"@type":"ListItem","position":3,"name":"Pa\u00f1uelo de seda Ciela"}]},{"@type":"WebSite","@id":"https:\/\/milanova-milanova.com\/#website","url":"https:\/\/milanova-milanova.com\/","name":"Mil\u00e1nova & Mil\u00e1nova","description":"Design with soul. Artisan craftsmanship from Barcelona.","potentialAction":[{"@type":"SearchAction","target":{"@type":"EntryPoint","urlTemplate":"https:\/\/milanova-milanova.com\/?s={search_term_string}"},"query-input":{"@type":"PropertyValueSpecification","valueRequired":true,"valueName":"search_term_string"}}],"inLanguage":"en-US"}]}},"_links":{"self":[{"href":"https:\/\/milanova-milanova.com\/en\/wp-json\/wp\/v2\/product\/332","targetHints":{"allow":["GET"]}}],"collection":[{"href":"https:\/\/milanova-milanova.com\/en\/wp-json\/wp\/v2\/product"}],"about":[{"href":"https:\/\/milanova-milanova.com\/en\/wp-json\/wp\/v2\/types\/product"}],"replies":[{"embeddable":true,"href":"https:\/\/milanova-milanova.com\/en\/wp-json\/wp\/v2\/comments?post=332"}],"wp:featuredmedia":[{"embeddable":true,"href":"https:\/\/milanova-milanova.com\/en\/wp-json\/wp\/v2\/media\/333"}],"wp:attachment":[{"href":"https:\/\/milanova-milanova.com\/en\/wp-json\/wp\/v2\/media?parent=332"}],"wp:term":[{"taxonomy":"product_brand","embeddable":true,"href":"https:\/\/milanova-milanova.com\/en\/wp-json\/wp\/v2\/product_brand?post=332"},{"taxonomy":"product_cat","embeddable":true,"href":"https:\/\/milanova-milanova.com\/en\/wp-json\/wp\/v2\/product_cat?post=332"},{"taxonomy":"product_tag","embeddable":true,"href":"https:\/\/milanova-milanova.com\/en\/wp-json\/wp\/v2\/product_tag?post=332"}],"curies":[{"name":"wp","href":"https:\/\/api.w.org\/{rel}","templated":true}]}}