{"id":326,"date":"2025-07-16T20:04:31","date_gmt":"2025-07-16T18:04:31","guid":{"rendered":"https:\/\/milanova-milanova.com\/?post_type=product&#038;p=326"},"modified":"2025-11-27T22:12:18","modified_gmt":"2025-11-27T21:12:18","slug":"laurel","status":"publish","type":"product","link":"https:\/\/milanova-milanova.com\/en\/product\/laurel\/","title":{"rendered":"Silk scarf Laurel"},"content":{"rendered":"<p>Silk scarf Laurel<\/p>\n<p data-start=\"44\" data-end=\"101\">100% silk twill<br data-start=\"59\" data-end=\"62\" \/>67 x 67 cm<br data-start=\"72\" data-end=\"75\" \/>hand-rolled hem<\/p>\n<p data-start=\"103\" data-end=\"452\">The silk scarf <em data-start=\"122\" data-end=\"130\">Laurel<\/em> features a minimalist design, with a sea-salt-colored background and an accent in a soft blossom-pink tone. Designed and finished by hand in our atelier, it is crafted from high-quality silk twill sourced from Lake Como. The hand-rolled hem adds a final touch of craftsmanship to this timeless accessory.<\/p>\n<p data-start=\"32\" data-end=\"155\">Explore more in our collection with the <a class=\"decorated-link\" href=\"https:\/\/milanova-milanova.com\/en\/product\/all-eyes-on-me\/?utm_source=chatgpt.com\" target=\"_new\" rel=\"noopener\" data-start=\"72\" data-end=\"152\">pa\u00f1uelo All Eyes on Me<\/a>.<\/p>\n<p data-start=\"157\" data-end=\"341\" data-is-last-node=\"\" data-is-only-node=\"\">Our silk scarves are printed by <a class=\"decorated-link\" href=\"https:\/\/www.lafotoserica.it\/?utm_source=chatgpt.com\" target=\"_new\" rel=\"noopener\" data-start=\"202\" data-end=\"248\">La Foto Serica<\/a>an established company in Como, Italy, where the finest silk fabrics are printed.<\/p>","protected":false},"excerpt":{"rendered":"<p data-start=\"44\" data-end=\"101\">100% silk twill<br data-start=\"59\" data-end=\"62\" \/>67 x 67 cm<br data-start=\"72\" data-end=\"75\" \/>hand-rolled hem<\/p>\n<p data-start=\"103\" data-end=\"452\">The silk scarf <em data-start=\"122\" data-end=\"130\">Laurel<\/em> features a minimalist design, with a sea-salt-colored background and an accent in a soft blossom-pink tone. Designed and finished by hand in our atelier, it is crafted from high-quality silk twill sourced from Lake Como. The hand-rolled hem adds a final touch of craftsmanship to this timeless accessory.<\/p>","protected":false},"featured_media":331,"comment_status":"open","ping_status":"closed","template":"","meta":[],"product_brand":[],"product_cat":[31],"product_tag":[],"class_list":{"0":"post-326","1":"product","2":"type-product","3":"status-publish","4":"has-post-thumbnail","6":"product_cat-panuelos-de-seda","8":"first","9":"instock","10":"sale","11":"shipping-taxable","12":"purchasable","13":"product-type-simple"},"yoast_head":"<!-- This site is optimized with the Yoast SEO plugin v27.0 - https:\/\/yoast.com\/product\/yoast-seo-wordpress\/ -->\n<title>Pa\u00f1uelo de seda Laurel - Mil\u00e1nova &amp; Mil\u00e1nova<\/title>\n<meta name=\"description\" content=\"Pa\u00f1uelo de seda twill \u2018Laurel\u2019 en sal marina y rosa flor. Seda de Como, dise\u00f1o minimalista y acabado artesanal con bordes enrollados a mano.\" \/>\n<meta name=\"robots\" content=\"index, follow, max-snippet:-1, max-image-preview:large, max-video-preview:-1\" \/>\n<link rel=\"canonical\" href=\"https:\/\/milanova-milanova.com\/en\/product\/laurel\/\" \/>\n<meta property=\"og:locale\" content=\"en_US\" \/>\n<meta property=\"og:type\" content=\"article\" \/>\n<meta property=\"og:title\" content=\"Pa\u00f1uelo de seda Laurel - Mil\u00e1nova &amp; Mil\u00e1nova\" \/>\n<meta property=\"og:description\" content=\"Pa\u00f1uelo de seda twill \u2018Laurel\u2019 en sal marina y rosa flor. Seda de Como, dise\u00f1o minimalista y acabado artesanal con bordes enrollados a mano.\" \/>\n<meta property=\"og:url\" content=\"https:\/\/milanova-milanova.com\/en\/product\/laurel\/\" \/>\n<meta property=\"og:site_name\" content=\"Mil\u00e1nova &amp; Mil\u00e1nova\" \/>\n<meta property=\"article:modified_time\" content=\"2025-11-27T21:12:18+00:00\" \/>\n<meta property=\"og:image\" content=\"https:\/\/milanova-milanova.com\/wp-content\/uploads\/2025\/07\/DSC_0007.webp\" \/>\n\t<meta property=\"og:image:width\" content=\"768\" \/>\n\t<meta property=\"og:image:height\" content=\"492\" \/>\n\t<meta property=\"og:image:type\" content=\"image\/webp\" \/>\n<meta name=\"twitter:card\" content=\"summary_large_image\" \/>\n<meta name=\"twitter:label1\" content=\"Est. reading time\" \/>\n\t<meta name=\"twitter:data1\" content=\"1 minute\" \/>\n<script type=\"application\/ld+json\" class=\"yoast-schema-graph\">{\"@context\":\"https:\/\/schema.org\",\"@graph\":[{\"@type\":\"WebPage\",\"@id\":\"https:\/\/milanova-milanova.com\/producto\/laurel\/\",\"url\":\"https:\/\/milanova-milanova.com\/producto\/laurel\/\",\"name\":\"Pa\u00f1uelo de seda Laurel - Mil\u00e1nova &amp; Mil\u00e1nova\",\"isPartOf\":{\"@id\":\"https:\/\/milanova-milanova.com\/#website\"},\"primaryImageOfPage\":{\"@id\":\"https:\/\/milanova-milanova.com\/producto\/laurel\/#primaryimage\"},\"image\":{\"@id\":\"https:\/\/milanova-milanova.com\/producto\/laurel\/#primaryimage\"},\"thumbnailUrl\":\"https:\/\/milanova-milanova.com\/wp-content\/uploads\/2025\/07\/DSC_0007.webp\",\"datePublished\":\"2025-07-16T18:04:31+00:00\",\"dateModified\":\"2025-11-27T21:12:18+00:00\",\"description\":\"Pa\u00f1uelo de seda twill \u2018Laurel\u2019 en sal marina y rosa flor. Seda de Como, dise\u00f1o minimalista y acabado artesanal con bordes enrollados a mano.\",\"breadcrumb\":{\"@id\":\"https:\/\/milanova-milanova.com\/producto\/laurel\/#breadcrumb\"},\"inLanguage\":\"en-US\",\"potentialAction\":[{\"@type\":\"ReadAction\",\"target\":[\"https:\/\/milanova-milanova.com\/producto\/laurel\/\"]}]},{\"@type\":\"ImageObject\",\"inLanguage\":\"en-US\",\"@id\":\"https:\/\/milanova-milanova.com\/producto\/laurel\/#primaryimage\",\"url\":\"https:\/\/milanova-milanova.com\/wp-content\/uploads\/2025\/07\/DSC_0007.webp\",\"contentUrl\":\"https:\/\/milanova-milanova.com\/wp-content\/uploads\/2025\/07\/DSC_0007.webp\",\"width\":768,\"height\":492,\"caption\":\"Pa\u00f1uelo de seda Laurel silk scarf scarves\"},{\"@type\":\"BreadcrumbList\",\"@id\":\"https:\/\/milanova-milanova.com\/producto\/laurel\/#breadcrumb\",\"itemListElement\":[{\"@type\":\"ListItem\",\"position\":1,\"name\":\"Portada\",\"item\":\"https:\/\/milanova-milanova.com\/\"},{\"@type\":\"ListItem\",\"position\":2,\"name\":\"Tienda\",\"item\":\"https:\/\/milanova-milanova.com\/tienda\/\"},{\"@type\":\"ListItem\",\"position\":3,\"name\":\"Pa\u00f1uelo de seda Laurel\"}]},{\"@type\":\"WebSite\",\"@id\":\"https:\/\/milanova-milanova.com\/#website\",\"url\":\"https:\/\/milanova-milanova.com\/\",\"name\":\"Mil\u00e1nova & Mil\u00e1nova\",\"description\":\"Dise\u00f1o con alma. Artesan\u00eda hecha en Barcelona.\",\"potentialAction\":[{\"@type\":\"SearchAction\",\"target\":{\"@type\":\"EntryPoint\",\"urlTemplate\":\"https:\/\/milanova-milanova.com\/?s={search_term_string}\"},\"query-input\":{\"@type\":\"PropertyValueSpecification\",\"valueRequired\":true,\"valueName\":\"search_term_string\"}}],\"inLanguage\":\"en-US\"}]}<\/script>\n<!-- \/ Yoast SEO plugin. -->","yoast_head_json":{"title":"Pa\u00f1uelo de seda Laurel - Mil\u00e1nova &amp; Mil\u00e1nova","description":"Pa\u00f1uelo de seda twill \u2018Laurel\u2019 en sal marina y rosa flor. Seda de Como, dise\u00f1o minimalista y acabado artesanal con bordes enrollados a mano.","robots":{"index":"index","follow":"follow","max-snippet":"max-snippet:-1","max-image-preview":"max-image-preview:large","max-video-preview":"max-video-preview:-1"},"canonical":"https:\/\/milanova-milanova.com\/en\/product\/laurel\/","og_locale":"en_US","og_type":"article","og_title":"Pa\u00f1uelo de seda Laurel - Mil\u00e1nova &amp; Mil\u00e1nova","og_description":"Pa\u00f1uelo de seda twill \u2018Laurel\u2019 en sal marina y rosa flor. Seda de Como, dise\u00f1o minimalista y acabado artesanal con bordes enrollados a mano.","og_url":"https:\/\/milanova-milanova.com\/en\/product\/laurel\/","og_site_name":"Mil\u00e1nova &amp; Mil\u00e1nova","article_modified_time":"2025-11-27T21:12:18+00:00","og_image":[{"width":768,"height":492,"url":"https:\/\/milanova-milanova.com\/wp-content\/uploads\/2025\/07\/DSC_0007.webp","type":"image\/webp"}],"twitter_card":"summary_large_image","twitter_misc":{"Est. reading time":"1 minute"},"schema":{"@context":"https:\/\/schema.org","@graph":[{"@type":"WebPage","@id":"https:\/\/milanova-milanova.com\/producto\/laurel\/","url":"https:\/\/milanova-milanova.com\/producto\/laurel\/","name":"Pa\u00f1uelo de seda Laurel - Mil\u00e1nova &amp; Mil\u00e1nova","isPartOf":{"@id":"https:\/\/milanova-milanova.com\/#website"},"primaryImageOfPage":{"@id":"https:\/\/milanova-milanova.com\/producto\/laurel\/#primaryimage"},"image":{"@id":"https:\/\/milanova-milanova.com\/producto\/laurel\/#primaryimage"},"thumbnailUrl":"https:\/\/milanova-milanova.com\/wp-content\/uploads\/2025\/07\/DSC_0007.webp","datePublished":"2025-07-16T18:04:31+00:00","dateModified":"2025-11-27T21:12:18+00:00","description":"Pa\u00f1uelo de seda twill \u2018Laurel\u2019 en sal marina y rosa flor. Seda de Como, dise\u00f1o minimalista y acabado artesanal con bordes enrollados a mano.","breadcrumb":{"@id":"https:\/\/milanova-milanova.com\/producto\/laurel\/#breadcrumb"},"inLanguage":"en-US","potentialAction":[{"@type":"ReadAction","target":["https:\/\/milanova-milanova.com\/producto\/laurel\/"]}]},{"@type":"ImageObject","inLanguage":"en-US","@id":"https:\/\/milanova-milanova.com\/producto\/laurel\/#primaryimage","url":"https:\/\/milanova-milanova.com\/wp-content\/uploads\/2025\/07\/DSC_0007.webp","contentUrl":"https:\/\/milanova-milanova.com\/wp-content\/uploads\/2025\/07\/DSC_0007.webp","width":768,"height":492,"caption":"Pa\u00f1uelo de seda Laurel silk scarf scarves"},{"@type":"BreadcrumbList","@id":"https:\/\/milanova-milanova.com\/producto\/laurel\/#breadcrumb","itemListElement":[{"@type":"ListItem","position":1,"name":"Portada","item":"https:\/\/milanova-milanova.com\/"},{"@type":"ListItem","position":2,"name":"Tienda","item":"https:\/\/milanova-milanova.com\/tienda\/"},{"@type":"ListItem","position":3,"name":"Pa\u00f1uelo de seda Laurel"}]},{"@type":"WebSite","@id":"https:\/\/milanova-milanova.com\/#website","url":"https:\/\/milanova-milanova.com\/","name":"Mil\u00e1nova & Mil\u00e1nova","description":"Design with soul. Artisan craftsmanship from Barcelona.","potentialAction":[{"@type":"SearchAction","target":{"@type":"EntryPoint","urlTemplate":"https:\/\/milanova-milanova.com\/?s={search_term_string}"},"query-input":{"@type":"PropertyValueSpecification","valueRequired":true,"valueName":"search_term_string"}}],"inLanguage":"en-US"}]}},"_links":{"self":[{"href":"https:\/\/milanova-milanova.com\/en\/wp-json\/wp\/v2\/product\/326","targetHints":{"allow":["GET"]}}],"collection":[{"href":"https:\/\/milanova-milanova.com\/en\/wp-json\/wp\/v2\/product"}],"about":[{"href":"https:\/\/milanova-milanova.com\/en\/wp-json\/wp\/v2\/types\/product"}],"replies":[{"embeddable":true,"href":"https:\/\/milanova-milanova.com\/en\/wp-json\/wp\/v2\/comments?post=326"}],"wp:featuredmedia":[{"embeddable":true,"href":"https:\/\/milanova-milanova.com\/en\/wp-json\/wp\/v2\/media\/331"}],"wp:attachment":[{"href":"https:\/\/milanova-milanova.com\/en\/wp-json\/wp\/v2\/media?parent=326"}],"wp:term":[{"taxonomy":"product_brand","embeddable":true,"href":"https:\/\/milanova-milanova.com\/en\/wp-json\/wp\/v2\/product_brand?post=326"},{"taxonomy":"product_cat","embeddable":true,"href":"https:\/\/milanova-milanova.com\/en\/wp-json\/wp\/v2\/product_cat?post=326"},{"taxonomy":"product_tag","embeddable":true,"href":"https:\/\/milanova-milanova.com\/en\/wp-json\/wp\/v2\/product_tag?post=326"}],"curies":[{"name":"wp","href":"https:\/\/api.w.org\/{rel}","templated":true}]}}