{"id":321,"date":"2025-07-16T20:00:23","date_gmt":"2025-07-16T18:00:23","guid":{"rendered":"https:\/\/milanova-milanova.com\/?post_type=product&#038;p=321"},"modified":"2025-11-27T22:12:43","modified_gmt":"2025-11-27T21:12:43","slug":"hazel","status":"publish","type":"product","link":"https:\/\/milanova-milanova.com\/en\/product\/hazel\/","title":{"rendered":"Silk scarf Hazel"},"content":{"rendered":"<p>Pa\u00f1uelo de seda <em data-start=\"68\" data-end=\"75\">Hazel:<\/em><\/p>\n<p>100% silk twill<br data-start=\"59\" data-end=\"62\" \/>67 x 67 cm<br data-start=\"72\" data-end=\"75\" \/>A design made by hand<br data-start=\"94\" data-end=\"97\" \/>hand-rolled hem<\/p>\n<p>Our silk scarf <em data-start=\"68\" data-end=\"75\">Hazel<\/em> presenta un encantador dise\u00f1o con delicados motivos florales en su centro, sobre un suave fondo de Algod\u00f3n Hilado. Alrededor del centro, naranjas mediterr\u00e1neas dibujadas a mano en un c\u00e1lido tono avellana aportan un toque de elegancia natural. El dise\u00f1o ha sido creado en nuestro atelier, reflejando nuestra creencia en el poder del arte y la est\u00e9tica en cada detalle de los productos que elaboramos. Confeccionado con seda de alta calidad proveniente de la renombrada regi\u00f3n del Lago de Como, cada pa\u00f1uelo es terminado meticulosamente a mano, mostrando nuestra dedicaci\u00f3n a la elegancia atemporal y la artesan\u00eda.<\/p>\n<p data-start=\"37\" data-end=\"152\">Explore more in our collection with the <a class=\"decorated-link\" href=\"https:\/\/milanova-milanova.com\/en\/product\/clementine\/?utm_source=chatgpt.com\" target=\"_new\" rel=\"noopener\" data-start=\"77\" data-end=\"149\">pa\u00f1uelo Clementine<\/a>.<\/p>\n<p data-start=\"154\" data-end=\"338\" data-is-last-node=\"\" data-is-only-node=\"\">Our silk scarves are printed by <a class=\"decorated-link\" href=\"https:\/\/www.lafotoserica.it\/?utm_source=chatgpt.com\" target=\"_new\" rel=\"noopener\" data-start=\"199\" data-end=\"245\">La Foto Serica<\/a>an established company in Como, Italy, where the finest silk fabrics are printed.<\/p>\n<p>&nbsp;<\/p>","protected":false},"excerpt":{"rendered":"<p>100% silk twill<br data-start=\"59\" data-end=\"62\" \/>67 x 67 cm<br data-start=\"72\" data-end=\"75\" \/>A design made by hand<br data-start=\"94\" data-end=\"97\" \/>hand-rolled hem<\/p>\n<p>Our silk scarf <em data-start=\"68\" data-end=\"75\">Hazel<\/em> features a charming design with delicate floral motifs at its center, set against a soft Spun Cotton background. Around the center, hand-drawn Mediterranean oranges in a warm hazelnut tone add a touch of natural elegance. The design was created in our atelier, reflecting our belief in the power of art and aesthetics in every detail of the pieces we craft. Made from high-quality silk sourced from the renowned Lake Como region, each scarf is meticulously hand-finished, showcasing our dedication to timeless elegance and artisanal craftsmanship.<\/p>","protected":false},"featured_media":322,"comment_status":"open","ping_status":"closed","template":"","meta":[],"product_brand":[],"product_cat":[31],"product_tag":[],"class_list":{"0":"post-321","1":"product","2":"type-product","3":"status-publish","4":"has-post-thumbnail","6":"product_cat-panuelos-de-seda","8":"first","9":"instock","10":"sale","11":"shipping-taxable","12":"purchasable","13":"product-type-simple"},"yoast_head":"<!-- This site is optimized with the Yoast SEO plugin v27.0 - https:\/\/yoast.com\/product\/yoast-seo-wordpress\/ -->\n<title>Pa\u00f1uelo de seda Hazel - Mil\u00e1nova &amp; Mil\u00e1nova<\/title>\n<meta name=\"description\" content=\"Pa\u00f1uelo de seda \u2018Hazel\u2019 con motivos florales y naranjas mediterr\u00e1neas. Seda de Como, dise\u00f1o de atelier y acabado artesanal a mano.\" \/>\n<meta name=\"robots\" content=\"index, follow, max-snippet:-1, max-image-preview:large, max-video-preview:-1\" \/>\n<link rel=\"canonical\" href=\"https:\/\/milanova-milanova.com\/en\/product\/hazel\/\" \/>\n<meta property=\"og:locale\" content=\"en_US\" \/>\n<meta property=\"og:type\" content=\"article\" \/>\n<meta property=\"og:title\" content=\"Pa\u00f1uelo de seda Hazel - Mil\u00e1nova &amp; Mil\u00e1nova\" \/>\n<meta property=\"og:description\" content=\"Pa\u00f1uelo de seda \u2018Hazel\u2019 con motivos florales y naranjas mediterr\u00e1neas. Seda de Como, dise\u00f1o de atelier y acabado artesanal a mano.\" \/>\n<meta property=\"og:url\" content=\"https:\/\/milanova-milanova.com\/en\/product\/hazel\/\" \/>\n<meta property=\"og:site_name\" content=\"Mil\u00e1nova &amp; Mil\u00e1nova\" \/>\n<meta property=\"article:modified_time\" content=\"2025-11-27T21:12:43+00:00\" \/>\n<meta property=\"og:image\" content=\"https:\/\/milanova-milanova.com\/wp-content\/uploads\/2025\/07\/Da1-1.webp\" \/>\n\t<meta property=\"og:image:width\" content=\"768\" \/>\n\t<meta property=\"og:image:height\" content=\"560\" \/>\n\t<meta property=\"og:image:type\" content=\"image\/webp\" \/>\n<meta name=\"twitter:card\" content=\"summary_large_image\" \/>\n<meta name=\"twitter:label1\" content=\"Est. reading time\" \/>\n\t<meta name=\"twitter:data1\" content=\"1 minute\" \/>\n<script type=\"application\/ld+json\" class=\"yoast-schema-graph\">{\"@context\":\"https:\/\/schema.org\",\"@graph\":[{\"@type\":\"WebPage\",\"@id\":\"https:\/\/milanova-milanova.com\/producto\/hazel\/\",\"url\":\"https:\/\/milanova-milanova.com\/producto\/hazel\/\",\"name\":\"Pa\u00f1uelo de seda Hazel - Mil\u00e1nova &amp; Mil\u00e1nova\",\"isPartOf\":{\"@id\":\"https:\/\/milanova-milanova.com\/#website\"},\"primaryImageOfPage\":{\"@id\":\"https:\/\/milanova-milanova.com\/producto\/hazel\/#primaryimage\"},\"image\":{\"@id\":\"https:\/\/milanova-milanova.com\/producto\/hazel\/#primaryimage\"},\"thumbnailUrl\":\"https:\/\/milanova-milanova.com\/wp-content\/uploads\/2025\/07\/Da1-1.webp\",\"datePublished\":\"2025-07-16T18:00:23+00:00\",\"dateModified\":\"2025-11-27T21:12:43+00:00\",\"description\":\"Pa\u00f1uelo de seda \u2018Hazel\u2019 con motivos florales y naranjas mediterr\u00e1neas. Seda de Como, dise\u00f1o de atelier y acabado artesanal a mano.\",\"breadcrumb\":{\"@id\":\"https:\/\/milanova-milanova.com\/producto\/hazel\/#breadcrumb\"},\"inLanguage\":\"en-US\",\"potentialAction\":[{\"@type\":\"ReadAction\",\"target\":[\"https:\/\/milanova-milanova.com\/producto\/hazel\/\"]}]},{\"@type\":\"ImageObject\",\"inLanguage\":\"en-US\",\"@id\":\"https:\/\/milanova-milanova.com\/producto\/hazel\/#primaryimage\",\"url\":\"https:\/\/milanova-milanova.com\/wp-content\/uploads\/2025\/07\/Da1-1.webp\",\"contentUrl\":\"https:\/\/milanova-milanova.com\/wp-content\/uploads\/2025\/07\/Da1-1.webp\",\"width\":768,\"height\":560,\"caption\":\"Pa\u00f1uelo de seda Hazel silk scarf scarves\"},{\"@type\":\"BreadcrumbList\",\"@id\":\"https:\/\/milanova-milanova.com\/producto\/hazel\/#breadcrumb\",\"itemListElement\":[{\"@type\":\"ListItem\",\"position\":1,\"name\":\"Portada\",\"item\":\"https:\/\/milanova-milanova.com\/\"},{\"@type\":\"ListItem\",\"position\":2,\"name\":\"Tienda\",\"item\":\"https:\/\/milanova-milanova.com\/tienda\/\"},{\"@type\":\"ListItem\",\"position\":3,\"name\":\"Pa\u00f1uelo de seda Hazel\"}]},{\"@type\":\"WebSite\",\"@id\":\"https:\/\/milanova-milanova.com\/#website\",\"url\":\"https:\/\/milanova-milanova.com\/\",\"name\":\"Mil\u00e1nova & Mil\u00e1nova\",\"description\":\"Dise\u00f1o con alma. Artesan\u00eda hecha en Barcelona.\",\"potentialAction\":[{\"@type\":\"SearchAction\",\"target\":{\"@type\":\"EntryPoint\",\"urlTemplate\":\"https:\/\/milanova-milanova.com\/?s={search_term_string}\"},\"query-input\":{\"@type\":\"PropertyValueSpecification\",\"valueRequired\":true,\"valueName\":\"search_term_string\"}}],\"inLanguage\":\"en-US\"}]}<\/script>\n<!-- \/ Yoast SEO plugin. -->","yoast_head_json":{"title":"Pa\u00f1uelo de seda Hazel - Mil\u00e1nova &amp; Mil\u00e1nova","description":"Pa\u00f1uelo de seda \u2018Hazel\u2019 con motivos florales y naranjas mediterr\u00e1neas. Seda de Como, dise\u00f1o de atelier y acabado artesanal a mano.","robots":{"index":"index","follow":"follow","max-snippet":"max-snippet:-1","max-image-preview":"max-image-preview:large","max-video-preview":"max-video-preview:-1"},"canonical":"https:\/\/milanova-milanova.com\/en\/product\/hazel\/","og_locale":"en_US","og_type":"article","og_title":"Pa\u00f1uelo de seda Hazel - Mil\u00e1nova &amp; Mil\u00e1nova","og_description":"Pa\u00f1uelo de seda \u2018Hazel\u2019 con motivos florales y naranjas mediterr\u00e1neas. Seda de Como, dise\u00f1o de atelier y acabado artesanal a mano.","og_url":"https:\/\/milanova-milanova.com\/en\/product\/hazel\/","og_site_name":"Mil\u00e1nova &amp; Mil\u00e1nova","article_modified_time":"2025-11-27T21:12:43+00:00","og_image":[{"width":768,"height":560,"url":"https:\/\/milanova-milanova.com\/wp-content\/uploads\/2025\/07\/Da1-1.webp","type":"image\/webp"}],"twitter_card":"summary_large_image","twitter_misc":{"Est. reading time":"1 minute"},"schema":{"@context":"https:\/\/schema.org","@graph":[{"@type":"WebPage","@id":"https:\/\/milanova-milanova.com\/producto\/hazel\/","url":"https:\/\/milanova-milanova.com\/producto\/hazel\/","name":"Pa\u00f1uelo de seda Hazel - Mil\u00e1nova &amp; Mil\u00e1nova","isPartOf":{"@id":"https:\/\/milanova-milanova.com\/#website"},"primaryImageOfPage":{"@id":"https:\/\/milanova-milanova.com\/producto\/hazel\/#primaryimage"},"image":{"@id":"https:\/\/milanova-milanova.com\/producto\/hazel\/#primaryimage"},"thumbnailUrl":"https:\/\/milanova-milanova.com\/wp-content\/uploads\/2025\/07\/Da1-1.webp","datePublished":"2025-07-16T18:00:23+00:00","dateModified":"2025-11-27T21:12:43+00:00","description":"Pa\u00f1uelo de seda \u2018Hazel\u2019 con motivos florales y naranjas mediterr\u00e1neas. Seda de Como, dise\u00f1o de atelier y acabado artesanal a mano.","breadcrumb":{"@id":"https:\/\/milanova-milanova.com\/producto\/hazel\/#breadcrumb"},"inLanguage":"en-US","potentialAction":[{"@type":"ReadAction","target":["https:\/\/milanova-milanova.com\/producto\/hazel\/"]}]},{"@type":"ImageObject","inLanguage":"en-US","@id":"https:\/\/milanova-milanova.com\/producto\/hazel\/#primaryimage","url":"https:\/\/milanova-milanova.com\/wp-content\/uploads\/2025\/07\/Da1-1.webp","contentUrl":"https:\/\/milanova-milanova.com\/wp-content\/uploads\/2025\/07\/Da1-1.webp","width":768,"height":560,"caption":"Pa\u00f1uelo de seda Hazel silk scarf scarves"},{"@type":"BreadcrumbList","@id":"https:\/\/milanova-milanova.com\/producto\/hazel\/#breadcrumb","itemListElement":[{"@type":"ListItem","position":1,"name":"Portada","item":"https:\/\/milanova-milanova.com\/"},{"@type":"ListItem","position":2,"name":"Tienda","item":"https:\/\/milanova-milanova.com\/tienda\/"},{"@type":"ListItem","position":3,"name":"Pa\u00f1uelo de seda Hazel"}]},{"@type":"WebSite","@id":"https:\/\/milanova-milanova.com\/#website","url":"https:\/\/milanova-milanova.com\/","name":"Mil\u00e1nova & Mil\u00e1nova","description":"Design with soul. Artisan craftsmanship from Barcelona.","potentialAction":[{"@type":"SearchAction","target":{"@type":"EntryPoint","urlTemplate":"https:\/\/milanova-milanova.com\/?s={search_term_string}"},"query-input":{"@type":"PropertyValueSpecification","valueRequired":true,"valueName":"search_term_string"}}],"inLanguage":"en-US"}]}},"_links":{"self":[{"href":"https:\/\/milanova-milanova.com\/en\/wp-json\/wp\/v2\/product\/321","targetHints":{"allow":["GET"]}}],"collection":[{"href":"https:\/\/milanova-milanova.com\/en\/wp-json\/wp\/v2\/product"}],"about":[{"href":"https:\/\/milanova-milanova.com\/en\/wp-json\/wp\/v2\/types\/product"}],"replies":[{"embeddable":true,"href":"https:\/\/milanova-milanova.com\/en\/wp-json\/wp\/v2\/comments?post=321"}],"wp:featuredmedia":[{"embeddable":true,"href":"https:\/\/milanova-milanova.com\/en\/wp-json\/wp\/v2\/media\/322"}],"wp:attachment":[{"href":"https:\/\/milanova-milanova.com\/en\/wp-json\/wp\/v2\/media?parent=321"}],"wp:term":[{"taxonomy":"product_brand","embeddable":true,"href":"https:\/\/milanova-milanova.com\/en\/wp-json\/wp\/v2\/product_brand?post=321"},{"taxonomy":"product_cat","embeddable":true,"href":"https:\/\/milanova-milanova.com\/en\/wp-json\/wp\/v2\/product_cat?post=321"},{"taxonomy":"product_tag","embeddable":true,"href":"https:\/\/milanova-milanova.com\/en\/wp-json\/wp\/v2\/product_tag?post=321"}],"curies":[{"name":"wp","href":"https:\/\/api.w.org\/{rel}","templated":true}]}}