{"id":309,"date":"2025-07-16T19:54:53","date_gmt":"2025-07-16T17:54:53","guid":{"rendered":"https:\/\/milanova-milanova.com\/?post_type=product&#038;p=309"},"modified":"2026-03-12T14:08:01","modified_gmt":"2026-03-12T13:08:01","slug":"panuelo-de-seda-sophia","status":"publish","type":"product","link":"https:\/\/milanova-milanova.com\/en\/product\/panuelo-de-seda-sophia\/","title":{"rendered":"Silk scarf Sophia"},"content":{"rendered":"<p data-start=\"44\" data-end=\"124\">Pa\u00f1uelo de seda twill Sophia:<\/p>\n<p data-start=\"44\" data-end=\"124\">100% silk twill<br data-start=\"59\" data-end=\"62\" \/>67 x 67 cm<br data-start=\"72\" data-end=\"75\" \/>A design made by hand<br data-start=\"94\" data-end=\"97\" \/>hand-rolled hem<\/p>\n<p data-start=\"44\" data-end=\"124\">Descubre tambi\u00e9n la elegancia de nuestro <a class=\"decorated-link\" href=\"https:\/\/milanova-milanova.com\/en\/product\/chloe\/?utm_source=chatgpt.com\" target=\"_new\" rel=\"noopener\" data-start=\"182\" data-end=\"252\">pa\u00f1uelo de seda Chlo\u00e9<\/a> y completa tu colecci\u00f3n con un dise\u00f1o \u00fanico y artesanal.<\/p>\n<p data-start=\"44\" data-end=\"124\">Our silk scarves are printed in <a class=\"decorated-link\" href=\"https:\/\/www.lafotoserica.it\/?utm_source=chatgpt.com\" target=\"_new\" rel=\"noopener\" data-start=\"465\" data-end=\"511\">La Foto Serica<\/a>, an established atelier in Como, Italy.<\/p>\n<p data-start=\"126\" data-end=\"610\">","protected":false},"excerpt":{"rendered":"<p data-start=\"44\" data-end=\"124\">100% silk twill<br data-start=\"59\" data-end=\"62\" \/>67 x 67 cm<br data-start=\"72\" data-end=\"75\" \/>A design made by hand<br data-start=\"94\" data-end=\"97\" \/>hand-rolled hem<\/p>\n<p data-start=\"126\" data-end=\"610\">El pa\u00f1uelo de seda twill Sophia presenta un dise\u00f1o abstracto refinado, fusionando un fondo burdeos profundo con sutiles formas blanco roto para un impactante efecto bicolor. Confeccionado con la mejor seda twill proveniente de la regi\u00f3n del Lago de Como, el dise\u00f1o es dibujado a mano en nuestro atelier y cuidadosamente terminado a mano en Barcelona. Vivimos a trav\u00e9s del arte todos los d\u00edas y creemos que el arte se esconde en todos los peque\u00f1os detalles de la vida\u2014desc\u00fabrelo por ti mismo.<\/p>","protected":false},"featured_media":310,"comment_status":"open","ping_status":"closed","template":"","meta":[],"product_brand":[],"product_cat":[31],"product_tag":[118],"class_list":{"0":"post-309","1":"product","2":"type-product","3":"status-publish","4":"has-post-thumbnail","6":"product_cat-panuelos-de-seda","7":"product_tag-panuelo-de-seda","9":"first","10":"instock","11":"shipping-taxable","12":"purchasable","13":"product-type-simple"},"yoast_head":"<!-- This site is optimized with the Yoast SEO plugin v27.0 - https:\/\/yoast.com\/product\/yoast-seo-wordpress\/ -->\n<title>Pa\u00f1uelo de seda Sophia - Mil\u00e1nova &amp; Mil\u00e1nova<\/title>\n<meta name=\"description\" content=\"Pa\u00f1uelo de seda twill \u2018Sophia\u2019: dise\u00f1o abstracto en burdeos y blanco roto, dibujado a mano y acabado artesanalmente en Barcelona\" \/>\n<meta name=\"robots\" content=\"index, follow, max-snippet:-1, max-image-preview:large, max-video-preview:-1\" \/>\n<link rel=\"canonical\" href=\"https:\/\/milanova-milanova.com\/en\/product\/panuelo-de-seda-sophia\/\" \/>\n<meta property=\"og:locale\" content=\"en_US\" \/>\n<meta property=\"og:type\" content=\"article\" \/>\n<meta property=\"og:title\" content=\"Pa\u00f1uelo de seda Sophia - Mil\u00e1nova &amp; Mil\u00e1nova\" \/>\n<meta property=\"og:description\" content=\"Pa\u00f1uelo de seda twill \u2018Sophia\u2019: dise\u00f1o abstracto en burdeos y blanco roto, dibujado a mano y acabado artesanalmente en Barcelona\" \/>\n<meta property=\"og:url\" content=\"https:\/\/milanova-milanova.com\/en\/product\/panuelo-de-seda-sophia\/\" \/>\n<meta property=\"og:site_name\" content=\"Mil\u00e1nova &amp; Mil\u00e1nova\" \/>\n<meta property=\"article:modified_time\" content=\"2026-03-12T13:08:01+00:00\" \/>\n<meta property=\"og:image\" content=\"https:\/\/milanova-milanova.com\/wp-content\/uploads\/2025\/07\/DSC_00162.webp\" \/>\n\t<meta property=\"og:image:width\" content=\"768\" \/>\n\t<meta property=\"og:image:height\" content=\"727\" \/>\n\t<meta property=\"og:image:type\" content=\"image\/webp\" \/>\n<meta name=\"twitter:card\" content=\"summary_large_image\" \/>\n<meta name=\"twitter:label1\" content=\"Est. reading time\" \/>\n\t<meta name=\"twitter:data1\" content=\"1 minute\" \/>\n<script type=\"application\/ld+json\" class=\"yoast-schema-graph\">{\"@context\":\"https:\/\/schema.org\",\"@graph\":[{\"@type\":\"WebPage\",\"@id\":\"https:\/\/milanova-milanova.com\/producto\/panuelo-de-seda-sophia\/\",\"url\":\"https:\/\/milanova-milanova.com\/producto\/panuelo-de-seda-sophia\/\",\"name\":\"Pa\u00f1uelo de seda Sophia - Mil\u00e1nova &amp; Mil\u00e1nova\",\"isPartOf\":{\"@id\":\"https:\/\/milanova-milanova.com\/#website\"},\"primaryImageOfPage\":{\"@id\":\"https:\/\/milanova-milanova.com\/producto\/panuelo-de-seda-sophia\/#primaryimage\"},\"image\":{\"@id\":\"https:\/\/milanova-milanova.com\/producto\/panuelo-de-seda-sophia\/#primaryimage\"},\"thumbnailUrl\":\"https:\/\/milanova-milanova.com\/wp-content\/uploads\/2025\/07\/DSC_00162.webp\",\"datePublished\":\"2025-07-16T17:54:53+00:00\",\"dateModified\":\"2026-03-12T13:08:01+00:00\",\"description\":\"Pa\u00f1uelo de seda twill \u2018Sophia\u2019: dise\u00f1o abstracto en burdeos y blanco roto, dibujado a mano y acabado artesanalmente en Barcelona\",\"breadcrumb\":{\"@id\":\"https:\/\/milanova-milanova.com\/producto\/panuelo-de-seda-sophia\/#breadcrumb\"},\"inLanguage\":\"en-US\",\"potentialAction\":[{\"@type\":\"ReadAction\",\"target\":[\"https:\/\/milanova-milanova.com\/producto\/panuelo-de-seda-sophia\/\"]}]},{\"@type\":\"ImageObject\",\"inLanguage\":\"en-US\",\"@id\":\"https:\/\/milanova-milanova.com\/producto\/panuelo-de-seda-sophia\/#primaryimage\",\"url\":\"https:\/\/milanova-milanova.com\/wp-content\/uploads\/2025\/07\/DSC_00162.webp\",\"contentUrl\":\"https:\/\/milanova-milanova.com\/wp-content\/uploads\/2025\/07\/DSC_00162.webp\",\"width\":768,\"height\":727,\"caption\":\"Pa\u00f1uelo de seda Sophia silk scarf\"},{\"@type\":\"BreadcrumbList\",\"@id\":\"https:\/\/milanova-milanova.com\/producto\/panuelo-de-seda-sophia\/#breadcrumb\",\"itemListElement\":[{\"@type\":\"ListItem\",\"position\":1,\"name\":\"Portada\",\"item\":\"https:\/\/milanova-milanova.com\/\"},{\"@type\":\"ListItem\",\"position\":2,\"name\":\"Tienda\",\"item\":\"https:\/\/milanova-milanova.com\/tienda\/\"},{\"@type\":\"ListItem\",\"position\":3,\"name\":\"Pa\u00f1uelo de seda Sophia\"}]},{\"@type\":\"WebSite\",\"@id\":\"https:\/\/milanova-milanova.com\/#website\",\"url\":\"https:\/\/milanova-milanova.com\/\",\"name\":\"Mil\u00e1nova & Mil\u00e1nova\",\"description\":\"Dise\u00f1o con alma. Artesan\u00eda hecha en Barcelona.\",\"potentialAction\":[{\"@type\":\"SearchAction\",\"target\":{\"@type\":\"EntryPoint\",\"urlTemplate\":\"https:\/\/milanova-milanova.com\/?s={search_term_string}\"},\"query-input\":{\"@type\":\"PropertyValueSpecification\",\"valueRequired\":true,\"valueName\":\"search_term_string\"}}],\"inLanguage\":\"en-US\"}]}<\/script>\n<!-- \/ Yoast SEO plugin. -->","yoast_head_json":{"title":"Pa\u00f1uelo de seda Sophia - Mil\u00e1nova &amp; Mil\u00e1nova","description":"Pa\u00f1uelo de seda twill \u2018Sophia\u2019: dise\u00f1o abstracto en burdeos y blanco roto, dibujado a mano y acabado artesanalmente en Barcelona","robots":{"index":"index","follow":"follow","max-snippet":"max-snippet:-1","max-image-preview":"max-image-preview:large","max-video-preview":"max-video-preview:-1"},"canonical":"https:\/\/milanova-milanova.com\/en\/product\/panuelo-de-seda-sophia\/","og_locale":"en_US","og_type":"article","og_title":"Pa\u00f1uelo de seda Sophia - Mil\u00e1nova &amp; Mil\u00e1nova","og_description":"Pa\u00f1uelo de seda twill \u2018Sophia\u2019: dise\u00f1o abstracto en burdeos y blanco roto, dibujado a mano y acabado artesanalmente en Barcelona","og_url":"https:\/\/milanova-milanova.com\/en\/product\/panuelo-de-seda-sophia\/","og_site_name":"Mil\u00e1nova &amp; Mil\u00e1nova","article_modified_time":"2026-03-12T13:08:01+00:00","og_image":[{"width":768,"height":727,"url":"https:\/\/milanova-milanova.com\/wp-content\/uploads\/2025\/07\/DSC_00162.webp","type":"image\/webp"}],"twitter_card":"summary_large_image","twitter_misc":{"Est. reading time":"1 minute"},"schema":{"@context":"https:\/\/schema.org","@graph":[{"@type":"WebPage","@id":"https:\/\/milanova-milanova.com\/producto\/panuelo-de-seda-sophia\/","url":"https:\/\/milanova-milanova.com\/producto\/panuelo-de-seda-sophia\/","name":"Pa\u00f1uelo de seda Sophia - Mil\u00e1nova &amp; Mil\u00e1nova","isPartOf":{"@id":"https:\/\/milanova-milanova.com\/#website"},"primaryImageOfPage":{"@id":"https:\/\/milanova-milanova.com\/producto\/panuelo-de-seda-sophia\/#primaryimage"},"image":{"@id":"https:\/\/milanova-milanova.com\/producto\/panuelo-de-seda-sophia\/#primaryimage"},"thumbnailUrl":"https:\/\/milanova-milanova.com\/wp-content\/uploads\/2025\/07\/DSC_00162.webp","datePublished":"2025-07-16T17:54:53+00:00","dateModified":"2026-03-12T13:08:01+00:00","description":"Pa\u00f1uelo de seda twill \u2018Sophia\u2019: dise\u00f1o abstracto en burdeos y blanco roto, dibujado a mano y acabado artesanalmente en Barcelona","breadcrumb":{"@id":"https:\/\/milanova-milanova.com\/producto\/panuelo-de-seda-sophia\/#breadcrumb"},"inLanguage":"en-US","potentialAction":[{"@type":"ReadAction","target":["https:\/\/milanova-milanova.com\/producto\/panuelo-de-seda-sophia\/"]}]},{"@type":"ImageObject","inLanguage":"en-US","@id":"https:\/\/milanova-milanova.com\/producto\/panuelo-de-seda-sophia\/#primaryimage","url":"https:\/\/milanova-milanova.com\/wp-content\/uploads\/2025\/07\/DSC_00162.webp","contentUrl":"https:\/\/milanova-milanova.com\/wp-content\/uploads\/2025\/07\/DSC_00162.webp","width":768,"height":727,"caption":"Pa\u00f1uelo de seda Sophia silk scarf"},{"@type":"BreadcrumbList","@id":"https:\/\/milanova-milanova.com\/producto\/panuelo-de-seda-sophia\/#breadcrumb","itemListElement":[{"@type":"ListItem","position":1,"name":"Portada","item":"https:\/\/milanova-milanova.com\/"},{"@type":"ListItem","position":2,"name":"Tienda","item":"https:\/\/milanova-milanova.com\/tienda\/"},{"@type":"ListItem","position":3,"name":"Pa\u00f1uelo de seda Sophia"}]},{"@type":"WebSite","@id":"https:\/\/milanova-milanova.com\/#website","url":"https:\/\/milanova-milanova.com\/","name":"Mil\u00e1nova & Mil\u00e1nova","description":"Design with soul. Artisan craftsmanship from Barcelona.","potentialAction":[{"@type":"SearchAction","target":{"@type":"EntryPoint","urlTemplate":"https:\/\/milanova-milanova.com\/?s={search_term_string}"},"query-input":{"@type":"PropertyValueSpecification","valueRequired":true,"valueName":"search_term_string"}}],"inLanguage":"en-US"}]}},"_links":{"self":[{"href":"https:\/\/milanova-milanova.com\/en\/wp-json\/wp\/v2\/product\/309","targetHints":{"allow":["GET"]}}],"collection":[{"href":"https:\/\/milanova-milanova.com\/en\/wp-json\/wp\/v2\/product"}],"about":[{"href":"https:\/\/milanova-milanova.com\/en\/wp-json\/wp\/v2\/types\/product"}],"replies":[{"embeddable":true,"href":"https:\/\/milanova-milanova.com\/en\/wp-json\/wp\/v2\/comments?post=309"}],"wp:featuredmedia":[{"embeddable":true,"href":"https:\/\/milanova-milanova.com\/en\/wp-json\/wp\/v2\/media\/310"}],"wp:attachment":[{"href":"https:\/\/milanova-milanova.com\/en\/wp-json\/wp\/v2\/media?parent=309"}],"wp:term":[{"taxonomy":"product_brand","embeddable":true,"href":"https:\/\/milanova-milanova.com\/en\/wp-json\/wp\/v2\/product_brand?post=309"},{"taxonomy":"product_cat","embeddable":true,"href":"https:\/\/milanova-milanova.com\/en\/wp-json\/wp\/v2\/product_cat?post=309"},{"taxonomy":"product_tag","embeddable":true,"href":"https:\/\/milanova-milanova.com\/en\/wp-json\/wp\/v2\/product_tag?post=309"}],"curies":[{"name":"wp","href":"https:\/\/api.w.org\/{rel}","templated":true}]}}