{"id":304,"date":"2025-07-16T19:52:13","date_gmt":"2025-07-16T17:52:13","guid":{"rendered":"https:\/\/milanova-milanova.com\/?post_type=product&#038;p=304"},"modified":"2025-11-27T22:14:05","modified_gmt":"2025-11-27T21:14:05","slug":"clementine","status":"publish","type":"product","link":"https:\/\/milanova-milanova.com\/en\/product\/clementine\/","title":{"rendered":"Silk scarf Clementine"},"content":{"rendered":"<p>Silk scarf Clementine<\/p>\n<p>100% silk twill<br data-start=\"59\" data-end=\"62\" \/>67 x 67 cm<br data-start=\"72\" data-end=\"75\" \/>A design made by hand<br data-start=\"94\" data-end=\"97\" \/>hand-rolled hem<\/p>\n<p data-start=\"126\" data-end=\"484\">The silk scarf <em data-start=\"157\" data-end=\"169\">Clementine<\/em> in a beautiful Toasted Almond tone: a luxurious accessory that combines timeless style with exceptional craftsmanship. Crafted from the finest silk from Lake Como, this limited-edition design features a warm, neutral shade\u2014perfect for any season and easy to pair with a variety of ensembles.<\/p>\n<p data-start=\"486\" data-end=\"798\">Each scarf is finished with hand-rolled edges, a distinctive mark of quality and meticulous attention to detail, ensuring an impeccable finish. Created and perfected in our atelier in Barcelona, every step of the process reflects our commitment to craftsmanship and exclusive design.<\/p>\n<p data-start=\"486\" data-end=\"798\"><a class=\"decorated-link\" href=\"https:\/\/milanova-milanova.com\/en\/product\/chloe\/?utm_source=chatgpt.com\" target=\"_new\" rel=\"noopener\" data-start=\"182\" data-end=\"252\">Explore more in our collection with the <\/a><a class=\"decorated-link\" href=\"https:\/\/milanova-milanova.com\/en\/product\/jade\/?utm_source=chatgpt.com\" target=\"_new\" rel=\"noopener\" data-start=\"152\" data-end=\"212\">Jade silk scarf.<\/a><a class=\"decorated-link\" href=\"https:\/\/milanova-milanova.com\/en\/product\/chloe\/?utm_source=chatgpt.com\" target=\"_new\" rel=\"noopener\" data-start=\"182\" data-end=\"252\">.\u00a0<\/a><\/p>\n<p data-start=\"486\" data-end=\"798\">Our silk scarves are printed in <a class=\"decorated-link\" href=\"https:\/\/www.lafotoserica.it\/?utm_source=chatgpt.com\" target=\"_new\" rel=\"noopener\" data-start=\"465\" data-end=\"511\">La Foto Serica<\/a>, an established atelier in Como, Italy.<\/p>\n<p>&nbsp;<\/p>","protected":false},"excerpt":{"rendered":"<p data-start=\"44\" data-end=\"124\">100% silk twill<br data-start=\"59\" data-end=\"62\" \/>67 x 67 cm<br data-start=\"72\" data-end=\"75\" \/>A design made by hand<br data-start=\"94\" data-end=\"97\" \/>hand-rolled hem<\/p>\n<p data-start=\"126\" data-end=\"484\">We present the silk scarf <em data-start=\"157\" data-end=\"169\">Clementine<\/em> in a beautiful Toasted Almond tone: a luxurious accessory that combines timeless style with exceptional craftsmanship. Crafted from the finest silk from Lake Como, this limited-edition design features a warm, neutral shade\u2014perfect for any season and easy to pair with a variety of ensembles.<\/p>\n<p data-start=\"486\" data-end=\"798\">Each scarf is finished with hand-rolled edges, a distinctive mark of quality and meticulous attention to detail, ensuring an impeccable finish. Created and perfected in our atelier in Barcelona, every step of the process reflects our commitment to craftsmanship and exclusive design.<\/p>","protected":false},"featured_media":305,"comment_status":"open","ping_status":"closed","template":"","meta":[],"product_brand":[],"product_cat":[31],"product_tag":[],"class_list":{"0":"post-304","1":"product","2":"type-product","3":"status-publish","4":"has-post-thumbnail","6":"product_cat-panuelos-de-seda","8":"first","9":"instock","10":"sale","11":"shipping-taxable","12":"purchasable","13":"product-type-simple"},"yoast_head":"<!-- This site is optimized with the Yoast SEO plugin v27.0 - https:\/\/yoast.com\/product\/yoast-seo-wordpress\/ -->\n<title>Pa\u00f1uelo de seda Clementine - Mil\u00e1nova &amp; Mil\u00e1nova<\/title>\n<meta name=\"description\" content=\"Pa\u00f1uelo de seda \u2018Clementine\u2019 en tono Almendra Tostada. Seda de Como, edici\u00f3n limitada, acabado a mano y elegancia atemporal.\" \/>\n<meta name=\"robots\" content=\"index, follow, max-snippet:-1, max-image-preview:large, max-video-preview:-1\" \/>\n<link rel=\"canonical\" href=\"https:\/\/milanova-milanova.com\/en\/product\/clementine\/\" \/>\n<meta property=\"og:locale\" content=\"en_US\" \/>\n<meta property=\"og:type\" content=\"article\" \/>\n<meta property=\"og:title\" content=\"Pa\u00f1uelo de seda Clementine - Mil\u00e1nova &amp; Mil\u00e1nova\" \/>\n<meta property=\"og:description\" content=\"Pa\u00f1uelo de seda \u2018Clementine\u2019 en tono Almendra Tostada. Seda de Como, edici\u00f3n limitada, acabado a mano y elegancia atemporal.\" \/>\n<meta property=\"og:url\" content=\"https:\/\/milanova-milanova.com\/en\/product\/clementine\/\" \/>\n<meta property=\"og:site_name\" content=\"Mil\u00e1nova &amp; Mil\u00e1nova\" \/>\n<meta property=\"article:modified_time\" content=\"2025-11-27T21:14:05+00:00\" \/>\n<meta property=\"og:image\" content=\"https:\/\/milanova-milanova.com\/wp-content\/uploads\/2025\/07\/DSC_0034.webp\" \/>\n\t<meta property=\"og:image:width\" content=\"768\" \/>\n\t<meta property=\"og:image:height\" content=\"768\" \/>\n\t<meta property=\"og:image:type\" content=\"image\/webp\" \/>\n<meta name=\"twitter:card\" content=\"summary_large_image\" \/>\n<meta name=\"twitter:label1\" content=\"Est. reading time\" \/>\n\t<meta name=\"twitter:data1\" content=\"1 minute\" \/>\n<script type=\"application\/ld+json\" class=\"yoast-schema-graph\">{\"@context\":\"https:\/\/schema.org\",\"@graph\":[{\"@type\":\"WebPage\",\"@id\":\"https:\/\/milanova-milanova.com\/producto\/clementine\/\",\"url\":\"https:\/\/milanova-milanova.com\/producto\/clementine\/\",\"name\":\"Pa\u00f1uelo de seda Clementine - Mil\u00e1nova &amp; Mil\u00e1nova\",\"isPartOf\":{\"@id\":\"https:\/\/milanova-milanova.com\/#website\"},\"primaryImageOfPage\":{\"@id\":\"https:\/\/milanova-milanova.com\/producto\/clementine\/#primaryimage\"},\"image\":{\"@id\":\"https:\/\/milanova-milanova.com\/producto\/clementine\/#primaryimage\"},\"thumbnailUrl\":\"https:\/\/milanova-milanova.com\/wp-content\/uploads\/2025\/07\/DSC_0034.webp\",\"datePublished\":\"2025-07-16T17:52:13+00:00\",\"dateModified\":\"2025-11-27T21:14:05+00:00\",\"description\":\"Pa\u00f1uelo de seda \u2018Clementine\u2019 en tono Almendra Tostada. Seda de Como, edici\u00f3n limitada, acabado a mano y elegancia atemporal.\",\"breadcrumb\":{\"@id\":\"https:\/\/milanova-milanova.com\/producto\/clementine\/#breadcrumb\"},\"inLanguage\":\"en-US\",\"potentialAction\":[{\"@type\":\"ReadAction\",\"target\":[\"https:\/\/milanova-milanova.com\/producto\/clementine\/\"]}]},{\"@type\":\"ImageObject\",\"inLanguage\":\"en-US\",\"@id\":\"https:\/\/milanova-milanova.com\/producto\/clementine\/#primaryimage\",\"url\":\"https:\/\/milanova-milanova.com\/wp-content\/uploads\/2025\/07\/DSC_0034.webp\",\"contentUrl\":\"https:\/\/milanova-milanova.com\/wp-content\/uploads\/2025\/07\/DSC_0034.webp\",\"width\":768,\"height\":768},{\"@type\":\"BreadcrumbList\",\"@id\":\"https:\/\/milanova-milanova.com\/producto\/clementine\/#breadcrumb\",\"itemListElement\":[{\"@type\":\"ListItem\",\"position\":1,\"name\":\"Portada\",\"item\":\"https:\/\/milanova-milanova.com\/\"},{\"@type\":\"ListItem\",\"position\":2,\"name\":\"Tienda\",\"item\":\"https:\/\/milanova-milanova.com\/tienda\/\"},{\"@type\":\"ListItem\",\"position\":3,\"name\":\"Pa\u00f1uelo de seda Clementine\"}]},{\"@type\":\"WebSite\",\"@id\":\"https:\/\/milanova-milanova.com\/#website\",\"url\":\"https:\/\/milanova-milanova.com\/\",\"name\":\"Mil\u00e1nova & Mil\u00e1nova\",\"description\":\"Dise\u00f1o con alma. Artesan\u00eda hecha en Barcelona.\",\"potentialAction\":[{\"@type\":\"SearchAction\",\"target\":{\"@type\":\"EntryPoint\",\"urlTemplate\":\"https:\/\/milanova-milanova.com\/?s={search_term_string}\"},\"query-input\":{\"@type\":\"PropertyValueSpecification\",\"valueRequired\":true,\"valueName\":\"search_term_string\"}}],\"inLanguage\":\"en-US\"}]}<\/script>\n<!-- \/ Yoast SEO plugin. -->","yoast_head_json":{"title":"Pa\u00f1uelo de seda Clementine - Mil\u00e1nova &amp; Mil\u00e1nova","description":"Pa\u00f1uelo de seda \u2018Clementine\u2019 en tono Almendra Tostada. Seda de Como, edici\u00f3n limitada, acabado a mano y elegancia atemporal.","robots":{"index":"index","follow":"follow","max-snippet":"max-snippet:-1","max-image-preview":"max-image-preview:large","max-video-preview":"max-video-preview:-1"},"canonical":"https:\/\/milanova-milanova.com\/en\/product\/clementine\/","og_locale":"en_US","og_type":"article","og_title":"Pa\u00f1uelo de seda Clementine - Mil\u00e1nova &amp; Mil\u00e1nova","og_description":"Pa\u00f1uelo de seda \u2018Clementine\u2019 en tono Almendra Tostada. Seda de Como, edici\u00f3n limitada, acabado a mano y elegancia atemporal.","og_url":"https:\/\/milanova-milanova.com\/en\/product\/clementine\/","og_site_name":"Mil\u00e1nova &amp; Mil\u00e1nova","article_modified_time":"2025-11-27T21:14:05+00:00","og_image":[{"width":768,"height":768,"url":"https:\/\/milanova-milanova.com\/wp-content\/uploads\/2025\/07\/DSC_0034.webp","type":"image\/webp"}],"twitter_card":"summary_large_image","twitter_misc":{"Est. reading time":"1 minute"},"schema":{"@context":"https:\/\/schema.org","@graph":[{"@type":"WebPage","@id":"https:\/\/milanova-milanova.com\/producto\/clementine\/","url":"https:\/\/milanova-milanova.com\/producto\/clementine\/","name":"Pa\u00f1uelo de seda Clementine - Mil\u00e1nova &amp; Mil\u00e1nova","isPartOf":{"@id":"https:\/\/milanova-milanova.com\/#website"},"primaryImageOfPage":{"@id":"https:\/\/milanova-milanova.com\/producto\/clementine\/#primaryimage"},"image":{"@id":"https:\/\/milanova-milanova.com\/producto\/clementine\/#primaryimage"},"thumbnailUrl":"https:\/\/milanova-milanova.com\/wp-content\/uploads\/2025\/07\/DSC_0034.webp","datePublished":"2025-07-16T17:52:13+00:00","dateModified":"2025-11-27T21:14:05+00:00","description":"Pa\u00f1uelo de seda \u2018Clementine\u2019 en tono Almendra Tostada. Seda de Como, edici\u00f3n limitada, acabado a mano y elegancia atemporal.","breadcrumb":{"@id":"https:\/\/milanova-milanova.com\/producto\/clementine\/#breadcrumb"},"inLanguage":"en-US","potentialAction":[{"@type":"ReadAction","target":["https:\/\/milanova-milanova.com\/producto\/clementine\/"]}]},{"@type":"ImageObject","inLanguage":"en-US","@id":"https:\/\/milanova-milanova.com\/producto\/clementine\/#primaryimage","url":"https:\/\/milanova-milanova.com\/wp-content\/uploads\/2025\/07\/DSC_0034.webp","contentUrl":"https:\/\/milanova-milanova.com\/wp-content\/uploads\/2025\/07\/DSC_0034.webp","width":768,"height":768},{"@type":"BreadcrumbList","@id":"https:\/\/milanova-milanova.com\/producto\/clementine\/#breadcrumb","itemListElement":[{"@type":"ListItem","position":1,"name":"Portada","item":"https:\/\/milanova-milanova.com\/"},{"@type":"ListItem","position":2,"name":"Tienda","item":"https:\/\/milanova-milanova.com\/tienda\/"},{"@type":"ListItem","position":3,"name":"Pa\u00f1uelo de seda Clementine"}]},{"@type":"WebSite","@id":"https:\/\/milanova-milanova.com\/#website","url":"https:\/\/milanova-milanova.com\/","name":"Mil\u00e1nova & Mil\u00e1nova","description":"Design with soul. Artisan craftsmanship from Barcelona.","potentialAction":[{"@type":"SearchAction","target":{"@type":"EntryPoint","urlTemplate":"https:\/\/milanova-milanova.com\/?s={search_term_string}"},"query-input":{"@type":"PropertyValueSpecification","valueRequired":true,"valueName":"search_term_string"}}],"inLanguage":"en-US"}]}},"_links":{"self":[{"href":"https:\/\/milanova-milanova.com\/en\/wp-json\/wp\/v2\/product\/304","targetHints":{"allow":["GET"]}}],"collection":[{"href":"https:\/\/milanova-milanova.com\/en\/wp-json\/wp\/v2\/product"}],"about":[{"href":"https:\/\/milanova-milanova.com\/en\/wp-json\/wp\/v2\/types\/product"}],"replies":[{"embeddable":true,"href":"https:\/\/milanova-milanova.com\/en\/wp-json\/wp\/v2\/comments?post=304"}],"wp:featuredmedia":[{"embeddable":true,"href":"https:\/\/milanova-milanova.com\/en\/wp-json\/wp\/v2\/media\/305"}],"wp:attachment":[{"href":"https:\/\/milanova-milanova.com\/en\/wp-json\/wp\/v2\/media?parent=304"}],"wp:term":[{"taxonomy":"product_brand","embeddable":true,"href":"https:\/\/milanova-milanova.com\/en\/wp-json\/wp\/v2\/product_brand?post=304"},{"taxonomy":"product_cat","embeddable":true,"href":"https:\/\/milanova-milanova.com\/en\/wp-json\/wp\/v2\/product_cat?post=304"},{"taxonomy":"product_tag","embeddable":true,"href":"https:\/\/milanova-milanova.com\/en\/wp-json\/wp\/v2\/product_tag?post=304"}],"curies":[{"name":"wp","href":"https:\/\/api.w.org\/{rel}","templated":true}]}}