{"id":292,"date":"2025-07-16T17:50:59","date_gmt":"2025-07-16T15:50:59","guid":{"rendered":"https:\/\/milanova-milanova.com\/?post_type=product&#038;p=292"},"modified":"2026-03-12T14:20:45","modified_gmt":"2026-03-12T13:20:45","slug":"panuelo-de-seda-berries-berries-strawberries","status":"publish","type":"product","link":"https:\/\/milanova-milanova.com\/en\/product\/panuelo-de-seda-berries-berries-strawberries\/","title":{"rendered":"Silk scarf \u00abBerries, berries, strawberries\u00bb"},"content":{"rendered":"<p>Pa\u00f1uelo de seda &#8216;Berries, Berries, Strawberries&#8217;<\/p>\n<p>100% twill silk<br \/>\n60 x 60 cm, bordes enrollados a mano<\/p>\n<p>A design drawn by hand<br \/>\nLimited edition<\/p>\n<p>D\u00e9jate llevar por el encanto juguet\u00f3n de nuestro pa\u00f1uelo de seda &#8216;Berries, Berries, Strawberries&#8217;, donde el arte se encuentra con un toque de nostalgia. Las fresas, que recuerdan a los adhesivos hechos de p\u00edxeles, aportan un toque encantador y distintivamente millennial. Abraza el esp\u00edritu de la modernidad y la alegr\u00eda con este accesorio vibrante que aporta una explosi\u00f3n de color y diversi\u00f3n a cualquier conjunto.<\/p>\n<p>Explore more in our collection with the <a class=\"decorated-link\" href=\"https:\/\/milanova-milanova.com\/en\/product\/amelie\/?utm_source=chatgpt.com\" target=\"_new\" rel=\"noopener\" data-start=\"92\" data-end=\"156\">pa\u00f1uelo Am\u00e9lie<\/a>.<\/p>\n<p>Our silk scarves are printed by <a class=\"decorated-link\" href=\"https:\/\/www.lafotoserica.it\/?utm_source=chatgpt.com\" target=\"_new\" rel=\"noopener\" data-start=\"92\" data-end=\"138\">La Foto Serica<\/a>an established company in Como, Italy, where the finest silk fabrics are printed.<\/p>","protected":false},"excerpt":{"rendered":"<p>100% twill silk<br \/>\n60 x 60 cm, bordes enrollados a mano<\/p>\n<p>A design drawn by hand<br \/>\nLimited edition<\/p>\n<p>Let yourself be carried away by the playful charm of our \u2018Berries, Berries, Strawberries\u2019 foulard, where art meets a touch of nostalgia. The strawberries, reminiscent of pixel-made stickers, add a delightful and distinctly millennial touch. Embrace the spirit of modernity and joy with this vibrant accessory that brings a burst of color and fun to any outfit.<\/p>","protected":false},"featured_media":293,"comment_status":"open","ping_status":"closed","template":"","meta":[],"product_brand":[],"product_cat":[31],"product_tag":[],"class_list":{"0":"post-292","1":"product","2":"type-product","3":"status-publish","4":"has-post-thumbnail","6":"product_cat-panuelos-de-seda","8":"first","9":"instock","10":"shipping-taxable","11":"purchasable","12":"product-type-simple"},"yoast_head":"<!-- This site is optimized with the Yoast SEO plugin v27.0 - https:\/\/yoast.com\/product\/yoast-seo-wordpress\/ -->\n<title>Pa\u00f1uelo de seda &quot;Berries, berries, strawberries&quot; - Mil\u00e1nova &amp; Mil\u00e1nova<\/title>\n<meta name=\"description\" content=\"Pa\u00f1uelo de seda twill 100% con dise\u00f1o dibujado a mano. Edici\u00f3n limitada \u2018Berries, Berries, Strawberries\u2019: color, nostalgia y alegr\u00eda en un accesorio \u00fanico.\" \/>\n<meta name=\"robots\" content=\"index, follow, max-snippet:-1, max-image-preview:large, max-video-preview:-1\" \/>\n<link rel=\"canonical\" href=\"https:\/\/milanova-milanova.com\/en\/product\/panuelo-de-seda-berries-berries-strawberries\/\" \/>\n<meta property=\"og:locale\" content=\"en_US\" \/>\n<meta property=\"og:type\" content=\"article\" \/>\n<meta property=\"og:title\" content=\"Pa\u00f1uelo de seda &quot;Berries, berries, strawberries&quot; - Mil\u00e1nova &amp; Mil\u00e1nova\" \/>\n<meta property=\"og:description\" content=\"Pa\u00f1uelo de seda twill 100% con dise\u00f1o dibujado a mano. Edici\u00f3n limitada \u2018Berries, Berries, Strawberries\u2019: color, nostalgia y alegr\u00eda en un accesorio \u00fanico.\" \/>\n<meta property=\"og:url\" content=\"https:\/\/milanova-milanova.com\/en\/product\/panuelo-de-seda-berries-berries-strawberries\/\" \/>\n<meta property=\"og:site_name\" content=\"Mil\u00e1nova &amp; Mil\u00e1nova\" \/>\n<meta property=\"article:modified_time\" content=\"2026-03-12T13:20:45+00:00\" \/>\n<meta property=\"og:image\" content=\"https:\/\/milanova-milanova.com\/wp-content\/uploads\/2025\/07\/IMG_8513_1.webp\" \/>\n\t<meta property=\"og:image:width\" content=\"768\" \/>\n\t<meta property=\"og:image:height\" content=\"752\" \/>\n\t<meta property=\"og:image:type\" content=\"image\/webp\" \/>\n<meta name=\"twitter:card\" content=\"summary_large_image\" \/>\n<meta name=\"twitter:label1\" content=\"Est. reading time\" \/>\n\t<meta name=\"twitter:data1\" content=\"1 minute\" \/>\n<script type=\"application\/ld+json\" class=\"yoast-schema-graph\">{\"@context\":\"https:\/\/schema.org\",\"@graph\":[{\"@type\":\"WebPage\",\"@id\":\"https:\/\/milanova-milanova.com\/producto\/panuelo-de-seda-berries-berries-strawberries\/\",\"url\":\"https:\/\/milanova-milanova.com\/producto\/panuelo-de-seda-berries-berries-strawberries\/\",\"name\":\"Pa\u00f1uelo de seda \\\"Berries, berries, strawberries\\\" - Mil\u00e1nova &amp; Mil\u00e1nova\",\"isPartOf\":{\"@id\":\"https:\/\/milanova-milanova.com\/#website\"},\"primaryImageOfPage\":{\"@id\":\"https:\/\/milanova-milanova.com\/producto\/panuelo-de-seda-berries-berries-strawberries\/#primaryimage\"},\"image\":{\"@id\":\"https:\/\/milanova-milanova.com\/producto\/panuelo-de-seda-berries-berries-strawberries\/#primaryimage\"},\"thumbnailUrl\":\"https:\/\/milanova-milanova.com\/wp-content\/uploads\/2025\/07\/IMG_8513_1.webp\",\"datePublished\":\"2025-07-16T15:50:59+00:00\",\"dateModified\":\"2026-03-12T13:20:45+00:00\",\"description\":\"Pa\u00f1uelo de seda twill 100% con dise\u00f1o dibujado a mano. Edici\u00f3n limitada \u2018Berries, Berries, Strawberries\u2019: color, nostalgia y alegr\u00eda en un accesorio \u00fanico.\",\"breadcrumb\":{\"@id\":\"https:\/\/milanova-milanova.com\/producto\/panuelo-de-seda-berries-berries-strawberries\/#breadcrumb\"},\"inLanguage\":\"en-US\",\"potentialAction\":[{\"@type\":\"ReadAction\",\"target\":[\"https:\/\/milanova-milanova.com\/producto\/panuelo-de-seda-berries-berries-strawberries\/\"]}]},{\"@type\":\"ImageObject\",\"inLanguage\":\"en-US\",\"@id\":\"https:\/\/milanova-milanova.com\/producto\/panuelo-de-seda-berries-berries-strawberries\/#primaryimage\",\"url\":\"https:\/\/milanova-milanova.com\/wp-content\/uploads\/2025\/07\/IMG_8513_1.webp\",\"contentUrl\":\"https:\/\/milanova-milanova.com\/wp-content\/uploads\/2025\/07\/IMG_8513_1.webp\",\"width\":768,\"height\":752,\"caption\":\"Pa\u00f1uelo de seda Berries\"},{\"@type\":\"BreadcrumbList\",\"@id\":\"https:\/\/milanova-milanova.com\/producto\/panuelo-de-seda-berries-berries-strawberries\/#breadcrumb\",\"itemListElement\":[{\"@type\":\"ListItem\",\"position\":1,\"name\":\"Portada\",\"item\":\"https:\/\/milanova-milanova.com\/\"},{\"@type\":\"ListItem\",\"position\":2,\"name\":\"Tienda\",\"item\":\"https:\/\/milanova-milanova.com\/tienda\/\"},{\"@type\":\"ListItem\",\"position\":3,\"name\":\"Pa\u00f1uelo de seda \u00abBerries, berries, strawberries\u00bb\"}]},{\"@type\":\"WebSite\",\"@id\":\"https:\/\/milanova-milanova.com\/#website\",\"url\":\"https:\/\/milanova-milanova.com\/\",\"name\":\"Mil\u00e1nova & Mil\u00e1nova\",\"description\":\"Dise\u00f1o con alma. Artesan\u00eda hecha en Barcelona.\",\"potentialAction\":[{\"@type\":\"SearchAction\",\"target\":{\"@type\":\"EntryPoint\",\"urlTemplate\":\"https:\/\/milanova-milanova.com\/?s={search_term_string}\"},\"query-input\":{\"@type\":\"PropertyValueSpecification\",\"valueRequired\":true,\"valueName\":\"search_term_string\"}}],\"inLanguage\":\"en-US\"}]}<\/script>\n<!-- \/ Yoast SEO plugin. -->","yoast_head_json":{"title":"Pa\u00f1uelo de seda \"Berries, berries, strawberries\" - Mil\u00e1nova &amp; Mil\u00e1nova","description":"Pa\u00f1uelo de seda twill 100% con dise\u00f1o dibujado a mano. Edici\u00f3n limitada \u2018Berries, Berries, Strawberries\u2019: color, nostalgia y alegr\u00eda en un accesorio \u00fanico.","robots":{"index":"index","follow":"follow","max-snippet":"max-snippet:-1","max-image-preview":"max-image-preview:large","max-video-preview":"max-video-preview:-1"},"canonical":"https:\/\/milanova-milanova.com\/en\/product\/panuelo-de-seda-berries-berries-strawberries\/","og_locale":"en_US","og_type":"article","og_title":"Pa\u00f1uelo de seda \"Berries, berries, strawberries\" - Mil\u00e1nova &amp; Mil\u00e1nova","og_description":"Pa\u00f1uelo de seda twill 100% con dise\u00f1o dibujado a mano. Edici\u00f3n limitada \u2018Berries, Berries, Strawberries\u2019: color, nostalgia y alegr\u00eda en un accesorio \u00fanico.","og_url":"https:\/\/milanova-milanova.com\/en\/product\/panuelo-de-seda-berries-berries-strawberries\/","og_site_name":"Mil\u00e1nova &amp; Mil\u00e1nova","article_modified_time":"2026-03-12T13:20:45+00:00","og_image":[{"width":768,"height":752,"url":"https:\/\/milanova-milanova.com\/wp-content\/uploads\/2025\/07\/IMG_8513_1.webp","type":"image\/webp"}],"twitter_card":"summary_large_image","twitter_misc":{"Est. reading time":"1 minute"},"schema":{"@context":"https:\/\/schema.org","@graph":[{"@type":"WebPage","@id":"https:\/\/milanova-milanova.com\/producto\/panuelo-de-seda-berries-berries-strawberries\/","url":"https:\/\/milanova-milanova.com\/producto\/panuelo-de-seda-berries-berries-strawberries\/","name":"Pa\u00f1uelo de seda \"Berries, berries, strawberries\" - Mil\u00e1nova &amp; Mil\u00e1nova","isPartOf":{"@id":"https:\/\/milanova-milanova.com\/#website"},"primaryImageOfPage":{"@id":"https:\/\/milanova-milanova.com\/producto\/panuelo-de-seda-berries-berries-strawberries\/#primaryimage"},"image":{"@id":"https:\/\/milanova-milanova.com\/producto\/panuelo-de-seda-berries-berries-strawberries\/#primaryimage"},"thumbnailUrl":"https:\/\/milanova-milanova.com\/wp-content\/uploads\/2025\/07\/IMG_8513_1.webp","datePublished":"2025-07-16T15:50:59+00:00","dateModified":"2026-03-12T13:20:45+00:00","description":"Pa\u00f1uelo de seda twill 100% con dise\u00f1o dibujado a mano. Edici\u00f3n limitada \u2018Berries, Berries, Strawberries\u2019: color, nostalgia y alegr\u00eda en un accesorio \u00fanico.","breadcrumb":{"@id":"https:\/\/milanova-milanova.com\/producto\/panuelo-de-seda-berries-berries-strawberries\/#breadcrumb"},"inLanguage":"en-US","potentialAction":[{"@type":"ReadAction","target":["https:\/\/milanova-milanova.com\/producto\/panuelo-de-seda-berries-berries-strawberries\/"]}]},{"@type":"ImageObject","inLanguage":"en-US","@id":"https:\/\/milanova-milanova.com\/producto\/panuelo-de-seda-berries-berries-strawberries\/#primaryimage","url":"https:\/\/milanova-milanova.com\/wp-content\/uploads\/2025\/07\/IMG_8513_1.webp","contentUrl":"https:\/\/milanova-milanova.com\/wp-content\/uploads\/2025\/07\/IMG_8513_1.webp","width":768,"height":752,"caption":"Pa\u00f1uelo de seda Berries"},{"@type":"BreadcrumbList","@id":"https:\/\/milanova-milanova.com\/producto\/panuelo-de-seda-berries-berries-strawberries\/#breadcrumb","itemListElement":[{"@type":"ListItem","position":1,"name":"Portada","item":"https:\/\/milanova-milanova.com\/"},{"@type":"ListItem","position":2,"name":"Tienda","item":"https:\/\/milanova-milanova.com\/tienda\/"},{"@type":"ListItem","position":3,"name":"Pa\u00f1uelo de seda \u00abBerries, berries, strawberries\u00bb"}]},{"@type":"WebSite","@id":"https:\/\/milanova-milanova.com\/#website","url":"https:\/\/milanova-milanova.com\/","name":"Mil\u00e1nova & Mil\u00e1nova","description":"Design with soul. Artisan craftsmanship from Barcelona.","potentialAction":[{"@type":"SearchAction","target":{"@type":"EntryPoint","urlTemplate":"https:\/\/milanova-milanova.com\/?s={search_term_string}"},"query-input":{"@type":"PropertyValueSpecification","valueRequired":true,"valueName":"search_term_string"}}],"inLanguage":"en-US"}]}},"_links":{"self":[{"href":"https:\/\/milanova-milanova.com\/en\/wp-json\/wp\/v2\/product\/292","targetHints":{"allow":["GET"]}}],"collection":[{"href":"https:\/\/milanova-milanova.com\/en\/wp-json\/wp\/v2\/product"}],"about":[{"href":"https:\/\/milanova-milanova.com\/en\/wp-json\/wp\/v2\/types\/product"}],"replies":[{"embeddable":true,"href":"https:\/\/milanova-milanova.com\/en\/wp-json\/wp\/v2\/comments?post=292"}],"wp:featuredmedia":[{"embeddable":true,"href":"https:\/\/milanova-milanova.com\/en\/wp-json\/wp\/v2\/media\/293"}],"wp:attachment":[{"href":"https:\/\/milanova-milanova.com\/en\/wp-json\/wp\/v2\/media?parent=292"}],"wp:term":[{"taxonomy":"product_brand","embeddable":true,"href":"https:\/\/milanova-milanova.com\/en\/wp-json\/wp\/v2\/product_brand?post=292"},{"taxonomy":"product_cat","embeddable":true,"href":"https:\/\/milanova-milanova.com\/en\/wp-json\/wp\/v2\/product_cat?post=292"},{"taxonomy":"product_tag","embeddable":true,"href":"https:\/\/milanova-milanova.com\/en\/wp-json\/wp\/v2\/product_tag?post=292"}],"curies":[{"name":"wp","href":"https:\/\/api.w.org\/{rel}","templated":true}]}}