{"id":266,"date":"2025-07-16T17:22:16","date_gmt":"2025-07-16T15:22:16","guid":{"rendered":"https:\/\/milanova-milanova.com\/?post_type=product&#038;p=266"},"modified":"2026-03-12T14:23:13","modified_gmt":"2026-03-12T13:23:13","slug":"yellow-goblin","status":"publish","type":"product","link":"https:\/\/milanova-milanova.com\/en\/product\/yellow-goblin\/","title":{"rendered":"Pocket square 'Yellow Goblin'"},"content":{"rendered":"<p>Pocket Square Yellow Goblin\u2019:<\/p>\n<p>100% twill silk<br \/>\n32 x 32 cm, hand-rolled hem<\/p>\n<p>Limited edition<\/p>\n<p>We present the Yellow Goblin pocket square, designed for our confident and distinguished clients. This striking accessory features a vibrant yellow base adorned with dark blue polka dots and a refined dark blue border. Elevate your style with this unique piece, perfect for making a bold statement.<\/p>\n<p data-start=\"37\" data-end=\"169\">Explore more in our collection with the <a class=\"decorated-link\" href=\"https:\/\/milanova-milanova.com\/en\/product\/lollou\/\" target=\"_new\" rel=\"noopener\" data-start=\"77\" data-end=\"166\">pa\u00f1uelo de bolsillo de seda pura Lollou<\/a>.<\/p>\n<p data-start=\"171\" data-end=\"355\" data-is-last-node=\"\" data-is-only-node=\"\">Our silk scarves are printed by <a class=\"decorated-link\" href=\"https:\/\/www.lafotoserica.it\/\" target=\"_new\" rel=\"noopener\" data-start=\"216\" data-end=\"262\">La Foto Serica<\/a>an established company in Como, Italy, where the finest silk fabrics are printed.<\/p>","protected":false},"excerpt":{"rendered":"<p>100% twill silk<br \/>\n32 x 32 cm, hand-rolled hem<\/p>\n<p>Limited edition<\/p>\n<p>We present the Yellow Goblin pocket square, designed for our confident and distinguished clients. This striking accessory features a vibrant yellow base adorned with dark blue polka dots and a refined dark blue border. Elevate your style with this unique piece, perfect for making a bold statement.<\/p>","protected":false},"featured_media":267,"comment_status":"open","ping_status":"closed","template":"","meta":[],"product_brand":[],"product_cat":[30],"product_tag":[],"class_list":{"0":"post-266","1":"product","2":"type-product","3":"status-publish","4":"has-post-thumbnail","6":"product_cat-panuelos-de-bolsillo-de-seda","8":"first","9":"instock","10":"sale","11":"shipping-taxable","12":"purchasable","13":"product-type-simple"},"yoast_head":"<!-- This site is optimized with the Yoast SEO plugin v27.0 - https:\/\/yoast.com\/product\/yoast-seo-wordpress\/ -->\n<title>Pa\u00f1uelo de bolsillo &#039;Yellow Goblin&#039; - Mil\u00e1nova &amp; Mil\u00e1nova<\/title>\n<meta name=\"description\" content=\"Pa\u00f1uelo de bolsillo \u2018Yellow Goblin\u2019 en seda twill. Fondo amarillo vibrante con lunares azul oscuro. Edici\u00f3n limitada y acabado artesanal.\" \/>\n<meta name=\"robots\" content=\"index, follow, max-snippet:-1, max-image-preview:large, max-video-preview:-1\" \/>\n<link rel=\"canonical\" href=\"https:\/\/milanova-milanova.com\/en\/product\/yellow-goblin\/\" \/>\n<meta property=\"og:locale\" content=\"en_US\" \/>\n<meta property=\"og:type\" content=\"article\" \/>\n<meta property=\"og:title\" content=\"Pa\u00f1uelo de bolsillo &#039;Yellow Goblin&#039; - Mil\u00e1nova &amp; Mil\u00e1nova\" \/>\n<meta property=\"og:description\" content=\"Pa\u00f1uelo de bolsillo \u2018Yellow Goblin\u2019 en seda twill. Fondo amarillo vibrante con lunares azul oscuro. Edici\u00f3n limitada y acabado artesanal.\" \/>\n<meta property=\"og:url\" content=\"https:\/\/milanova-milanova.com\/en\/product\/yellow-goblin\/\" \/>\n<meta property=\"og:site_name\" content=\"Mil\u00e1nova &amp; Mil\u00e1nova\" \/>\n<meta property=\"article:modified_time\" content=\"2026-03-12T13:23:13+00:00\" \/>\n<meta property=\"og:image\" content=\"https:\/\/milanova-milanova.com\/wp-content\/uploads\/2025\/07\/yellowGoblin_2.webp\" \/>\n\t<meta property=\"og:image:width\" content=\"768\" \/>\n\t<meta property=\"og:image:height\" content=\"523\" \/>\n\t<meta property=\"og:image:type\" content=\"image\/webp\" \/>\n<meta name=\"twitter:card\" content=\"summary_large_image\" \/>\n<meta name=\"twitter:label1\" content=\"Est. reading time\" \/>\n\t<meta name=\"twitter:data1\" content=\"1 minute\" \/>\n<script type=\"application\/ld+json\" class=\"yoast-schema-graph\">{\"@context\":\"https:\/\/schema.org\",\"@graph\":[{\"@type\":\"WebPage\",\"@id\":\"https:\/\/milanova-milanova.com\/producto\/yellow-goblin\/\",\"url\":\"https:\/\/milanova-milanova.com\/producto\/yellow-goblin\/\",\"name\":\"Pa\u00f1uelo de bolsillo 'Yellow Goblin' - Mil\u00e1nova &amp; Mil\u00e1nova\",\"isPartOf\":{\"@id\":\"https:\/\/milanova-milanova.com\/#website\"},\"primaryImageOfPage\":{\"@id\":\"https:\/\/milanova-milanova.com\/producto\/yellow-goblin\/#primaryimage\"},\"image\":{\"@id\":\"https:\/\/milanova-milanova.com\/producto\/yellow-goblin\/#primaryimage\"},\"thumbnailUrl\":\"https:\/\/milanova-milanova.com\/wp-content\/uploads\/2025\/07\/yellowGoblin_2.webp\",\"datePublished\":\"2025-07-16T15:22:16+00:00\",\"dateModified\":\"2026-03-12T13:23:13+00:00\",\"description\":\"Pa\u00f1uelo de bolsillo \u2018Yellow Goblin\u2019 en seda twill. Fondo amarillo vibrante con lunares azul oscuro. Edici\u00f3n limitada y acabado artesanal.\",\"breadcrumb\":{\"@id\":\"https:\/\/milanova-milanova.com\/producto\/yellow-goblin\/#breadcrumb\"},\"inLanguage\":\"en-US\",\"potentialAction\":[{\"@type\":\"ReadAction\",\"target\":[\"https:\/\/milanova-milanova.com\/producto\/yellow-goblin\/\"]}]},{\"@type\":\"ImageObject\",\"inLanguage\":\"en-US\",\"@id\":\"https:\/\/milanova-milanova.com\/producto\/yellow-goblin\/#primaryimage\",\"url\":\"https:\/\/milanova-milanova.com\/wp-content\/uploads\/2025\/07\/yellowGoblin_2.webp\",\"contentUrl\":\"https:\/\/milanova-milanova.com\/wp-content\/uploads\/2025\/07\/yellowGoblin_2.webp\",\"width\":768,\"height\":523,\"caption\":\"Pa\u00f1uelo de bolsillo de seda silk pocket square\"},{\"@type\":\"BreadcrumbList\",\"@id\":\"https:\/\/milanova-milanova.com\/producto\/yellow-goblin\/#breadcrumb\",\"itemListElement\":[{\"@type\":\"ListItem\",\"position\":1,\"name\":\"Portada\",\"item\":\"https:\/\/milanova-milanova.com\/\"},{\"@type\":\"ListItem\",\"position\":2,\"name\":\"Tienda\",\"item\":\"https:\/\/milanova-milanova.com\/tienda\/\"},{\"@type\":\"ListItem\",\"position\":3,\"name\":\"Pa\u00f1uelo de bolsillo &#8216;Yellow Goblin&#8217;\"}]},{\"@type\":\"WebSite\",\"@id\":\"https:\/\/milanova-milanova.com\/#website\",\"url\":\"https:\/\/milanova-milanova.com\/\",\"name\":\"Mil\u00e1nova & Mil\u00e1nova\",\"description\":\"Dise\u00f1o con alma. Artesan\u00eda hecha en Barcelona.\",\"potentialAction\":[{\"@type\":\"SearchAction\",\"target\":{\"@type\":\"EntryPoint\",\"urlTemplate\":\"https:\/\/milanova-milanova.com\/?s={search_term_string}\"},\"query-input\":{\"@type\":\"PropertyValueSpecification\",\"valueRequired\":true,\"valueName\":\"search_term_string\"}}],\"inLanguage\":\"en-US\"}]}<\/script>\n<!-- \/ Yoast SEO plugin. -->","yoast_head_json":{"title":"Pa\u00f1uelo de bolsillo 'Yellow Goblin' - Mil\u00e1nova &amp; Mil\u00e1nova","description":"Pa\u00f1uelo de bolsillo \u2018Yellow Goblin\u2019 en seda twill. Fondo amarillo vibrante con lunares azul oscuro. Edici\u00f3n limitada y acabado artesanal.","robots":{"index":"index","follow":"follow","max-snippet":"max-snippet:-1","max-image-preview":"max-image-preview:large","max-video-preview":"max-video-preview:-1"},"canonical":"https:\/\/milanova-milanova.com\/en\/product\/yellow-goblin\/","og_locale":"en_US","og_type":"article","og_title":"Pa\u00f1uelo de bolsillo 'Yellow Goblin' - Mil\u00e1nova &amp; Mil\u00e1nova","og_description":"Pa\u00f1uelo de bolsillo \u2018Yellow Goblin\u2019 en seda twill. Fondo amarillo vibrante con lunares azul oscuro. Edici\u00f3n limitada y acabado artesanal.","og_url":"https:\/\/milanova-milanova.com\/en\/product\/yellow-goblin\/","og_site_name":"Mil\u00e1nova &amp; Mil\u00e1nova","article_modified_time":"2026-03-12T13:23:13+00:00","og_image":[{"width":768,"height":523,"url":"https:\/\/milanova-milanova.com\/wp-content\/uploads\/2025\/07\/yellowGoblin_2.webp","type":"image\/webp"}],"twitter_card":"summary_large_image","twitter_misc":{"Est. reading time":"1 minute"},"schema":{"@context":"https:\/\/schema.org","@graph":[{"@type":"WebPage","@id":"https:\/\/milanova-milanova.com\/producto\/yellow-goblin\/","url":"https:\/\/milanova-milanova.com\/producto\/yellow-goblin\/","name":"Pa\u00f1uelo de bolsillo 'Yellow Goblin' - Mil\u00e1nova &amp; Mil\u00e1nova","isPartOf":{"@id":"https:\/\/milanova-milanova.com\/#website"},"primaryImageOfPage":{"@id":"https:\/\/milanova-milanova.com\/producto\/yellow-goblin\/#primaryimage"},"image":{"@id":"https:\/\/milanova-milanova.com\/producto\/yellow-goblin\/#primaryimage"},"thumbnailUrl":"https:\/\/milanova-milanova.com\/wp-content\/uploads\/2025\/07\/yellowGoblin_2.webp","datePublished":"2025-07-16T15:22:16+00:00","dateModified":"2026-03-12T13:23:13+00:00","description":"Pa\u00f1uelo de bolsillo \u2018Yellow Goblin\u2019 en seda twill. Fondo amarillo vibrante con lunares azul oscuro. Edici\u00f3n limitada y acabado artesanal.","breadcrumb":{"@id":"https:\/\/milanova-milanova.com\/producto\/yellow-goblin\/#breadcrumb"},"inLanguage":"en-US","potentialAction":[{"@type":"ReadAction","target":["https:\/\/milanova-milanova.com\/producto\/yellow-goblin\/"]}]},{"@type":"ImageObject","inLanguage":"en-US","@id":"https:\/\/milanova-milanova.com\/producto\/yellow-goblin\/#primaryimage","url":"https:\/\/milanova-milanova.com\/wp-content\/uploads\/2025\/07\/yellowGoblin_2.webp","contentUrl":"https:\/\/milanova-milanova.com\/wp-content\/uploads\/2025\/07\/yellowGoblin_2.webp","width":768,"height":523,"caption":"Pa\u00f1uelo de bolsillo de seda silk pocket square"},{"@type":"BreadcrumbList","@id":"https:\/\/milanova-milanova.com\/producto\/yellow-goblin\/#breadcrumb","itemListElement":[{"@type":"ListItem","position":1,"name":"Portada","item":"https:\/\/milanova-milanova.com\/"},{"@type":"ListItem","position":2,"name":"Tienda","item":"https:\/\/milanova-milanova.com\/tienda\/"},{"@type":"ListItem","position":3,"name":"Pa\u00f1uelo de bolsillo &#8216;Yellow Goblin&#8217;"}]},{"@type":"WebSite","@id":"https:\/\/milanova-milanova.com\/#website","url":"https:\/\/milanova-milanova.com\/","name":"Mil\u00e1nova & Mil\u00e1nova","description":"Design with soul. Artisan craftsmanship from Barcelona.","potentialAction":[{"@type":"SearchAction","target":{"@type":"EntryPoint","urlTemplate":"https:\/\/milanova-milanova.com\/?s={search_term_string}"},"query-input":{"@type":"PropertyValueSpecification","valueRequired":true,"valueName":"search_term_string"}}],"inLanguage":"en-US"}]}},"_links":{"self":[{"href":"https:\/\/milanova-milanova.com\/en\/wp-json\/wp\/v2\/product\/266","targetHints":{"allow":["GET"]}}],"collection":[{"href":"https:\/\/milanova-milanova.com\/en\/wp-json\/wp\/v2\/product"}],"about":[{"href":"https:\/\/milanova-milanova.com\/en\/wp-json\/wp\/v2\/types\/product"}],"replies":[{"embeddable":true,"href":"https:\/\/milanova-milanova.com\/en\/wp-json\/wp\/v2\/comments?post=266"}],"wp:featuredmedia":[{"embeddable":true,"href":"https:\/\/milanova-milanova.com\/en\/wp-json\/wp\/v2\/media\/267"}],"wp:attachment":[{"href":"https:\/\/milanova-milanova.com\/en\/wp-json\/wp\/v2\/media?parent=266"}],"wp:term":[{"taxonomy":"product_brand","embeddable":true,"href":"https:\/\/milanova-milanova.com\/en\/wp-json\/wp\/v2\/product_brand?post=266"},{"taxonomy":"product_cat","embeddable":true,"href":"https:\/\/milanova-milanova.com\/en\/wp-json\/wp\/v2\/product_cat?post=266"},{"taxonomy":"product_tag","embeddable":true,"href":"https:\/\/milanova-milanova.com\/en\/wp-json\/wp\/v2\/product_tag?post=266"}],"curies":[{"name":"wp","href":"https:\/\/api.w.org\/{rel}","templated":true}]}}