{"id":241,"date":"2025-07-16T16:58:33","date_gmt":"2025-07-16T14:58:33","guid":{"rendered":"https:\/\/milanova-milanova.com\/?post_type=product&#038;p=241"},"modified":"2026-03-12T14:23:10","modified_gmt":"2026-03-12T13:23:10","slug":"indigo-mastery","status":"publish","type":"product","link":"https:\/\/milanova-milanova.com\/en\/product\/indigo-mastery\/","title":{"rendered":"Pocket Square \u2018Indigo Mastery\u2019"},"content":{"rendered":"<p>Pocket Square \u2018Indigo Mastery\u2019<\/p>\n<p>100% silk twill<br \/>\n32 x 32 cm, hand-rolled hem<\/p>\n<p>Limited edition<\/p>\n<p>We present our exquisite pure silk pocket square, a testament to timeless sophistication. Impeccably crafted, this piece features a rich navy canvas adorned with a captivating arrangement of striking triangles. The deep navy exudes a sense of classic refinement, while the intricate triangle design adds a touch of modern charm.<\/p>\n<p>The softness of pure silk to the touch, the rich navy tone that complements any suit, and the playful yet refined triangles make this pocket square an essential addition to your wardrobe. Elevate your outfit with a touch of luxury and individuality.<\/p>\n<p data-start=\"37\" data-end=\"156\">Explore more in our collection with the <a class=\"decorated-link\" href=\"https:\/\/milanova-milanova.com\/en\/product\/not-so-polka\/?utm_source=chatgpt.com\" target=\"_new\" rel=\"noopener\" data-start=\"77\" data-end=\"153\">pa\u00f1uelo Not So Polka<\/a>.<\/p>\n<p data-start=\"158\" data-end=\"342\" data-is-last-node=\"\" data-is-only-node=\"\">Our silk scarves are printed by <a class=\"decorated-link\" href=\"https:\/\/www.lafotoserica.it\/?utm_source=chatgpt.com\" target=\"_new\" rel=\"noopener\" data-start=\"203\" data-end=\"249\">La Foto Serica<\/a>an established company in Como, Italy, where the finest silk fabrics are printed.<\/p>","protected":false},"excerpt":{"rendered":"<p>100% silk twill<br \/>\n32 x 32 cm, hand-rolled hem<\/p>\n<p>Limited edition<\/p>\n<p>We present our exquisite pure silk pocket square, a testament to timeless sophistication. Impeccably crafted, this piece features a rich navy canvas adorned with a captivating arrangement of striking triangles. The deep navy exudes a sense of classic refinement, while the intricate triangle design adds a touch of modern charm.<\/p>\n<p>The softness of pure silk to the touch, the rich navy tone that complements any suit, and the playful yet refined triangles make this pocket square an essential addition to your wardrobe. Elevate your outfit with a touch of luxury and individuality.<\/p>","protected":false},"featured_media":242,"comment_status":"open","ping_status":"closed","template":"","meta":[],"product_brand":[],"product_cat":[30],"product_tag":[],"class_list":{"0":"post-241","1":"product","2":"type-product","3":"status-publish","4":"has-post-thumbnail","6":"product_cat-panuelos-de-bolsillo-de-seda","8":"first","9":"instock","10":"sale","11":"shipping-taxable","12":"purchasable","13":"product-type-simple"},"yoast_head":"<!-- This site is optimized with the Yoast SEO plugin v27.0 - https:\/\/yoast.com\/product\/yoast-seo-wordpress\/ -->\n<title>Pa\u00f1uelo de bolsillo &#039;Indigo Mastery&#039; - Mil\u00e1nova &amp; Mil\u00e1nova<\/title>\n<meta name=\"description\" content=\"Pa\u00f1uelo de bolsillo \u2018Indigo Mastery\u2019 en seda twill azul marino con tri\u00e1ngulos. Edici\u00f3n limitada, bordes a mano y elegancia atemporal.\" \/>\n<meta name=\"robots\" content=\"index, follow, max-snippet:-1, max-image-preview:large, max-video-preview:-1\" \/>\n<link rel=\"canonical\" href=\"https:\/\/milanova-milanova.com\/en\/product\/indigo-mastery\/\" \/>\n<meta property=\"og:locale\" content=\"en_US\" \/>\n<meta property=\"og:type\" content=\"article\" \/>\n<meta property=\"og:title\" content=\"Pa\u00f1uelo de bolsillo &#039;Indigo Mastery&#039; - Mil\u00e1nova &amp; Mil\u00e1nova\" \/>\n<meta property=\"og:description\" content=\"Pa\u00f1uelo de bolsillo \u2018Indigo Mastery\u2019 en seda twill azul marino con tri\u00e1ngulos. Edici\u00f3n limitada, bordes a mano y elegancia atemporal.\" \/>\n<meta property=\"og:url\" content=\"https:\/\/milanova-milanova.com\/en\/product\/indigo-mastery\/\" \/>\n<meta property=\"og:site_name\" content=\"Mil\u00e1nova &amp; Mil\u00e1nova\" \/>\n<meta property=\"article:modified_time\" content=\"2026-03-12T13:23:10+00:00\" \/>\n<meta property=\"og:image\" content=\"https:\/\/milanova-milanova.com\/wp-content\/uploads\/2025\/07\/White_Trinagle_Detail-1.webp\" \/>\n\t<meta property=\"og:image:width\" content=\"768\" \/>\n\t<meta property=\"og:image:height\" content=\"510\" \/>\n\t<meta property=\"og:image:type\" content=\"image\/webp\" \/>\n<meta name=\"twitter:card\" content=\"summary_large_image\" \/>\n<meta name=\"twitter:label1\" content=\"Est. reading time\" \/>\n\t<meta name=\"twitter:data1\" content=\"1 minute\" \/>\n<script type=\"application\/ld+json\" class=\"yoast-schema-graph\">{\"@context\":\"https:\/\/schema.org\",\"@graph\":[{\"@type\":\"WebPage\",\"@id\":\"https:\/\/milanova-milanova.com\/producto\/indigo-mastery\/\",\"url\":\"https:\/\/milanova-milanova.com\/producto\/indigo-mastery\/\",\"name\":\"Pa\u00f1uelo de bolsillo 'Indigo Mastery' - Mil\u00e1nova &amp; Mil\u00e1nova\",\"isPartOf\":{\"@id\":\"https:\/\/milanova-milanova.com\/#website\"},\"primaryImageOfPage\":{\"@id\":\"https:\/\/milanova-milanova.com\/producto\/indigo-mastery\/#primaryimage\"},\"image\":{\"@id\":\"https:\/\/milanova-milanova.com\/producto\/indigo-mastery\/#primaryimage\"},\"thumbnailUrl\":\"https:\/\/milanova-milanova.com\/wp-content\/uploads\/2025\/07\/White_Trinagle_Detail-1.webp\",\"datePublished\":\"2025-07-16T14:58:33+00:00\",\"dateModified\":\"2026-03-12T13:23:10+00:00\",\"description\":\"Pa\u00f1uelo de bolsillo \u2018Indigo Mastery\u2019 en seda twill azul marino con tri\u00e1ngulos. Edici\u00f3n limitada, bordes a mano y elegancia atemporal.\",\"breadcrumb\":{\"@id\":\"https:\/\/milanova-milanova.com\/producto\/indigo-mastery\/#breadcrumb\"},\"inLanguage\":\"en-US\",\"potentialAction\":[{\"@type\":\"ReadAction\",\"target\":[\"https:\/\/milanova-milanova.com\/producto\/indigo-mastery\/\"]}]},{\"@type\":\"ImageObject\",\"inLanguage\":\"en-US\",\"@id\":\"https:\/\/milanova-milanova.com\/producto\/indigo-mastery\/#primaryimage\",\"url\":\"https:\/\/milanova-milanova.com\/wp-content\/uploads\/2025\/07\/White_Trinagle_Detail-1.webp\",\"contentUrl\":\"https:\/\/milanova-milanova.com\/wp-content\/uploads\/2025\/07\/White_Trinagle_Detail-1.webp\",\"width\":768,\"height\":510,\"caption\":\"pa\u00f1uelo de bolsillo\"},{\"@type\":\"BreadcrumbList\",\"@id\":\"https:\/\/milanova-milanova.com\/producto\/indigo-mastery\/#breadcrumb\",\"itemListElement\":[{\"@type\":\"ListItem\",\"position\":1,\"name\":\"Portada\",\"item\":\"https:\/\/milanova-milanova.com\/\"},{\"@type\":\"ListItem\",\"position\":2,\"name\":\"Tienda\",\"item\":\"https:\/\/milanova-milanova.com\/tienda\/\"},{\"@type\":\"ListItem\",\"position\":3,\"name\":\"Pa\u00f1uelo de bolsillo &#8216;Indigo Mastery&#8217;\"}]},{\"@type\":\"WebSite\",\"@id\":\"https:\/\/milanova-milanova.com\/#website\",\"url\":\"https:\/\/milanova-milanova.com\/\",\"name\":\"Mil\u00e1nova & Mil\u00e1nova\",\"description\":\"Dise\u00f1o con alma. Artesan\u00eda hecha en Barcelona.\",\"potentialAction\":[{\"@type\":\"SearchAction\",\"target\":{\"@type\":\"EntryPoint\",\"urlTemplate\":\"https:\/\/milanova-milanova.com\/?s={search_term_string}\"},\"query-input\":{\"@type\":\"PropertyValueSpecification\",\"valueRequired\":true,\"valueName\":\"search_term_string\"}}],\"inLanguage\":\"en-US\"}]}<\/script>\n<!-- \/ Yoast SEO plugin. -->","yoast_head_json":{"title":"Pa\u00f1uelo de bolsillo 'Indigo Mastery' - Mil\u00e1nova &amp; Mil\u00e1nova","description":"Pa\u00f1uelo de bolsillo \u2018Indigo Mastery\u2019 en seda twill azul marino con tri\u00e1ngulos. Edici\u00f3n limitada, bordes a mano y elegancia atemporal.","robots":{"index":"index","follow":"follow","max-snippet":"max-snippet:-1","max-image-preview":"max-image-preview:large","max-video-preview":"max-video-preview:-1"},"canonical":"https:\/\/milanova-milanova.com\/en\/product\/indigo-mastery\/","og_locale":"en_US","og_type":"article","og_title":"Pa\u00f1uelo de bolsillo 'Indigo Mastery' - Mil\u00e1nova &amp; Mil\u00e1nova","og_description":"Pa\u00f1uelo de bolsillo \u2018Indigo Mastery\u2019 en seda twill azul marino con tri\u00e1ngulos. Edici\u00f3n limitada, bordes a mano y elegancia atemporal.","og_url":"https:\/\/milanova-milanova.com\/en\/product\/indigo-mastery\/","og_site_name":"Mil\u00e1nova &amp; Mil\u00e1nova","article_modified_time":"2026-03-12T13:23:10+00:00","og_image":[{"width":768,"height":510,"url":"https:\/\/milanova-milanova.com\/wp-content\/uploads\/2025\/07\/White_Trinagle_Detail-1.webp","type":"image\/webp"}],"twitter_card":"summary_large_image","twitter_misc":{"Est. reading time":"1 minute"},"schema":{"@context":"https:\/\/schema.org","@graph":[{"@type":"WebPage","@id":"https:\/\/milanova-milanova.com\/producto\/indigo-mastery\/","url":"https:\/\/milanova-milanova.com\/producto\/indigo-mastery\/","name":"Pa\u00f1uelo de bolsillo 'Indigo Mastery' - Mil\u00e1nova &amp; Mil\u00e1nova","isPartOf":{"@id":"https:\/\/milanova-milanova.com\/#website"},"primaryImageOfPage":{"@id":"https:\/\/milanova-milanova.com\/producto\/indigo-mastery\/#primaryimage"},"image":{"@id":"https:\/\/milanova-milanova.com\/producto\/indigo-mastery\/#primaryimage"},"thumbnailUrl":"https:\/\/milanova-milanova.com\/wp-content\/uploads\/2025\/07\/White_Trinagle_Detail-1.webp","datePublished":"2025-07-16T14:58:33+00:00","dateModified":"2026-03-12T13:23:10+00:00","description":"Pa\u00f1uelo de bolsillo \u2018Indigo Mastery\u2019 en seda twill azul marino con tri\u00e1ngulos. Edici\u00f3n limitada, bordes a mano y elegancia atemporal.","breadcrumb":{"@id":"https:\/\/milanova-milanova.com\/producto\/indigo-mastery\/#breadcrumb"},"inLanguage":"en-US","potentialAction":[{"@type":"ReadAction","target":["https:\/\/milanova-milanova.com\/producto\/indigo-mastery\/"]}]},{"@type":"ImageObject","inLanguage":"en-US","@id":"https:\/\/milanova-milanova.com\/producto\/indigo-mastery\/#primaryimage","url":"https:\/\/milanova-milanova.com\/wp-content\/uploads\/2025\/07\/White_Trinagle_Detail-1.webp","contentUrl":"https:\/\/milanova-milanova.com\/wp-content\/uploads\/2025\/07\/White_Trinagle_Detail-1.webp","width":768,"height":510,"caption":"pa\u00f1uelo de bolsillo"},{"@type":"BreadcrumbList","@id":"https:\/\/milanova-milanova.com\/producto\/indigo-mastery\/#breadcrumb","itemListElement":[{"@type":"ListItem","position":1,"name":"Portada","item":"https:\/\/milanova-milanova.com\/"},{"@type":"ListItem","position":2,"name":"Tienda","item":"https:\/\/milanova-milanova.com\/tienda\/"},{"@type":"ListItem","position":3,"name":"Pa\u00f1uelo de bolsillo &#8216;Indigo Mastery&#8217;"}]},{"@type":"WebSite","@id":"https:\/\/milanova-milanova.com\/#website","url":"https:\/\/milanova-milanova.com\/","name":"Mil\u00e1nova & Mil\u00e1nova","description":"Design with soul. Artisan craftsmanship from Barcelona.","potentialAction":[{"@type":"SearchAction","target":{"@type":"EntryPoint","urlTemplate":"https:\/\/milanova-milanova.com\/?s={search_term_string}"},"query-input":{"@type":"PropertyValueSpecification","valueRequired":true,"valueName":"search_term_string"}}],"inLanguage":"en-US"}]}},"_links":{"self":[{"href":"https:\/\/milanova-milanova.com\/en\/wp-json\/wp\/v2\/product\/241","targetHints":{"allow":["GET"]}}],"collection":[{"href":"https:\/\/milanova-milanova.com\/en\/wp-json\/wp\/v2\/product"}],"about":[{"href":"https:\/\/milanova-milanova.com\/en\/wp-json\/wp\/v2\/types\/product"}],"replies":[{"embeddable":true,"href":"https:\/\/milanova-milanova.com\/en\/wp-json\/wp\/v2\/comments?post=241"}],"wp:featuredmedia":[{"embeddable":true,"href":"https:\/\/milanova-milanova.com\/en\/wp-json\/wp\/v2\/media\/242"}],"wp:attachment":[{"href":"https:\/\/milanova-milanova.com\/en\/wp-json\/wp\/v2\/media?parent=241"}],"wp:term":[{"taxonomy":"product_brand","embeddable":true,"href":"https:\/\/milanova-milanova.com\/en\/wp-json\/wp\/v2\/product_brand?post=241"},{"taxonomy":"product_cat","embeddable":true,"href":"https:\/\/milanova-milanova.com\/en\/wp-json\/wp\/v2\/product_cat?post=241"},{"taxonomy":"product_tag","embeddable":true,"href":"https:\/\/milanova-milanova.com\/en\/wp-json\/wp\/v2\/product_tag?post=241"}],"curies":[{"name":"wp","href":"https:\/\/api.w.org\/{rel}","templated":true}]}}