{"id":1417,"date":"2025-11-06T16:56:55","date_gmt":"2025-11-06T15:56:55","guid":{"rendered":"https:\/\/milanova-milanova.com\/?post_type=product&#038;p=1417"},"modified":"2026-03-12T14:03:02","modified_gmt":"2026-03-12T13:03:02","slug":"vestido-lia","status":"publish","type":"product","link":"https:\/\/milanova-milanova.com\/en\/product\/vestido-lia\/","title":{"rendered":"Maxi Dress  \u00abLia\u00bb"},"content":{"rendered":"<p data-start=\"253\" data-end=\"550\">Vestido \u00abLia\u00bb confeccionado en punto, un material extraordinariamente suave al tacto y c\u00e1lido, ideal para la temporada oto\u00f1o\u2013invierno.<br data-start=\"399\" data-end=\"402\" \/>Its long and flowing design flatters the silhouette, while the side slit on the left adds a touch of movement and femininity.<\/p>\n<p>Available in two sophisticated shades:<\/p>\n<ul>\n<li>Beige<\/li>\n<li>green-gray m\u00e9lange<\/li>\n<\/ul>\n<p data-start=\"687\" data-end=\"802\">Perfect to wear with boots or sneakers, this dress combines comfort, elegance, and timeless simplicity.<\/p>\n<p data-start=\"687\" data-end=\"802\">When you shop at Mil\u00e1nova &amp; Mil\u00e1nova, you help support local and artisanal production.<\/p>\n<p data-start=\"175\" data-end=\"386\">We produce all our garments with special attention to every detail, using high-quality materials.<br data-start=\"286\" data-end=\"289\" \/>Todas nuestras piezas se realizan en ediciones limitadas, por lo que el stock puede variar.<\/p>\n<p data-start=\"388\" data-end=\"638\">In exceptional cases, there may be availability issues if two orders are placed at the same time and a garment goes out of stock.<\/p>\n<p data-start=\"388\" data-end=\"638\">Discover more of our handcrafted products here: <a class=\"decorated-link\" href=\"https:\/\/milanova-milanova.com\/en\/tienda\/\" target=\"_new\" rel=\"noopener\" data-start=\"60\" data-end=\"138\" data-is-last-node=\"\">https:\/\/milanova-milanova.com\/tienda\/<\/a><\/p>","protected":false},"excerpt":{"rendered":"<p data-start=\"253\" data-end=\"550\">Vestido Lia confeccionado en punto, un material extraordinariamente suave al tacto y c\u00e1lido, ideal para la temporada oto\u00f1o\u2013invierno.<br data-start=\"399\" data-end=\"402\" \/>Its long and flowing design flatters the silhouette, while the side slit on the left adds a touch of movement and femininity.<\/p>\n<p>Available in two sophisticated shades:<\/p>\n<ul>\n<li>Beige<\/li>\n<li>green-gray m\u00e9lange<\/li>\n<\/ul>\n<p data-start=\"687\" data-end=\"802\">Perfect to wear with boots or sneakers, this dress combines comfort, elegance, and timeless simplicity.<\/p>\n<p data-start=\"687\" data-end=\"802\">(The model is 170 cm tall and is wearing the dress in size XS, in beige color.)<\/p>","protected":false},"featured_media":1427,"comment_status":"open","ping_status":"closed","template":"","meta":[],"product_brand":[],"product_cat":[120],"product_tag":[],"class_list":{"0":"post-1417","1":"product","2":"type-product","3":"status-publish","4":"has-post-thumbnail","6":"product_cat-vestidos","8":"first","9":"instock","10":"sale","11":"shipping-taxable","12":"purchasable","13":"product-type-variable"},"yoast_head":"<!-- This site is optimized with the Yoast SEO plugin v27.0 - https:\/\/yoast.com\/product\/yoast-seo-wordpress\/ -->\n<title>Vestido &quot;Lia&quot; - Mil\u00e1nova &amp; Mil\u00e1nova<\/title>\n<meta name=\"description\" content=\"Vestido &quot;Lia&quot; en punto ingl\u00e9s, c\u00e1lido y suave al tacto. Dise\u00f1o maxi con abertura lateral. Perfecto para oto\u00f1o e invierno en tonos angora beige y gris verdoso vigor\u00e9.\" \/>\n<meta name=\"robots\" content=\"index, follow, max-snippet:-1, max-image-preview:large, max-video-preview:-1\" \/>\n<link rel=\"canonical\" href=\"https:\/\/milanova-milanova.com\/en\/product\/vestido-lia\/\" \/>\n<meta property=\"og:locale\" content=\"en_US\" \/>\n<meta property=\"og:type\" content=\"article\" \/>\n<meta property=\"og:title\" content=\"Vestido &quot;Lia&quot; - Mil\u00e1nova &amp; Mil\u00e1nova\" \/>\n<meta property=\"og:description\" content=\"Vestido &quot;Lia&quot; en punto ingl\u00e9s, c\u00e1lido y suave al tacto. Dise\u00f1o maxi con abertura lateral. Perfecto para oto\u00f1o e invierno en tonos angora beige y gris verdoso vigor\u00e9.\" \/>\n<meta property=\"og:url\" content=\"https:\/\/milanova-milanova.com\/en\/product\/vestido-lia\/\" \/>\n<meta property=\"og:site_name\" content=\"Mil\u00e1nova &amp; Mil\u00e1nova\" \/>\n<meta property=\"article:modified_time\" content=\"2026-03-12T13:03:02+00:00\" \/>\n<meta property=\"og:image\" content=\"https:\/\/milanova-milanova.com\/wp-content\/uploads\/2025\/11\/Nice-Pink-wall-scaled.jpg\" \/>\n\t<meta property=\"og:image:width\" content=\"1306\" \/>\n\t<meta property=\"og:image:height\" content=\"2560\" \/>\n\t<meta property=\"og:image:type\" content=\"image\/jpeg\" \/>\n<meta name=\"twitter:card\" content=\"summary_large_image\" \/>\n<meta name=\"twitter:label1\" content=\"Est. reading time\" \/>\n\t<meta name=\"twitter:data1\" content=\"1 minute\" \/>\n<script type=\"application\/ld+json\" class=\"yoast-schema-graph\">{\"@context\":\"https:\/\/schema.org\",\"@graph\":[{\"@type\":\"WebPage\",\"@id\":\"https:\/\/milanova-milanova.com\/producto\/vestido-lia\/\",\"url\":\"https:\/\/milanova-milanova.com\/producto\/vestido-lia\/\",\"name\":\"Vestido \\\"Lia\\\" - Mil\u00e1nova &amp; Mil\u00e1nova\",\"isPartOf\":{\"@id\":\"https:\/\/milanova-milanova.com\/#website\"},\"primaryImageOfPage\":{\"@id\":\"https:\/\/milanova-milanova.com\/producto\/vestido-lia\/#primaryimage\"},\"image\":{\"@id\":\"https:\/\/milanova-milanova.com\/producto\/vestido-lia\/#primaryimage\"},\"thumbnailUrl\":\"https:\/\/milanova-milanova.com\/wp-content\/uploads\/2025\/11\/Nice-Pink-wall-scaled.jpg\",\"datePublished\":\"2025-11-06T15:56:55+00:00\",\"dateModified\":\"2026-03-12T13:03:02+00:00\",\"description\":\"Vestido \\\"Lia\\\" en punto ingl\u00e9s, c\u00e1lido y suave al tacto. Dise\u00f1o maxi con abertura lateral. Perfecto para oto\u00f1o e invierno en tonos angora beige y gris verdoso vigor\u00e9.\",\"breadcrumb\":{\"@id\":\"https:\/\/milanova-milanova.com\/producto\/vestido-lia\/#breadcrumb\"},\"inLanguage\":\"en-US\",\"potentialAction\":[{\"@type\":\"ReadAction\",\"target\":[\"https:\/\/milanova-milanova.com\/producto\/vestido-lia\/\"]}]},{\"@type\":\"ImageObject\",\"inLanguage\":\"en-US\",\"@id\":\"https:\/\/milanova-milanova.com\/producto\/vestido-lia\/#primaryimage\",\"url\":\"https:\/\/milanova-milanova.com\/wp-content\/uploads\/2025\/11\/Nice-Pink-wall-scaled.jpg\",\"contentUrl\":\"https:\/\/milanova-milanova.com\/wp-content\/uploads\/2025\/11\/Nice-Pink-wall-scaled.jpg\",\"width\":1306,\"height\":2560,\"caption\":\"Vsetido Maxi dress Clothes Winter Fall Lia Colletion Designer\"},{\"@type\":\"BreadcrumbList\",\"@id\":\"https:\/\/milanova-milanova.com\/producto\/vestido-lia\/#breadcrumb\",\"itemListElement\":[{\"@type\":\"ListItem\",\"position\":1,\"name\":\"Portada\",\"item\":\"https:\/\/milanova-milanova.com\/\"},{\"@type\":\"ListItem\",\"position\":2,\"name\":\"Tienda\",\"item\":\"https:\/\/milanova-milanova.com\/tienda\/\"},{\"@type\":\"ListItem\",\"position\":3,\"name\":\"Vestido \u00abLia\u00bb\"}]},{\"@type\":\"WebSite\",\"@id\":\"https:\/\/milanova-milanova.com\/#website\",\"url\":\"https:\/\/milanova-milanova.com\/\",\"name\":\"Mil\u00e1nova & Mil\u00e1nova\",\"description\":\"Dise\u00f1o con alma. Artesan\u00eda hecha en Barcelona.\",\"potentialAction\":[{\"@type\":\"SearchAction\",\"target\":{\"@type\":\"EntryPoint\",\"urlTemplate\":\"https:\/\/milanova-milanova.com\/?s={search_term_string}\"},\"query-input\":{\"@type\":\"PropertyValueSpecification\",\"valueRequired\":true,\"valueName\":\"search_term_string\"}}],\"inLanguage\":\"en-US\"}]}<\/script>\n<!-- \/ Yoast SEO plugin. -->","yoast_head_json":{"title":"Vestido \"Lia\" - Mil\u00e1nova &amp; Mil\u00e1nova","description":"Vestido \"Lia\" en punto ingl\u00e9s, c\u00e1lido y suave al tacto. Dise\u00f1o maxi con abertura lateral. Perfecto para oto\u00f1o e invierno en tonos angora beige y gris verdoso vigor\u00e9.","robots":{"index":"index","follow":"follow","max-snippet":"max-snippet:-1","max-image-preview":"max-image-preview:large","max-video-preview":"max-video-preview:-1"},"canonical":"https:\/\/milanova-milanova.com\/en\/product\/vestido-lia\/","og_locale":"en_US","og_type":"article","og_title":"Vestido \"Lia\" - Mil\u00e1nova &amp; Mil\u00e1nova","og_description":"Vestido \"Lia\" en punto ingl\u00e9s, c\u00e1lido y suave al tacto. Dise\u00f1o maxi con abertura lateral. Perfecto para oto\u00f1o e invierno en tonos angora beige y gris verdoso vigor\u00e9.","og_url":"https:\/\/milanova-milanova.com\/en\/product\/vestido-lia\/","og_site_name":"Mil\u00e1nova &amp; Mil\u00e1nova","article_modified_time":"2026-03-12T13:03:02+00:00","og_image":[{"width":1306,"height":2560,"url":"https:\/\/milanova-milanova.com\/wp-content\/uploads\/2025\/11\/Nice-Pink-wall-scaled.jpg","type":"image\/jpeg"}],"twitter_card":"summary_large_image","twitter_misc":{"Est. reading time":"1 minute"},"schema":{"@context":"https:\/\/schema.org","@graph":[{"@type":"WebPage","@id":"https:\/\/milanova-milanova.com\/producto\/vestido-lia\/","url":"https:\/\/milanova-milanova.com\/producto\/vestido-lia\/","name":"Vestido \"Lia\" - Mil\u00e1nova &amp; Mil\u00e1nova","isPartOf":{"@id":"https:\/\/milanova-milanova.com\/#website"},"primaryImageOfPage":{"@id":"https:\/\/milanova-milanova.com\/producto\/vestido-lia\/#primaryimage"},"image":{"@id":"https:\/\/milanova-milanova.com\/producto\/vestido-lia\/#primaryimage"},"thumbnailUrl":"https:\/\/milanova-milanova.com\/wp-content\/uploads\/2025\/11\/Nice-Pink-wall-scaled.jpg","datePublished":"2025-11-06T15:56:55+00:00","dateModified":"2026-03-12T13:03:02+00:00","description":"Vestido \"Lia\" en punto ingl\u00e9s, c\u00e1lido y suave al tacto. Dise\u00f1o maxi con abertura lateral. Perfecto para oto\u00f1o e invierno en tonos angora beige y gris verdoso vigor\u00e9.","breadcrumb":{"@id":"https:\/\/milanova-milanova.com\/producto\/vestido-lia\/#breadcrumb"},"inLanguage":"en-US","potentialAction":[{"@type":"ReadAction","target":["https:\/\/milanova-milanova.com\/producto\/vestido-lia\/"]}]},{"@type":"ImageObject","inLanguage":"en-US","@id":"https:\/\/milanova-milanova.com\/producto\/vestido-lia\/#primaryimage","url":"https:\/\/milanova-milanova.com\/wp-content\/uploads\/2025\/11\/Nice-Pink-wall-scaled.jpg","contentUrl":"https:\/\/milanova-milanova.com\/wp-content\/uploads\/2025\/11\/Nice-Pink-wall-scaled.jpg","width":1306,"height":2560,"caption":"Vsetido Maxi dress Clothes Winter Fall Lia Colletion Designer"},{"@type":"BreadcrumbList","@id":"https:\/\/milanova-milanova.com\/producto\/vestido-lia\/#breadcrumb","itemListElement":[{"@type":"ListItem","position":1,"name":"Portada","item":"https:\/\/milanova-milanova.com\/"},{"@type":"ListItem","position":2,"name":"Tienda","item":"https:\/\/milanova-milanova.com\/tienda\/"},{"@type":"ListItem","position":3,"name":"Vestido \u00abLia\u00bb"}]},{"@type":"WebSite","@id":"https:\/\/milanova-milanova.com\/#website","url":"https:\/\/milanova-milanova.com\/","name":"Mil\u00e1nova & Mil\u00e1nova","description":"Design with soul. Artisan craftsmanship from Barcelona.","potentialAction":[{"@type":"SearchAction","target":{"@type":"EntryPoint","urlTemplate":"https:\/\/milanova-milanova.com\/?s={search_term_string}"},"query-input":{"@type":"PropertyValueSpecification","valueRequired":true,"valueName":"search_term_string"}}],"inLanguage":"en-US"}]}},"_links":{"self":[{"href":"https:\/\/milanova-milanova.com\/en\/wp-json\/wp\/v2\/product\/1417","targetHints":{"allow":["GET"]}}],"collection":[{"href":"https:\/\/milanova-milanova.com\/en\/wp-json\/wp\/v2\/product"}],"about":[{"href":"https:\/\/milanova-milanova.com\/en\/wp-json\/wp\/v2\/types\/product"}],"replies":[{"embeddable":true,"href":"https:\/\/milanova-milanova.com\/en\/wp-json\/wp\/v2\/comments?post=1417"}],"wp:featuredmedia":[{"embeddable":true,"href":"https:\/\/milanova-milanova.com\/en\/wp-json\/wp\/v2\/media\/1427"}],"wp:attachment":[{"href":"https:\/\/milanova-milanova.com\/en\/wp-json\/wp\/v2\/media?parent=1417"}],"wp:term":[{"taxonomy":"product_brand","embeddable":true,"href":"https:\/\/milanova-milanova.com\/en\/wp-json\/wp\/v2\/product_brand?post=1417"},{"taxonomy":"product_cat","embeddable":true,"href":"https:\/\/milanova-milanova.com\/en\/wp-json\/wp\/v2\/product_cat?post=1417"},{"taxonomy":"product_tag","embeddable":true,"href":"https:\/\/milanova-milanova.com\/en\/wp-json\/wp\/v2\/product_tag?post=1417"}],"curies":[{"name":"wp","href":"https:\/\/api.w.org\/{rel}","templated":true}]}}