{"id":1278,"date":"2025-09-03T13:37:01","date_gmt":"2025-09-03T11:37:01","guid":{"rendered":"https:\/\/milanova-milanova.com\/?post_type=product&#038;p=1278"},"modified":"2026-03-12T14:20:59","modified_gmt":"2026-03-12T13:20:59","slug":"top-corto-de-algodon-camille","status":"publish","type":"product","link":"https:\/\/milanova-milanova.com\/en\/product\/top-corto-de-algodon-camille\/","title":{"rendered":"Top corto de algod\u00f3n \u00abCamille\u00bb"},"content":{"rendered":"<p>Top corto de algod\u00f3n \u00abCamille\u00bb:<\/p>\n<p>Material: 100% algodon<\/p>\n<p>Classic crop top crafted from 100% cotton. Features a flattering V-neckline and a matching V-shaped back. Fully lined for extra comfort and structure. Clean, minimalist silhouette \u2014 perfect for versatile styling.\n\nAvailable in two colors: bright white and natural white.<\/p>\n<p>Disponible en dos colores: blanco brillante y blanco natural.<\/p>\n<p>&nbsp;<\/p>","protected":false},"excerpt":{"rendered":"<p>Classic crop top crafted from 100% cotton. Features a flattering V-neckline and a matching V-shaped back. Fully lined for extra comfort and structure. Clean, minimalist silhouette \u2014 perfect for versatile styling.\n\nAvailable in two colors: bright white and natural white.<\/p>\n<p>Disponible en dos colores: blanco brillante y blanco natural.<\/p>","protected":false},"featured_media":1279,"comment_status":"open","ping_status":"closed","template":"","meta":[],"product_brand":[],"product_cat":[116],"product_tag":[117],"class_list":{"0":"post-1278","1":"product","2":"type-product","3":"status-publish","4":"has-post-thumbnail","6":"product_cat-tops","7":"product_tag-top","9":"first","10":"instock","11":"sale","12":"shipping-taxable","13":"purchasable","14":"product-type-variable"},"yoast_head":"<!-- This site is optimized with the Yoast SEO plugin v27.0 - https:\/\/yoast.com\/product\/yoast-seo-wordpress\/ -->\n<title>Top corto de algod\u00f3n &quot;Camille&quot; - Mil\u00e1nova &amp; Mil\u00e1nova<\/title>\n<meta name=\"description\" content=\"Classic crop top de algod\u00f3n 100% con escote en V, forro completo y dise\u00f1o minimalista. Disponible en blanco brillante y blanco natural.\" \/>\n<meta name=\"robots\" content=\"index, follow, max-snippet:-1, max-image-preview:large, max-video-preview:-1\" \/>\n<link rel=\"canonical\" href=\"https:\/\/milanova-milanova.com\/en\/product\/top-corto-de-algodon-camille\/\" \/>\n<meta property=\"og:locale\" content=\"en_US\" \/>\n<meta property=\"og:type\" content=\"article\" \/>\n<meta property=\"og:title\" content=\"Top corto de algod\u00f3n &quot;Camille&quot; - Mil\u00e1nova &amp; Mil\u00e1nova\" \/>\n<meta property=\"og:description\" content=\"Classic crop top de algod\u00f3n 100% con escote en V, forro completo y dise\u00f1o minimalista. Disponible en blanco brillante y blanco natural.\" \/>\n<meta property=\"og:url\" content=\"https:\/\/milanova-milanova.com\/en\/product\/top-corto-de-algodon-camille\/\" \/>\n<meta property=\"og:site_name\" content=\"Mil\u00e1nova &amp; Mil\u00e1nova\" \/>\n<meta property=\"article:modified_time\" content=\"2026-03-12T13:20:59+00:00\" \/>\n<meta property=\"og:image\" content=\"https:\/\/milanova-milanova.com\/wp-content\/uploads\/2025\/09\/jggiugiugp.jpg\" \/>\n\t<meta property=\"og:image:width\" content=\"1322\" \/>\n\t<meta property=\"og:image:height\" content=\"1350\" \/>\n\t<meta property=\"og:image:type\" content=\"image\/jpeg\" \/>\n<meta name=\"twitter:card\" content=\"summary_large_image\" \/>\n<meta name=\"twitter:label1\" content=\"Est. reading time\" \/>\n\t<meta name=\"twitter:data1\" content=\"1 minute\" \/>\n<script type=\"application\/ld+json\" class=\"yoast-schema-graph\">{\"@context\":\"https:\/\/schema.org\",\"@graph\":[{\"@type\":\"WebPage\",\"@id\":\"https:\/\/milanova-milanova.com\/producto\/top-corto-de-algodon-camille\/\",\"url\":\"https:\/\/milanova-milanova.com\/producto\/top-corto-de-algodon-camille\/\",\"name\":\"Top corto de algod\u00f3n \\\"Camille\\\" - Mil\u00e1nova &amp; Mil\u00e1nova\",\"isPartOf\":{\"@id\":\"https:\/\/milanova-milanova.com\/#website\"},\"primaryImageOfPage\":{\"@id\":\"https:\/\/milanova-milanova.com\/producto\/top-corto-de-algodon-camille\/#primaryimage\"},\"image\":{\"@id\":\"https:\/\/milanova-milanova.com\/producto\/top-corto-de-algodon-camille\/#primaryimage\"},\"thumbnailUrl\":\"https:\/\/milanova-milanova.com\/wp-content\/uploads\/2025\/09\/jggiugiugp.jpg\",\"datePublished\":\"2025-09-03T11:37:01+00:00\",\"dateModified\":\"2026-03-12T13:20:59+00:00\",\"description\":\"Classic crop top de algod\u00f3n 100% con escote en V, forro completo y dise\u00f1o minimalista. Disponible en blanco brillante y blanco natural.\",\"breadcrumb\":{\"@id\":\"https:\/\/milanova-milanova.com\/producto\/top-corto-de-algodon-camille\/#breadcrumb\"},\"inLanguage\":\"en-US\",\"potentialAction\":[{\"@type\":\"ReadAction\",\"target\":[\"https:\/\/milanova-milanova.com\/producto\/top-corto-de-algodon-camille\/\"]}]},{\"@type\":\"ImageObject\",\"inLanguage\":\"en-US\",\"@id\":\"https:\/\/milanova-milanova.com\/producto\/top-corto-de-algodon-camille\/#primaryimage\",\"url\":\"https:\/\/milanova-milanova.com\/wp-content\/uploads\/2025\/09\/jggiugiugp.jpg\",\"contentUrl\":\"https:\/\/milanova-milanova.com\/wp-content\/uploads\/2025\/09\/jggiugiugp.jpg\",\"width\":1322,\"height\":1350,\"caption\":\"crop top cotton\"},{\"@type\":\"BreadcrumbList\",\"@id\":\"https:\/\/milanova-milanova.com\/producto\/top-corto-de-algodon-camille\/#breadcrumb\",\"itemListElement\":[{\"@type\":\"ListItem\",\"position\":1,\"name\":\"Portada\",\"item\":\"https:\/\/milanova-milanova.com\/\"},{\"@type\":\"ListItem\",\"position\":2,\"name\":\"Tienda\",\"item\":\"https:\/\/milanova-milanova.com\/tienda\/\"},{\"@type\":\"ListItem\",\"position\":3,\"name\":\"Top corto de algod\u00f3n \u00abCamille\u00bb\"}]},{\"@type\":\"WebSite\",\"@id\":\"https:\/\/milanova-milanova.com\/#website\",\"url\":\"https:\/\/milanova-milanova.com\/\",\"name\":\"Mil\u00e1nova & Mil\u00e1nova\",\"description\":\"Dise\u00f1o con alma. Artesan\u00eda hecha en Barcelona.\",\"potentialAction\":[{\"@type\":\"SearchAction\",\"target\":{\"@type\":\"EntryPoint\",\"urlTemplate\":\"https:\/\/milanova-milanova.com\/?s={search_term_string}\"},\"query-input\":{\"@type\":\"PropertyValueSpecification\",\"valueRequired\":true,\"valueName\":\"search_term_string\"}}],\"inLanguage\":\"en-US\"}]}<\/script>\n<!-- \/ Yoast SEO plugin. -->","yoast_head_json":{"title":"Top corto de algod\u00f3n \"Camille\" - Mil\u00e1nova &amp; Mil\u00e1nova","description":"Classic crop top de algod\u00f3n 100% con escote en V, forro completo y dise\u00f1o minimalista. Disponible en blanco brillante y blanco natural.","robots":{"index":"index","follow":"follow","max-snippet":"max-snippet:-1","max-image-preview":"max-image-preview:large","max-video-preview":"max-video-preview:-1"},"canonical":"https:\/\/milanova-milanova.com\/en\/product\/top-corto-de-algodon-camille\/","og_locale":"en_US","og_type":"article","og_title":"Top corto de algod\u00f3n \"Camille\" - Mil\u00e1nova &amp; Mil\u00e1nova","og_description":"Classic crop top de algod\u00f3n 100% con escote en V, forro completo y dise\u00f1o minimalista. Disponible en blanco brillante y blanco natural.","og_url":"https:\/\/milanova-milanova.com\/en\/product\/top-corto-de-algodon-camille\/","og_site_name":"Mil\u00e1nova &amp; Mil\u00e1nova","article_modified_time":"2026-03-12T13:20:59+00:00","og_image":[{"width":1322,"height":1350,"url":"https:\/\/milanova-milanova.com\/wp-content\/uploads\/2025\/09\/jggiugiugp.jpg","type":"image\/jpeg"}],"twitter_card":"summary_large_image","twitter_misc":{"Est. reading time":"1 minute"},"schema":{"@context":"https:\/\/schema.org","@graph":[{"@type":"WebPage","@id":"https:\/\/milanova-milanova.com\/producto\/top-corto-de-algodon-camille\/","url":"https:\/\/milanova-milanova.com\/producto\/top-corto-de-algodon-camille\/","name":"Top corto de algod\u00f3n \"Camille\" - Mil\u00e1nova &amp; Mil\u00e1nova","isPartOf":{"@id":"https:\/\/milanova-milanova.com\/#website"},"primaryImageOfPage":{"@id":"https:\/\/milanova-milanova.com\/producto\/top-corto-de-algodon-camille\/#primaryimage"},"image":{"@id":"https:\/\/milanova-milanova.com\/producto\/top-corto-de-algodon-camille\/#primaryimage"},"thumbnailUrl":"https:\/\/milanova-milanova.com\/wp-content\/uploads\/2025\/09\/jggiugiugp.jpg","datePublished":"2025-09-03T11:37:01+00:00","dateModified":"2026-03-12T13:20:59+00:00","description":"Classic crop top de algod\u00f3n 100% con escote en V, forro completo y dise\u00f1o minimalista. Disponible en blanco brillante y blanco natural.","breadcrumb":{"@id":"https:\/\/milanova-milanova.com\/producto\/top-corto-de-algodon-camille\/#breadcrumb"},"inLanguage":"en-US","potentialAction":[{"@type":"ReadAction","target":["https:\/\/milanova-milanova.com\/producto\/top-corto-de-algodon-camille\/"]}]},{"@type":"ImageObject","inLanguage":"en-US","@id":"https:\/\/milanova-milanova.com\/producto\/top-corto-de-algodon-camille\/#primaryimage","url":"https:\/\/milanova-milanova.com\/wp-content\/uploads\/2025\/09\/jggiugiugp.jpg","contentUrl":"https:\/\/milanova-milanova.com\/wp-content\/uploads\/2025\/09\/jggiugiugp.jpg","width":1322,"height":1350,"caption":"crop top cotton"},{"@type":"BreadcrumbList","@id":"https:\/\/milanova-milanova.com\/producto\/top-corto-de-algodon-camille\/#breadcrumb","itemListElement":[{"@type":"ListItem","position":1,"name":"Portada","item":"https:\/\/milanova-milanova.com\/"},{"@type":"ListItem","position":2,"name":"Tienda","item":"https:\/\/milanova-milanova.com\/tienda\/"},{"@type":"ListItem","position":3,"name":"Top corto de algod\u00f3n \u00abCamille\u00bb"}]},{"@type":"WebSite","@id":"https:\/\/milanova-milanova.com\/#website","url":"https:\/\/milanova-milanova.com\/","name":"Mil\u00e1nova & Mil\u00e1nova","description":"Design with soul. Artisan craftsmanship from Barcelona.","potentialAction":[{"@type":"SearchAction","target":{"@type":"EntryPoint","urlTemplate":"https:\/\/milanova-milanova.com\/?s={search_term_string}"},"query-input":{"@type":"PropertyValueSpecification","valueRequired":true,"valueName":"search_term_string"}}],"inLanguage":"en-US"}]}},"_links":{"self":[{"href":"https:\/\/milanova-milanova.com\/en\/wp-json\/wp\/v2\/product\/1278","targetHints":{"allow":["GET"]}}],"collection":[{"href":"https:\/\/milanova-milanova.com\/en\/wp-json\/wp\/v2\/product"}],"about":[{"href":"https:\/\/milanova-milanova.com\/en\/wp-json\/wp\/v2\/types\/product"}],"replies":[{"embeddable":true,"href":"https:\/\/milanova-milanova.com\/en\/wp-json\/wp\/v2\/comments?post=1278"}],"wp:featuredmedia":[{"embeddable":true,"href":"https:\/\/milanova-milanova.com\/en\/wp-json\/wp\/v2\/media\/1279"}],"wp:attachment":[{"href":"https:\/\/milanova-milanova.com\/en\/wp-json\/wp\/v2\/media?parent=1278"}],"wp:term":[{"taxonomy":"product_brand","embeddable":true,"href":"https:\/\/milanova-milanova.com\/en\/wp-json\/wp\/v2\/product_brand?post=1278"},{"taxonomy":"product_cat","embeddable":true,"href":"https:\/\/milanova-milanova.com\/en\/wp-json\/wp\/v2\/product_cat?post=1278"},{"taxonomy":"product_tag","embeddable":true,"href":"https:\/\/milanova-milanova.com\/en\/wp-json\/wp\/v2\/product_tag?post=1278"}],"curies":[{"name":"wp","href":"https:\/\/api.w.org\/{rel}","templated":true}]}}