{"id":31,"date":"2025-03-28T16:10:30","date_gmt":"2025-03-28T19:10:30","guid":{"rendered":"https:\/\/innovacon.simplificandotuweb.com\/?page_id=31"},"modified":"2025-08-30T13:56:56","modified_gmt":"2025-08-30T11:56:56","slug":"politica-de-privacidad","status":"publish","type":"page","link":"https:\/\/milanova-milanova.com\/en\/politica-de-privacidad\/","title":{"rendered":"Privacy Policy"},"content":{"rendered":"<div data-elementor-type=\"wp-page\" data-elementor-id=\"31\" class=\"elementor elementor-31\" data-elementor-post-type=\"page\">\n\t\t\t\t<div class=\"elementor-element elementor-element-f6ec939 e-con-full e-flex elementor-invisible e-con e-child\" data-id=\"f6ec939\" data-element_type=\"container\" data-e-type=\"container\" data-settings=\"{&quot;background_background&quot;:&quot;classic&quot;,&quot;animation&quot;:&quot;fadeIn&quot;,&quot;animation_delay&quot;:200}\">\n\t\t\t\t<div class=\"elementor-element elementor-element-ee43b2b elementor-widget elementor-widget-heading\" data-id=\"ee43b2b\" data-element_type=\"widget\" data-e-type=\"widget\" data-widget_type=\"heading.default\">\n\t\t\t\t<div class=\"elementor-widget-container\">\n\t\t\t\t\t<h1 class=\"elementor-heading-title elementor-size-default\">Privacy Policy<\/h1>\t\t\t\t<\/div>\n\t\t\t\t<\/div>\n\t\t\t\t<\/div>\n\t\t<div class=\"elementor-element elementor-element-619a5680 e-flex e-con-boxed e-con e-parent\" data-id=\"619a5680\" data-element_type=\"container\" data-e-type=\"container\">\n\t\t\t\t\t<div class=\"e-con-inner\">\n\t\t\t\t<div class=\"elementor-element elementor-element-5675a69a elementor-widget elementor-widget-text-editor\" data-id=\"5675a69a\" data-element_type=\"widget\" data-e-type=\"widget\" data-widget_type=\"text-editor.default\">\n\t\t\t\t<div class=\"elementor-widget-container\">\n\t\t\t\t\t\t\t\t\t\n<p><strong>1.- INFORMACI\u00d3N AL USUARIO<\/strong><\/p>\n\n\n\n<p>El sitio web informa a los usuarios del sitio web sobre su pol\u00edtica respecto al tratamiento y protecci\u00f3n de los datos de car\u00e1cter personal de los usuarios y clientes que puedan ser solicitados por la navegaci\u00f3n a trav\u00e9s de su sitio web.<\/p>\n\n\n\n<p>El sitio web es el Responsable del tratamiento de los datos personales del usuario, por lo que se le facilita la siguiente informaci\u00f3n referente al tratamiento de sus datos:<\/p>\n\n\n\n<p><strong>Criterios de conservaci\u00f3n de los datos:<\/strong>&nbsp;Los datos personales proporcionados se conservar\u00e1n hasta que no se solicite la suspensi\u00f3n por parte del interesado, ejerciendo sus derechos sobre los datos, y en cualquier caso en cumplimiento de plazos legales de prescripci\u00f3n que le sean aplicables.<\/p>\n\n\n\n<p><strong>Derechos de los interesados:<\/strong><\/p>\n\n\n\n<p>Derecho a retirar su consentimiento en cualquier momento.<br>Derecho de acceso, rectificaci\u00f3n, supresi\u00f3n, portabilidad de sus datos, ya la limitaci\u00f3n u oposici\u00f3n de su tratamiento, as\u00ed como no ser objeto de decisiones individuales automatizadas.<\/p>\n\n\n\n<p><strong>Datos de contacto para ejercer sus derechos:<\/strong><\/p>\n\n\n\n<p>Se debe identificar debidamente y solicitar claramente el derecho de ejercer.<\/p>\n\n\n\n<ul class=\"wp-block-list\">\n<li><strong>Empresa: <\/strong>VILYANA MILANOVA MILANOVA<\/li>\n\n\n\n<li><strong>NIF: <\/strong>Z1892475V<\/li>\n\n\n\n<li><strong>Responsable: <\/strong>Vilyana<\/li>\n\n\n\n<li><strong>Domicilio: <\/strong>Carrer de Roc Boronat, 5 Sant Mart\u00ed<\/li>\n\n\n\n<li><strong>CP y Poblaci\u00f3n<\/strong>: 08005 Barcelona (Barcelona)<\/li>\n\n\n\n<li><strong>Tel\u00e9fono: <\/strong>683509352<\/li>\n\n\n\n<li><strong>Mail: <\/strong><a href=\"mailto:vilyanamilanova@gmail.com\" target=\"_blank\" rel=\"noreferrer noopener\">vilyanamilanova@gmail.com<\/a><\/li>\n<\/ul>\n\n\n\n<p><strong>2.- INFORMACI\u00d3N FACILITADA POR EL USUARIO<\/strong><\/p>\n\n\n\n<p>Si es menor de 18 a\u00f1os, no est\u00e1 permitido el uso de formularios en nuestra web.<\/p>\n\n\n\n<p>Los Usuarios, introduciendo sus datos en los formularios de contacto o presentados en formularios de descarga, aceptan expresamente y de forma libre e inequ\u00edvoca, que sus datos son necesarios para atender su petici\u00f3n, por parte del Responsable, siendo voluntaria la inclusi\u00f3n de datos en los campos restantes.<\/p>\n\n\n\n<p>El Usuario garantiza que los datos personales facilitados son veraces y se hace responsable de comunicar cualquier modificaci\u00f3n.<\/p>\n\n\n\n<p>Todos los datos solicitados a trav\u00e9s del sitio web son necesarios para prestar un servicio \u00f3ptimo al Usuario. En caso de que no se faciliten todos los datos, no se garantiza que la informaci\u00f3n y servicios que El Responsable le facilite, sean completamente ajustados a sus necesidades.<\/p>\n\n\n\n<p><strong>3.- MEDIDAS DE SEGURIDAD<\/strong><\/p>\n\n\n\n<p>Que de conformidad con lo que disponen las normativas vigentes en materia de protecci\u00f3n de datos personales, El Responsable est\u00e1 cumpliendo con todas las disposiciones de las normativas RGPD y LOPD para el tratamiento de los datos personales de su responsabilidad, las cuales son tratadas de forma l\u00edcita, leal y transparente en relaci\u00f3n con el interesado y adecuados, pertinentes y limitados a lo necesario en relaci\u00f3n con los fines para los que son tratados.<\/p>\n\n\n\n<p>El Responsable garantiza que ha implementado pol\u00edticas t\u00e9cnicas y organizativas apropiadas para aplicar las medidas de seguridad establecidas por el RGPD y la LOPD para proteger los derechos y libertades de los Usuarios y les ha comunicado la informaci\u00f3n adecuada para que puedan ejercerlos.<\/p>\n\n\n\n<p><strong>4.- BRECHAS DE SEGURIDAD<\/strong><\/p>\n\n\n\n<p>El Responsable informar\u00e1 sobre cualquier brecha de seguridad que afecte a la base de datos que utiliza este sitio web, o que afecte a cualquiera de nuestros servicios de terceros, todas y cada una de las personas, datos de los que puedan haber sido afectados, y autoridades, dentro de las 72 horas siguientes a la detecci\u00f3n de la brecha.<\/p>\n\n\n\n<p><strong>LEGISLACI\u00d3N APLICABLE Y JURISDICCI\u00d3N<\/strong><\/p>\n\n\n\n<p>Para la resoluci\u00f3n de todas las controversias o cuestiones relacionadas con el presente sitio web o de las actividades que se desarrollen, ser\u00e1 de aplicaci\u00f3n la legislaci\u00f3n espa\u00f1ola, a la que se someten expresamente las partes, siendo competentes para la resoluci\u00f3n de todos los conflictos derivados o relacionados con el uso de los Juzgados y Tribunales de Barcelona.<\/p>\n\t\t\t\t\t\t\t\t<\/div>\n\t\t\t\t<\/div>\n\t\t\t\t\t<\/div>\n\t\t\t\t<\/div>\n\t\t\t\t<\/div>","protected":false},"excerpt":{"rendered":"<p>1.- INFORMACI\u00d3N AL USUARIO El sitio web informa a los usuarios del sitio web sobre su pol\u00edtica respecto al tratamiento y protecci\u00f3n de los datos de car\u00e1cter personal de los usuarios y clientes que puedan ser solicitados por la navegaci\u00f3n a trav\u00e9s de su sitio web. El sitio web es el Responsable del tratamiento de [&hellip;]<\/p>\n","protected":false},"author":1,"featured_media":0,"parent":0,"menu_order":0,"comment_status":"closed","ping_status":"closed","template":"","meta":{"footnotes":""},"class_list":["post-31","page","type-page","status-publish","hentry"],"yoast_head":"<!-- This site is optimized with the Yoast SEO plugin v27.0 - https:\/\/yoast.com\/product\/yoast-seo-wordpress\/ -->\n<title>Pol\u00edtica de Privacidad - Mil\u00e1nova &amp; Mil\u00e1nova<\/title>\n<meta name=\"robots\" content=\"index, follow, max-snippet:-1, max-image-preview:large, max-video-preview:-1\" \/>\n<link rel=\"canonical\" href=\"https:\/\/milanova-milanova.com\/en\/politica-de-privacidad\/\" \/>\n<meta property=\"og:locale\" content=\"en_US\" \/>\n<meta property=\"og:type\" content=\"article\" \/>\n<meta property=\"og:title\" content=\"Pol\u00edtica de Privacidad - Mil\u00e1nova &amp; Mil\u00e1nova\" \/>\n<meta property=\"og:description\" content=\"1.- INFORMACI\u00d3N AL USUARIO El sitio web informa a los usuarios del sitio web sobre su pol\u00edtica respecto al tratamiento y protecci\u00f3n de los datos de car\u00e1cter personal de los usuarios y clientes que puedan ser solicitados por la navegaci\u00f3n a trav\u00e9s de su sitio web. El sitio web es el Responsable del tratamiento de [&hellip;]\" \/>\n<meta property=\"og:url\" content=\"https:\/\/milanova-milanova.com\/en\/politica-de-privacidad\/\" \/>\n<meta property=\"og:site_name\" content=\"Mil\u00e1nova &amp; Mil\u00e1nova\" \/>\n<meta property=\"article:modified_time\" content=\"2025-08-30T11:56:56+00:00\" \/>\n<meta name=\"twitter:card\" content=\"summary_large_image\" \/>\n<meta name=\"twitter:label1\" content=\"Est. reading time\" \/>\n\t<meta name=\"twitter:data1\" content=\"3 minutes\" \/>\n<script type=\"application\/ld+json\" class=\"yoast-schema-graph\">{\"@context\":\"https:\/\/schema.org\",\"@graph\":[{\"@type\":\"WebPage\",\"@id\":\"https:\/\/milanova-milanova.com\/politica-de-privacidad\/\",\"url\":\"https:\/\/milanova-milanova.com\/politica-de-privacidad\/\",\"name\":\"Pol\u00edtica de Privacidad - Mil\u00e1nova &amp; Mil\u00e1nova\",\"isPartOf\":{\"@id\":\"https:\/\/milanova-milanova.com\/#website\"},\"datePublished\":\"2025-03-28T19:10:30+00:00\",\"dateModified\":\"2025-08-30T11:56:56+00:00\",\"breadcrumb\":{\"@id\":\"https:\/\/milanova-milanova.com\/politica-de-privacidad\/#breadcrumb\"},\"inLanguage\":\"en-US\",\"potentialAction\":[{\"@type\":\"ReadAction\",\"target\":[\"https:\/\/milanova-milanova.com\/politica-de-privacidad\/\"]}]},{\"@type\":\"BreadcrumbList\",\"@id\":\"https:\/\/milanova-milanova.com\/politica-de-privacidad\/#breadcrumb\",\"itemListElement\":[{\"@type\":\"ListItem\",\"position\":1,\"name\":\"Portada\",\"item\":\"https:\/\/milanova-milanova.com\/\"},{\"@type\":\"ListItem\",\"position\":2,\"name\":\"Pol\u00edtica de Privacidad\"}]},{\"@type\":\"WebSite\",\"@id\":\"https:\/\/milanova-milanova.com\/#website\",\"url\":\"https:\/\/milanova-milanova.com\/\",\"name\":\"Mil\u00e1nova & Mil\u00e1nova\",\"description\":\"Dise\u00f1o con alma. Artesan\u00eda hecha en Barcelona.\",\"potentialAction\":[{\"@type\":\"SearchAction\",\"target\":{\"@type\":\"EntryPoint\",\"urlTemplate\":\"https:\/\/milanova-milanova.com\/?s={search_term_string}\"},\"query-input\":{\"@type\":\"PropertyValueSpecification\",\"valueRequired\":true,\"valueName\":\"search_term_string\"}}],\"inLanguage\":\"en-US\"}]}<\/script>\n<!-- \/ Yoast SEO plugin. -->","yoast_head_json":{"title":"Pol\u00edtica de Privacidad - Mil\u00e1nova &amp; Mil\u00e1nova","robots":{"index":"index","follow":"follow","max-snippet":"max-snippet:-1","max-image-preview":"max-image-preview:large","max-video-preview":"max-video-preview:-1"},"canonical":"https:\/\/milanova-milanova.com\/en\/politica-de-privacidad\/","og_locale":"en_US","og_type":"article","og_title":"Pol\u00edtica de Privacidad - Mil\u00e1nova &amp; Mil\u00e1nova","og_description":"1.- INFORMACI\u00d3N AL USUARIO El sitio web informa a los usuarios del sitio web sobre su pol\u00edtica respecto al tratamiento y protecci\u00f3n de los datos de car\u00e1cter personal de los usuarios y clientes que puedan ser solicitados por la navegaci\u00f3n a trav\u00e9s de su sitio web. El sitio web es el Responsable del tratamiento de [&hellip;]","og_url":"https:\/\/milanova-milanova.com\/en\/politica-de-privacidad\/","og_site_name":"Mil\u00e1nova &amp; Mil\u00e1nova","article_modified_time":"2025-08-30T11:56:56+00:00","twitter_card":"summary_large_image","twitter_misc":{"Est. reading time":"3 minutes"},"schema":{"@context":"https:\/\/schema.org","@graph":[{"@type":"WebPage","@id":"https:\/\/milanova-milanova.com\/politica-de-privacidad\/","url":"https:\/\/milanova-milanova.com\/politica-de-privacidad\/","name":"Pol\u00edtica de Privacidad - Mil\u00e1nova &amp; Mil\u00e1nova","isPartOf":{"@id":"https:\/\/milanova-milanova.com\/#website"},"datePublished":"2025-03-28T19:10:30+00:00","dateModified":"2025-08-30T11:56:56+00:00","breadcrumb":{"@id":"https:\/\/milanova-milanova.com\/politica-de-privacidad\/#breadcrumb"},"inLanguage":"en-US","potentialAction":[{"@type":"ReadAction","target":["https:\/\/milanova-milanova.com\/politica-de-privacidad\/"]}]},{"@type":"BreadcrumbList","@id":"https:\/\/milanova-milanova.com\/politica-de-privacidad\/#breadcrumb","itemListElement":[{"@type":"ListItem","position":1,"name":"Portada","item":"https:\/\/milanova-milanova.com\/"},{"@type":"ListItem","position":2,"name":"Pol\u00edtica de Privacidad"}]},{"@type":"WebSite","@id":"https:\/\/milanova-milanova.com\/#website","url":"https:\/\/milanova-milanova.com\/","name":"Mil\u00e1nova & Mil\u00e1nova","description":"Design with soul. Artisan craftsmanship from Barcelona.","potentialAction":[{"@type":"SearchAction","target":{"@type":"EntryPoint","urlTemplate":"https:\/\/milanova-milanova.com\/?s={search_term_string}"},"query-input":{"@type":"PropertyValueSpecification","valueRequired":true,"valueName":"search_term_string"}}],"inLanguage":"en-US"}]}},"_links":{"self":[{"href":"https:\/\/milanova-milanova.com\/en\/wp-json\/wp\/v2\/pages\/31","targetHints":{"allow":["GET"]}}],"collection":[{"href":"https:\/\/milanova-milanova.com\/en\/wp-json\/wp\/v2\/pages"}],"about":[{"href":"https:\/\/milanova-milanova.com\/en\/wp-json\/wp\/v2\/types\/page"}],"author":[{"embeddable":true,"href":"https:\/\/milanova-milanova.com\/en\/wp-json\/wp\/v2\/users\/1"}],"replies":[{"embeddable":true,"href":"https:\/\/milanova-milanova.com\/en\/wp-json\/wp\/v2\/comments?post=31"}],"version-history":[{"count":10,"href":"https:\/\/milanova-milanova.com\/en\/wp-json\/wp\/v2\/pages\/31\/revisions"}],"predecessor-version":[{"id":1229,"href":"https:\/\/milanova-milanova.com\/en\/wp-json\/wp\/v2\/pages\/31\/revisions\/1229"}],"wp:attachment":[{"href":"https:\/\/milanova-milanova.com\/en\/wp-json\/wp\/v2\/media?parent=31"}],"curies":[{"name":"wp","href":"https:\/\/api.w.org\/{rel}","templated":true}]}}