{"id":218,"date":"2025-07-16T15:56:39","date_gmt":"2025-07-16T13:56:39","guid":{"rendered":"https:\/\/milanova-milanova.com\/?page_id=218"},"modified":"2025-10-15T14:32:20","modified_gmt":"2025-10-15T12:32:20","slug":"lookbook","status":"publish","type":"page","link":"https:\/\/milanova-milanova.com\/en\/lookbook\/","title":{"rendered":"Lookbook"},"content":{"rendered":"<div data-elementor-type=\"wp-page\" data-elementor-id=\"218\" class=\"elementor elementor-218\" data-elementor-post-type=\"page\">\n\t\t\t\t<div class=\"elementor-element elementor-element-ac21a82 e-con-full e-flex elementor-invisible e-con e-child\" data-id=\"ac21a82\" data-element_type=\"container\" data-e-type=\"container\" data-settings=\"{&quot;background_background&quot;:&quot;video&quot;,&quot;animation&quot;:&quot;fadeIn&quot;,&quot;animation_delay&quot;:200,&quot;background_video_link&quot;:&quot;https:\\\/\\\/www.youtube.com\\\/watch?v=JlEPWA5Iz8w&amp;ab_channel=Mil%C3%A1nova%26Mil%C3%A1nova&quot;,&quot;background_video_start&quot;:3}\">\n\t\t<div class=\"elementor-background-video-container elementor-hidden-mobile\">\n\t\t\t\t\t\t\t<div class=\"elementor-background-video-embed\" role=\"presentation\"><\/div>\n\t\t\t\t\t\t<\/div>\t\t<div class=\"elementor-element elementor-element-e5ea0df elementor-widget elementor-widget-heading\" data-id=\"e5ea0df\" data-element_type=\"widget\" data-e-type=\"widget\" data-widget_type=\"heading.default\">\n\t\t\t\t<div class=\"elementor-widget-container\">\n\t\t\t\t\t<h1 class=\"elementor-heading-title elementor-size-default\">Lookbook<\/h1>\t\t\t\t<\/div>\n\t\t\t\t<\/div>\n\t\t\t\t<\/div>\n\t\t<div class=\"elementor-element elementor-element-0b14be2 e-flex e-con-boxed e-con e-parent\" data-id=\"0b14be2\" data-element_type=\"container\" data-e-type=\"container\">\n\t\t\t\t\t<div class=\"e-con-inner\">\n\t\t\t\t<div class=\"elementor-element elementor-element-fc447b1 elementor-widget elementor-widget-heading\" data-id=\"fc447b1\" data-element_type=\"widget\" data-e-type=\"widget\" data-widget_type=\"heading.default\">\n\t\t\t\t<div class=\"elementor-widget-container\">\n\t\t\t\t\t<div class=\"elementor-heading-title elementor-size-default\"> Primavera \/ Verano 2024<\/div>\t\t\t\t<\/div>\n\t\t\t\t<\/div>\n\t\t\t\t<div class=\"elementor-element elementor-element-c926307 elementor-widget elementor-widget-heading\" data-id=\"c926307\" data-element_type=\"widget\" data-e-type=\"widget\" data-widget_type=\"heading.default\">\n\t\t\t\t<div class=\"elementor-widget-container\">\n\t\t\t\t\t<h2 class=\"elementor-heading-title elementor-size-default\">Arte en movimiento, elegancia en cada rinc\u00f3n\n\n<\/h2>\t\t\t\t<\/div>\n\t\t\t\t<\/div>\n\t\t\t\t<div class=\"elementor-element elementor-element-4929ff1 elementor-widget elementor-widget-text-editor\" data-id=\"4929ff1\" data-element_type=\"widget\" data-e-type=\"widget\" data-widget_type=\"text-editor.default\">\n\t\t\t\t<div class=\"elementor-widget-container\">\n\t\t\t\t\t\t\t\t\t<p>Bienvenido al LookBook de Mil\u00e1nova &amp; Mil\u00e1nova. Inspirada en la luz mediterr\u00e1nea, la arquitectura urbana y el esp\u00edritu creativo de Barcelona, esta serie celebra la belleza de la seda en armon\u00eda con su entorno.<br \/><br \/><\/p>\t\t\t\t\t\t\t\t<\/div>\n\t\t\t\t<\/div>\n\t\t\t\t<div class=\"elementor-element elementor-element-0b1723b elementor-widget elementor-widget-gallery\" data-id=\"0b1723b\" data-element_type=\"widget\" data-e-type=\"widget\" data-settings=\"{&quot;columns&quot;:3,&quot;lazyload&quot;:&quot;yes&quot;,&quot;gallery_layout&quot;:&quot;grid&quot;,&quot;columns_tablet&quot;:2,&quot;columns_mobile&quot;:1,&quot;gap&quot;:{&quot;unit&quot;:&quot;px&quot;,&quot;size&quot;:10,&quot;sizes&quot;:[]},&quot;gap_tablet&quot;:{&quot;unit&quot;:&quot;px&quot;,&quot;size&quot;:10,&quot;sizes&quot;:[]},&quot;gap_mobile&quot;:{&quot;unit&quot;:&quot;px&quot;,&quot;size&quot;:10,&quot;sizes&quot;:[]},&quot;link_to&quot;:&quot;file&quot;,&quot;aspect_ratio&quot;:&quot;3:2&quot;,&quot;overlay_background&quot;:&quot;yes&quot;,&quot;content_hover_animation&quot;:&quot;fade-in&quot;}\" data-widget_type=\"gallery.default\">\n\t\t\t\t<div class=\"elementor-widget-container\">\n\t\t\t\t\t\t\t<div class=\"elementor-gallery__container\">\n\t\t\t\t\t\t\t<a class=\"e-gallery-item elementor-gallery-item elementor-animated-content\" href=\"https:\/\/milanova-milanova.com\/wp-content\/uploads\/2025\/08\/IMG_0353.jpg\" data-elementor-open-lightbox=\"yes\" data-elementor-lightbox-slideshow=\"0b1723b\" data-elementor-lightbox-title=\"IMG_0353\" data-elementor-lightbox-description=\"LookBook Estilo Milanova\" data-e-action-hash=\"#elementor-action%3Aaction%3Dlightbox%26settings%3DeyJpZCI6MTA3OSwidXJsIjoiaHR0cHM6XC9cL21pbGFub3ZhLW1pbGFub3ZhLmNvbVwvd3AtY29udGVudFwvdXBsb2Fkc1wvMjAyNVwvMDhcL0lNR18wMzUzLmpwZyIsInNsaWRlc2hvdyI6IjBiMTcyM2IifQ%3D%3D\">\n\t\t\t\t\t<div class=\"e-gallery-image elementor-gallery-item__image\" data-thumbnail=\"https:\/\/milanova-milanova.com\/wp-content\/uploads\/2025\/08\/IMG_0353.jpg\" data-width=\"1969\" data-height=\"1528\" aria-label=\"LookBook Estilo Milanova pa\u00f1uelo de seda silk scarf\" role=\"img\" ><\/div>\n\t\t\t\t\t\t\t\t\t\t\t<div class=\"elementor-gallery-item__overlay\"><\/div>\n\t\t\t\t\t\t\t\t\t\t\t\t\t\t<\/a>\n\t\t\t\t\t\t\t<a class=\"e-gallery-item elementor-gallery-item elementor-animated-content\" href=\"https:\/\/milanova-milanova.com\/wp-content\/uploads\/2025\/08\/IMG-3c929bc869e171d0193a5b8179d70406-V.jpg\" data-elementor-open-lightbox=\"yes\" data-elementor-lightbox-slideshow=\"0b1723b\" data-elementor-lightbox-title=\"Pa\u00f1uelo de seda Berries\" data-elementor-lightbox-description=\"Pa\u00f1uelo de seda Berries\" data-e-action-hash=\"#elementor-action%3Aaction%3Dlightbox%26settings%3DeyJpZCI6MTA3OCwidXJsIjoiaHR0cHM6XC9cL21pbGFub3ZhLW1pbGFub3ZhLmNvbVwvd3AtY29udGVudFwvdXBsb2Fkc1wvMjAyNVwvMDhcL0lNRy0zYzkyOWJjODY5ZTE3MWQwMTkzYTViODE3OWQ3MDQwNi1WLmpwZyIsInNsaWRlc2hvdyI6IjBiMTcyM2IifQ%3D%3D\">\n\t\t\t\t\t<div class=\"e-gallery-image elementor-gallery-item__image\" data-thumbnail=\"https:\/\/milanova-milanova.com\/wp-content\/uploads\/2025\/08\/IMG-3c929bc869e171d0193a5b8179d70406-V.jpg\" data-width=\"1800\" data-height=\"1350\" aria-label=\"Pa\u00f1uelo de seda Berries\" role=\"img\" ><\/div>\n\t\t\t\t\t\t\t\t\t\t\t<div class=\"elementor-gallery-item__overlay\"><\/div>\n\t\t\t\t\t\t\t\t\t\t\t\t\t\t<\/a>\n\t\t\t\t\t\t\t<a class=\"e-gallery-item elementor-gallery-item elementor-animated-content\" href=\"https:\/\/milanova-milanova.com\/wp-content\/uploads\/2025\/08\/Ilianka_gotina-snika_pinterest-scaled.jpg\" data-elementor-open-lightbox=\"yes\" data-elementor-lightbox-slideshow=\"0b1723b\" data-elementor-lightbox-title=\"LookBook Estiloa Milanova\" data-elementor-lightbox-description=\"LookBook Estiloa Milanova\" data-e-action-hash=\"#elementor-action%3Aaction%3Dlightbox%26settings%3DeyJpZCI6MTA3NywidXJsIjoiaHR0cHM6XC9cL21pbGFub3ZhLW1pbGFub3ZhLmNvbVwvd3AtY29udGVudFwvdXBsb2Fkc1wvMjAyNVwvMDhcL0lsaWFua2FfZ290aW5hLXNuaWthX3BpbnRlcmVzdC1zY2FsZWQuanBnIiwic2xpZGVzaG93IjoiMGIxNzIzYiJ9\">\n\t\t\t\t\t<div class=\"e-gallery-image elementor-gallery-item__image\" data-thumbnail=\"https:\/\/milanova-milanova.com\/wp-content\/uploads\/2025\/08\/Ilianka_gotina-snika_pinterest-scaled.jpg\" data-width=\"1768\" data-height=\"2560\" aria-label=\"LookBook Estiloa Milanova\" role=\"img\" ><\/div>\n\t\t\t\t\t\t\t\t\t\t\t<div class=\"elementor-gallery-item__overlay\"><\/div>\n\t\t\t\t\t\t\t\t\t\t\t\t\t\t<\/a>\n\t\t\t\t\t\t\t<a class=\"e-gallery-item elementor-gallery-item elementor-animated-content\" href=\"https:\/\/milanova-milanova.com\/wp-content\/uploads\/2025\/08\/DSC_0051.jpg\" data-elementor-open-lightbox=\"yes\" data-elementor-lightbox-slideshow=\"0b1723b\" data-elementor-lightbox-title=\"\u041f\u043e\u043b\u0430 Falda Skirt\" data-elementor-lightbox-description=\"\u041f\u043e\u043b\u0430 Falda Skirt\" data-e-action-hash=\"#elementor-action%3Aaction%3Dlightbox%26settings%3DeyJpZCI6MTA3MSwidXJsIjoiaHR0cHM6XC9cL21pbGFub3ZhLW1pbGFub3ZhLmNvbVwvd3AtY29udGVudFwvdXBsb2Fkc1wvMjAyNVwvMDhcL0RTQ18wMDUxLmpwZyIsInNsaWRlc2hvdyI6IjBiMTcyM2IifQ%3D%3D\">\n\t\t\t\t\t<div class=\"e-gallery-image elementor-gallery-item__image\" data-thumbnail=\"https:\/\/milanova-milanova.com\/wp-content\/uploads\/2025\/08\/DSC_0051.jpg\" data-width=\"1969\" data-height=\"1866\" aria-label=\"\u041f\u043e\u043b\u0430 Falda Skirt Milanova Clothes Collection Designer barcelona Spain\" role=\"img\" ><\/div>\n\t\t\t\t\t\t\t\t\t\t\t<div class=\"elementor-gallery-item__overlay\"><\/div>\n\t\t\t\t\t\t\t\t\t\t\t\t\t\t<\/a>\n\t\t\t\t\t\t\t<a class=\"e-gallery-item elementor-gallery-item elementor-animated-content\" href=\"https:\/\/milanova-milanova.com\/wp-content\/uploads\/2025\/08\/Screenshot-2025-08-30-at-13.47.31.png\" data-elementor-open-lightbox=\"yes\" data-elementor-lightbox-slideshow=\"0b1723b\" data-elementor-lightbox-title=\"Artes\u00e1nia\" data-elementor-lightbox-description=\"Artes\u00e1nia\" data-e-action-hash=\"#elementor-action%3Aaction%3Dlightbox%26settings%3DeyJpZCI6MTIwOCwidXJsIjoiaHR0cHM6XC9cL21pbGFub3ZhLW1pbGFub3ZhLmNvbVwvd3AtY29udGVudFwvdXBsb2Fkc1wvMjAyNVwvMDhcL1NjcmVlbnNob3QtMjAyNS0wOC0zMC1hdC0xMy40Ny4zMS5wbmciLCJzbGlkZXNob3ciOiIwYjE3MjNiIn0%3D\">\n\t\t\t\t\t<div class=\"e-gallery-image elementor-gallery-item__image\" data-thumbnail=\"https:\/\/milanova-milanova.com\/wp-content\/uploads\/2025\/08\/Screenshot-2025-08-30-at-13.47.31.png\" data-width=\"1456\" data-height=\"814\" aria-label=\"LookBook Pa\u00f1uelo de seda Berries\" role=\"img\" ><\/div>\n\t\t\t\t\t\t\t\t\t\t\t<div class=\"elementor-gallery-item__overlay\"><\/div>\n\t\t\t\t\t\t\t\t\t\t\t\t\t\t<\/a>\n\t\t\t\t\t\t\t<a class=\"e-gallery-item elementor-gallery-item elementor-animated-content\" href=\"https:\/\/milanova-milanova.com\/wp-content\/uploads\/2025\/08\/jggiugiugp.jpg\" data-elementor-open-lightbox=\"yes\" data-elementor-lightbox-slideshow=\"0b1723b\" data-elementor-lightbox-title=\"jggiugiugp\" data-e-action-hash=\"#elementor-action%3Aaction%3Dlightbox%26settings%3DeyJpZCI6MTExMSwidXJsIjoiaHR0cHM6XC9cL21pbGFub3ZhLW1pbGFub3ZhLmNvbVwvd3AtY29udGVudFwvdXBsb2Fkc1wvMjAyNVwvMDhcL2pnZ2l1Z2l1Z3AuanBnIiwic2xpZGVzaG93IjoiMGIxNzIzYiJ9\">\n\t\t\t\t\t<div class=\"e-gallery-image elementor-gallery-item__image\" data-thumbnail=\"https:\/\/milanova-milanova.com\/wp-content\/uploads\/2025\/08\/jggiugiugp.jpg\" data-width=\"1322\" data-height=\"1350\" aria-label=\"Lana cool wool trousers pantalones\" role=\"img\" ><\/div>\n\t\t\t\t\t\t\t\t\t\t\t<div class=\"elementor-gallery-item__overlay\"><\/div>\n\t\t\t\t\t\t\t\t\t\t\t\t\t\t<\/a>\n\t\t\t\t\t<\/div>\n\t\t\t\t\t<\/div>\n\t\t\t\t<\/div>\n\t\t\t\t\t<\/div>\n\t\t\t\t<\/div>\n\t\t\t\t<\/div>","protected":false},"excerpt":{"rendered":"<p>Primavera \/ Verano 2024 Arte en movimiento, elegancia en cada rinc\u00f3n Bienvenido al LookBook de Mil\u00e1nova &amp; Mil\u00e1nova. Inspirada en la luz mediterr\u00e1nea, la arquitectura urbana y el esp\u00edritu creativo de Barcelona, esta serie celebra la belleza de la seda en armon\u00eda con su entorno.<\/p>","protected":false},"author":1,"featured_media":0,"parent":0,"menu_order":0,"comment_status":"closed","ping_status":"closed","template":"","meta":{"footnotes":""},"class_list":["post-218","page","type-page","status-publish","hentry"],"yoast_head":"<!-- This site is optimized with the Yoast SEO plugin v27.0 - https:\/\/yoast.com\/product\/yoast-seo-wordpress\/ -->\n<title>Lookbook - Mil\u00e1nova &amp; Mil\u00e1nova<\/title>\n<meta name=\"robots\" content=\"index, follow, max-snippet:-1, max-image-preview:large, max-video-preview:-1\" \/>\n<link rel=\"canonical\" href=\"https:\/\/milanova-milanova.com\/en\/lookbook\/\" \/>\n<meta property=\"og:locale\" content=\"en_US\" \/>\n<meta property=\"og:type\" content=\"article\" \/>\n<meta property=\"og:title\" content=\"Lookbook - Mil\u00e1nova &amp; Mil\u00e1nova\" \/>\n<meta property=\"og:description\" content=\"Primavera \/ Verano 2024 Arte en movimiento, elegancia en cada rinc\u00f3n Bienvenido al LookBook de Mil\u00e1nova &amp; Mil\u00e1nova. Inspirada en la luz mediterr\u00e1nea, la arquitectura urbana y el esp\u00edritu creativo de Barcelona, esta serie celebra la belleza de la seda en armon\u00eda con su entorno.\" \/>\n<meta property=\"og:url\" content=\"https:\/\/milanova-milanova.com\/en\/lookbook\/\" \/>\n<meta property=\"og:site_name\" content=\"Mil\u00e1nova &amp; Mil\u00e1nova\" \/>\n<meta property=\"article:modified_time\" content=\"2025-10-15T12:32:20+00:00\" \/>\n<meta name=\"twitter:card\" content=\"summary_large_image\" \/>\n<meta name=\"twitter:label1\" content=\"Est. reading time\" \/>\n\t<meta name=\"twitter:data1\" content=\"1 minute\" \/>\n<script type=\"application\/ld+json\" class=\"yoast-schema-graph\">{\"@context\":\"https:\/\/schema.org\",\"@graph\":[{\"@type\":\"WebPage\",\"@id\":\"https:\/\/milanova-milanova.com\/lookbook\/\",\"url\":\"https:\/\/milanova-milanova.com\/lookbook\/\",\"name\":\"Lookbook - Mil\u00e1nova &amp; Mil\u00e1nova\",\"isPartOf\":{\"@id\":\"https:\/\/milanova-milanova.com\/#website\"},\"datePublished\":\"2025-07-16T13:56:39+00:00\",\"dateModified\":\"2025-10-15T12:32:20+00:00\",\"breadcrumb\":{\"@id\":\"https:\/\/milanova-milanova.com\/lookbook\/#breadcrumb\"},\"inLanguage\":\"en-US\",\"potentialAction\":[{\"@type\":\"ReadAction\",\"target\":[\"https:\/\/milanova-milanova.com\/lookbook\/\"]}]},{\"@type\":\"BreadcrumbList\",\"@id\":\"https:\/\/milanova-milanova.com\/lookbook\/#breadcrumb\",\"itemListElement\":[{\"@type\":\"ListItem\",\"position\":1,\"name\":\"Portada\",\"item\":\"https:\/\/milanova-milanova.com\/\"},{\"@type\":\"ListItem\",\"position\":2,\"name\":\"Lookbook\"}]},{\"@type\":\"WebSite\",\"@id\":\"https:\/\/milanova-milanova.com\/#website\",\"url\":\"https:\/\/milanova-milanova.com\/\",\"name\":\"Mil\u00e1nova & Mil\u00e1nova\",\"description\":\"Dise\u00f1o con alma. Artesan\u00eda hecha en Barcelona.\",\"potentialAction\":[{\"@type\":\"SearchAction\",\"target\":{\"@type\":\"EntryPoint\",\"urlTemplate\":\"https:\/\/milanova-milanova.com\/?s={search_term_string}\"},\"query-input\":{\"@type\":\"PropertyValueSpecification\",\"valueRequired\":true,\"valueName\":\"search_term_string\"}}],\"inLanguage\":\"en-US\"}]}<\/script>\n<!-- \/ Yoast SEO plugin. -->","yoast_head_json":{"title":"Lookbook - Mil\u00e1nova &amp; Mil\u00e1nova","robots":{"index":"index","follow":"follow","max-snippet":"max-snippet:-1","max-image-preview":"max-image-preview:large","max-video-preview":"max-video-preview:-1"},"canonical":"https:\/\/milanova-milanova.com\/en\/lookbook\/","og_locale":"en_US","og_type":"article","og_title":"Lookbook - Mil\u00e1nova &amp; Mil\u00e1nova","og_description":"Primavera \/ Verano 2024 Arte en movimiento, elegancia en cada rinc\u00f3n Bienvenido al LookBook de Mil\u00e1nova &amp; Mil\u00e1nova. Inspirada en la luz mediterr\u00e1nea, la arquitectura urbana y el esp\u00edritu creativo de Barcelona, esta serie celebra la belleza de la seda en armon\u00eda con su entorno.","og_url":"https:\/\/milanova-milanova.com\/en\/lookbook\/","og_site_name":"Mil\u00e1nova &amp; Mil\u00e1nova","article_modified_time":"2025-10-15T12:32:20+00:00","twitter_card":"summary_large_image","twitter_misc":{"Est. reading time":"1 minute"},"schema":{"@context":"https:\/\/schema.org","@graph":[{"@type":"WebPage","@id":"https:\/\/milanova-milanova.com\/lookbook\/","url":"https:\/\/milanova-milanova.com\/lookbook\/","name":"Lookbook - Mil\u00e1nova &amp; Mil\u00e1nova","isPartOf":{"@id":"https:\/\/milanova-milanova.com\/#website"},"datePublished":"2025-07-16T13:56:39+00:00","dateModified":"2025-10-15T12:32:20+00:00","breadcrumb":{"@id":"https:\/\/milanova-milanova.com\/lookbook\/#breadcrumb"},"inLanguage":"en-US","potentialAction":[{"@type":"ReadAction","target":["https:\/\/milanova-milanova.com\/lookbook\/"]}]},{"@type":"BreadcrumbList","@id":"https:\/\/milanova-milanova.com\/lookbook\/#breadcrumb","itemListElement":[{"@type":"ListItem","position":1,"name":"Portada","item":"https:\/\/milanova-milanova.com\/"},{"@type":"ListItem","position":2,"name":"Lookbook"}]},{"@type":"WebSite","@id":"https:\/\/milanova-milanova.com\/#website","url":"https:\/\/milanova-milanova.com\/","name":"Mil\u00e1nova & Mil\u00e1nova","description":"Design with soul. Artisan craftsmanship from Barcelona.","potentialAction":[{"@type":"SearchAction","target":{"@type":"EntryPoint","urlTemplate":"https:\/\/milanova-milanova.com\/?s={search_term_string}"},"query-input":{"@type":"PropertyValueSpecification","valueRequired":true,"valueName":"search_term_string"}}],"inLanguage":"en-US"}]}},"_links":{"self":[{"href":"https:\/\/milanova-milanova.com\/en\/wp-json\/wp\/v2\/pages\/218","targetHints":{"allow":["GET"]}}],"collection":[{"href":"https:\/\/milanova-milanova.com\/en\/wp-json\/wp\/v2\/pages"}],"about":[{"href":"https:\/\/milanova-milanova.com\/en\/wp-json\/wp\/v2\/types\/page"}],"author":[{"embeddable":true,"href":"https:\/\/milanova-milanova.com\/en\/wp-json\/wp\/v2\/users\/1"}],"replies":[{"embeddable":true,"href":"https:\/\/milanova-milanova.com\/en\/wp-json\/wp\/v2\/comments?post=218"}],"version-history":[{"count":22,"href":"https:\/\/milanova-milanova.com\/en\/wp-json\/wp\/v2\/pages\/218\/revisions"}],"predecessor-version":[{"id":1397,"href":"https:\/\/milanova-milanova.com\/en\/wp-json\/wp\/v2\/pages\/218\/revisions\/1397"}],"wp:attachment":[{"href":"https:\/\/milanova-milanova.com\/en\/wp-json\/wp\/v2\/media?parent=218"}],"curies":[{"name":"wp","href":"https:\/\/api.w.org\/{rel}","templated":true}]}}